{"id":13214,"date":"2020-05-31T13:44:08","date_gmt":"2020-05-31T13:44:08","guid":{"rendered":"http:\/\/www.ademhavvaclinic.com\/boyun-gerdirme\/"},"modified":"2023-06-22T07:53:19","modified_gmt":"2023-06-22T07:53:19","slug":"boyun-gerdirme","status":"publish","type":"page","link":"https:\/\/www.ademhavva.com.tr\/tr\/boyun-gerdirme\/","title":{"rendered":"Boyun Gerdirme"},"content":{"rendered":"<p>Ya\u015flanma ile birlikte, bir\u00e7ok insan\u0131n cildi elastikiyetini yitirir, kaslar gev\u015fer, ciltteki ya\u011f ve doku kendisini g\u00f6stermeye ba\u015flar. Boyun, ya\u015flanma belirtileri g\u00f6steren ilk b\u00f6lgelerden birisi olup boyun gerdirme operasyonu, ya\u011f, elastikiyetini kaybetmi\u015f cilt ve derin k\u0131r\u0131\u015f\u0131kl\u0131k etkilerini gidermeyi ama\u00e7layan devrim niteli\u011finde say\u0131lan bir y\u00fcz ve boyun cerrahisidir.<\/p>\n","protected":false},"excerpt":{"rendered":"<p>Ya\u015flanma ile birlikte, bir\u00e7ok insan\u0131n cildi elastikiyetini yitirir, kaslar gev\u015fer, ciltteki ya\u011f ve doku kendisini g\u00f6stermeye ba\u015flar. Boyun, ya\u015flanma belirtileri g\u00f6steren ilk b\u00f6lgelerden birisi olup boyun gerdirme operasyonu, ya\u011f, elastikiyetini kaybetmi\u015f cilt ve derin k\u0131r\u0131\u015f\u0131kl\u0131k etkilerini gidermeyi ama\u00e7layan devrim niteli\u011finde say\u0131lan bir y\u00fcz ve boyun cerrahisidir.<\/p>\n","protected":false},"author":5,"featured_media":0,"parent":0,"menu_order":0,"comment_status":"closed","ping_status":"closed","template":"","meta":{"ngg_post_thumbnail":0},"yst_prominent_words":[],"_links":{"self":[{"href":"https:\/\/www.ademhavva.com.tr\/tr\/wp-json\/wp\/v2\/pages\/13214"}],"collection":[{"href":"https:\/\/www.ademhavva.com.tr\/tr\/wp-json\/wp\/v2\/pages"}],"about":[{"href":"https:\/\/www.ademhavva.com.tr\/tr\/wp-json\/wp\/v2\/types\/page"}],"author":[{"embeddable":true,"href":"https:\/\/www.ademhavva.com.tr\/tr\/wp-json\/wp\/v2\/users\/5"}],"replies":[{"embeddable":true,"href":"https:\/\/www.ademhavva.com.tr\/tr\/wp-json\/wp\/v2\/comments?post=13214"}],"version-history":[{"count":1,"href":"https:\/\/www.ademhavva.com.tr\/tr\/wp-json\/wp\/v2\/pages\/13214\/revisions"}],"predecessor-version":[{"id":16336,"href":"https:\/\/www.ademhavva.com.tr\/tr\/wp-json\/wp\/v2\/pages\/13214\/revisions\/16336"}],"wp:attachment":[{"href":"https:\/\/www.ademhavva.com.tr\/tr\/wp-json\/wp\/v2\/media?parent=13214"}],"wp:term":[{"taxonomy":"yst_prominent_words","embeddable":true,"href":"https:\/\/www.ademhavva.com.tr\/tr\/wp-json\/wp\/v2\/yst_prominent_words?post=13214"}],"curies":[{"name":"wp","href":"https:\/\/api.w.org\/{rel}","templated":true}]}}