{"id":13201,"date":"2020-05-31T13:13:24","date_gmt":"2020-05-31T13:13:24","guid":{"rendered":"http:\/\/www.ademhavvaclinic.com\/saglik-turizmi\/"},"modified":"2023-06-22T08:08:21","modified_gmt":"2023-06-22T08:08:21","slug":"saglik-turizmi","status":"publish","type":"page","link":"https:\/\/www.ademhavva.com.tr\/tr\/saglik-turizmi\/","title":{"rendered":"Sa\u011fl\u0131k Turizmi"},"content":{"rendered":"\t\t<div data-elementor-type=\"wp-post\" data-elementor-id=\"13201\" class=\"elementor elementor-13201 elementor-319\" data-elementor-settings=\"[]\">\n\t\t\t\t\t\t<div class=\"elementor-inner\">\n\t\t\t\t\t\t\t<div class=\"elementor-section-wrap\">\n\t\t\t\t\t\t\t<section class=\"elementor-section elementor-top-section elementor-element elementor-element-e57fb3d elementor-section-boxed elementor-section-height-default elementor-section-height-default default-style\" data-id=\"e57fb3d\" data-element_type=\"section\" data-settings=\"{&quot;rt_color_sets&quot;:&quot;default-style&quot;}\">\n\t\t\t\t\t\t<div class=\"elementor-container elementor-column-gap-default\">\n\t\t\t\t\t\t\t<div class=\"elementor-row\">\n\t\t\t\t\t<div class=\"elementor-column elementor-col-100 elementor-top-column elementor-element elementor-element-aff8165\" data-id=\"aff8165\" data-element_type=\"column\">\n\t\t\t<div class=\"elementor-column-wrap elementor-element-populated\">\n\t\t\t\t\t\t\t<div class=\"elementor-widget-wrap\">\n\t\t\t\t\t\t<div class=\"elementor-element elementor-element-bf7fdab elementor-widget-divider--view-line elementor-widget elementor-widget-divider\" data-id=\"bf7fdab\" data-element_type=\"widget\" data-widget_type=\"divider.default\">\n\t\t\t\t<div class=\"elementor-widget-container\">\n\t\t\t\t\t<div class=\"elementor-divider\">\n\t\t\t<span class=\"elementor-divider-separator\">\n\t\t\t\t\t\t<\/span>\n\t\t<\/div>\n\t\t\t\t<\/div>\n\t\t\t\t<\/div>\n\t\t\t\t\t\t<\/div>\n\t\t\t\t\t<\/div>\n\t\t<\/div>\n\t\t\t\t\t\t\t\t<\/div>\n\t\t\t\t\t<\/div>\n\t\t<\/section>\n\t\t\t\t<section class=\"elementor-section elementor-top-section elementor-element elementor-element-8f7b7ac elementor-section-boxed elementor-section-height-default elementor-section-height-default default-style\" data-id=\"8f7b7ac\" data-element_type=\"section\" data-settings=\"{&quot;rt_color_sets&quot;:&quot;default-style&quot;}\">\n\t\t\t\t\t\t<div class=\"elementor-container elementor-column-gap-default\">\n\t\t\t\t\t\t\t<div class=\"elementor-row\">\n\t\t\t\t\t<div class=\"elementor-column elementor-col-100 elementor-top-column elementor-element elementor-element-02c4e03\" data-id=\"02c4e03\" data-element_type=\"column\">\n\t\t\t<div class=\"elementor-column-wrap elementor-element-populated\">\n\t\t\t\t\t\t\t<div class=\"elementor-widget-wrap\">\n\t\t\t\t\t\t<div class=\"elementor-element elementor-element-751c65c elementor-widget elementor-widget-heading\" data-id=\"751c65c\" data-element_type=\"widget\" data-widget_type=\"heading.default\">\n\t\t\t\t<div class=\"elementor-widget-container\">\n\t\t\t<h5 class=\"elementor-heading-title elementor-size-default\">Sa\u011fl\u0131k Turizmi<\/h5>\t\t<\/div>\n\t\t\t\t<\/div>\n\t\t\t\t\t\t<\/div>\n\t\t\t\t\t<\/div>\n\t\t<\/div>\n\t\t\t\t\t\t\t\t<\/div>\n\t\t\t\t\t<\/div>\n\t\t<\/section>\n\t\t\t\t<section class=\"elementor-section elementor-top-section elementor-element elementor-element-3c730e0 elementor-section-boxed elementor-section-height-default elementor-section-height-default default-style\" data-id=\"3c730e0\" data-element_type=\"section\" data-settings=\"{&quot;rt_color_sets&quot;:&quot;default-style&quot;}\">\n\t\t\t\t\t\t<div class=\"elementor-container elementor-column-gap-default\">\n\t\t\t\t\t\t\t<div class=\"elementor-row\">\n\t\t\t\t\t<div class=\"elementor-column elementor-col-100 elementor-top-column elementor-element elementor-element-b3f6300\" data-id=\"b3f6300\" data-element_type=\"column\">\n\t\t\t<div class=\"elementor-column-wrap\">\n\t\t\t\t\t\t\t<div class=\"elementor-widget-wrap\">\n\t\t\t\t\t\t\t\t<\/div>\n\t\t\t\t\t<\/div>\n\t\t<\/div>\n\t\t\t\t\t\t\t\t<\/div>\n\t\t\t\t\t<\/div>\n\t\t<\/section>\n\t\t\t\t<section class=\"elementor-section elementor-top-section elementor-element elementor-element-0ad7729 elementor-section-boxed elementor-section-height-default elementor-section-height-default default-style\" data-id=\"0ad7729\" data-element_type=\"section\" data-settings=\"{&quot;rt_color_sets&quot;:&quot;default-style&quot;}\">\n\t\t\t\t\t\t<div class=\"elementor-container elementor-column-gap-default\">\n\t\t\t\t\t\t\t<div class=\"elementor-row\">\n\t\t\t\t\t<div class=\"elementor-column elementor-col-100 elementor-top-column elementor-element elementor-element-4c26628\" data-id=\"4c26628\" data-element_type=\"column\">\n\t\t\t<div class=\"elementor-column-wrap elementor-element-populated\">\n\t\t\t\t\t\t\t<div class=\"elementor-widget-wrap\">\n\t\t\t\t\t\t<div class=\"elementor-element elementor-element-52d9e13 elementor-widget elementor-widget-text-editor\" data-id=\"52d9e13\" data-element_type=\"widget\" data-widget_type=\"text-editor.default\">\n\t\t\t\t<div class=\"elementor-widget-container\">\n\t\t\t\t\t\t\t\t<div class=\"elementor-text-editor elementor-clearfix\">\n\t\t\t\t<p>Sa\u011fl\u0131k Turizminin Yeni Y\u0131ld\u0131z\u0131 T\u00fcrkiye<\/p>\n<p>T\u00fcrkiye 39.226.226 ziyaret\u00e7i ile her y\u0131l d\u00fcnyan\u0131n en \u00e7ok turist \u00e7eken 6. \u00fclkesi konumundad\u0131r T\u00fcrkiye, y\u0131llar i\u00e7erisinde \u00f6nemli turizm at\u0131l\u0131mlar\u0131 yapan, her ge\u00e7en y\u0131l turizm kapasitesini ve kalitesini artt\u0131ran misafirperverlik y\u00f6netimi anlam\u0131nda uluslararas\u0131 bir \u00fcne sahiptir. Turizmin yeni ve g\u00f6zde dallar\u0131ndan biri olan sa\u011fl\u0131k turizmine yapt\u0131\u011f\u0131 i\u00e7 ve d\u0131\u015f yat\u0131r\u0131mlar ile kaliteli hizmet ba\u011flam\u0131nda birinci s\u0131n\u0131f tesislerin kurulmas\u0131na arac\u0131l\u0131k etmi\u015ftir.<\/p>\n<h1>G\u00fcn\u00fcm\u00fczde T\u00fcrkiye&#8217;de Sa\u011fl\u0131k Turizmi<\/h1>\n<p>T\u00fcrkiye&#8217;de sa\u011fl\u0131k turizmi farkl\u0131 beklentilere s\u0131n\u0131rs\u0131z se\u00e7enekler sunmaktad\u0131r. D\u00fcnyaca tan\u0131nm\u0131\u015f 5 y\u0131ld\u0131zl\u0131 oteller, butik oteller, hosteller \u00e7ok say\u0131da farkl\u0131 se\u00e7enek ile tarih ve do\u011fa harikalar\u0131yla b\u00fct\u00fcnle\u015ferek ziyaret\u00e7ilere unutulmaz bir tatil sunmay\u0131 ama\u00e7lamaktad\u0131r. Sa\u011fl\u0131k vadeden termal tesisleri, el de\u011fmemi\u015f plajlar\u0131, imparatorluklar\u0131n miras\u0131n\u0131 ta\u015f\u0131yan tarihi g\u00fczellikleri, modern metropolleri ile T\u00fcrkiye sa\u011fl\u0131k ve turizmi ba\u015far\u0131yla olu\u015fturmaktad\u0131r. D\u00fcnyaca \u00fcnl\u00fc l\u00fcks oteller, T\u00fcrk misafirperverli\u011fi ile sunulan hizmetler ile birlikte uluslararas\u0131 standartlarda sa\u011fl\u0131k ve konaklama tesisleri ziyaret\u00e7ilerine tedavilerini en rahat ko\u015fullarda ge\u00e7irmek amac\u0131yla hizmet sunmay\u0131 ama\u00e7lamaktad\u0131r.<\/p>\n<p>Tedavi ve tatil. \u0130kisi bir arada!<\/p>\n<p>Sa\u011fl\u0131k turizmi i\u00e7in T\u00fcrkiye&#8217;ye gelenler, uluslararas\u0131 standartlarda deneyime sahip hekimler taraf\u0131ndan t\u0131bbi cihazlar kullan\u0131larak tedavi edilme \u015fans\u0131n\u0131 bulmaktad\u0131r. Ayr\u0131ca sa\u011fl\u0131k merkezlerine yak\u0131n konaklama hizmeti ile konuklar, do\u011fal g\u00fczelliklerin ve \u015fehir hayat\u0131n\u0131n tad\u0131n\u0131 \u00e7\u0131karma f\u0131rsat\u0131 yakalamaktad\u0131r.<\/p>\n<p>&nbsp;<\/p>\n<p>T\u00fcrkiye, 51 adet JCI Akredite sertifikal\u0131 hastanesi ile d\u00fcnya \u00e7a\u011f\u0131nda ilk s\u0131rada bulunmaktad\u0131r. 1200&#8217;den fazla devlet ve \u00f6zel hastanesi ile hastalara olduk\u00e7a b\u00fcy\u00fck bir se\u00e7enek sunulmaktad\u0131r. \u00d6zel sa\u011fl\u0131k hizmeti sunan kurulu\u015flar\u0131n 300&#8217;\u00fc uluslararas\u0131 sa\u011fl\u0131k merkezleri ile yak\u0131ndan ili\u015fkilidir. Bu ba\u011flant\u0131lar aras\u0131nda Harvard Medical International, Johns Hopkins, Mayo Clinic, Memorial Sloan-Kettering ve New York Presbyterian gibi sa\u011fl\u0131k kurulu\u015flar\u0131 yer almaktad\u0131r.<\/p>\n<p>Organ nakli, genetik testler, beyin cerrahisi, g\u00f6z (d\u00fcnyan\u0131n en b\u00fcy\u00fck g\u00f6z klini\u011fi a\u011f\u0131 \u0130stanbul&#8217;dad\u0131r), kardiyoloji, ortopedi, plastik cerrahi ve di\u015f sa\u011fl\u0131\u011f\u0131 turizmi alanlar\u0131nda elde edilen \u00f6nemli ba\u015far\u0131lar T\u00fcrkiye&#8217;yi \u00f6n plana \u00e7\u0131karmaktad\u0131r. Sa\u011fl\u0131kl\u0131 ya\u015fam merkezleri, do\u011fal kapl\u0131ca tesisleri ve \u00e7amur banyolar\u0131 ile T\u00fcrkiye, \u00fclkeye yakla\u015f\u0131k yar\u0131m milyon turisti \u00e7eken bir cazibe merkezidir.<\/p>\n\t\t\t\t\t<\/div>\n\t\t\t\t\t\t<\/div>\n\t\t\t\t<\/div>\n\t\t\t\t\t\t<\/div>\n\t\t\t\t\t<\/div>\n\t\t<\/div>\n\t\t\t\t\t\t\t\t<\/div>\n\t\t\t\t\t<\/div>\n\t\t<\/section>\n\t\t\t\t\t\t<\/div>\n\t\t\t\t\t\t<\/div>\n\t\t\t\t\t<\/div>\n\t\t","protected":false},"excerpt":{"rendered":"<p>Sa\u011fl\u0131k Turizmi Sa\u011fl\u0131k Turizminin Yeni Y\u0131ld\u0131z\u0131 T\u00fcrkiye T\u00fcrkiye 39.226.226 ziyaret\u00e7i ile her y\u0131l d\u00fcnyan\u0131n en \u00e7ok turist \u00e7eken 6. \u00fclkesi konumundad\u0131r T\u00fcrkiye, y\u0131llar i\u00e7erisinde \u00f6nemli turizm at\u0131l\u0131mlar\u0131 yapan, her ge\u00e7en y\u0131l turizm kapasitesini ve kalitesini artt\u0131ran misafirperverlik y\u00f6netimi anlam\u0131nda uluslararas\u0131 bir \u00fcne sahiptir. Turizmin yeni ve g\u00f6zde dallar\u0131ndan biri olan sa\u011fl\u0131k turizmine yapt\u0131\u011f\u0131 i\u00e7 ve [&hellip;]<\/p>\n","protected":false},"author":5,"featured_media":0,"parent":0,"menu_order":0,"comment_status":"closed","ping_status":"closed","template":"","meta":{"ngg_post_thumbnail":0},"yst_prominent_words":[],"_links":{"self":[{"href":"https:\/\/www.ademhavva.com.tr\/tr\/wp-json\/wp\/v2\/pages\/13201"}],"collection":[{"href":"https:\/\/www.ademhavva.com.tr\/tr\/wp-json\/wp\/v2\/pages"}],"about":[{"href":"https:\/\/www.ademhavva.com.tr\/tr\/wp-json\/wp\/v2\/types\/page"}],"author":[{"embeddable":true,"href":"https:\/\/www.ademhavva.com.tr\/tr\/wp-json\/wp\/v2\/users\/5"}],"replies":[{"embeddable":true,"href":"https:\/\/www.ademhavva.com.tr\/tr\/wp-json\/wp\/v2\/comments?post=13201"}],"version-history":[{"count":1,"href":"https:\/\/www.ademhavva.com.tr\/tr\/wp-json\/wp\/v2\/pages\/13201\/revisions"}],"predecessor-version":[{"id":16346,"href":"https:\/\/www.ademhavva.com.tr\/tr\/wp-json\/wp\/v2\/pages\/13201\/revisions\/16346"}],"wp:attachment":[{"href":"https:\/\/www.ademhavva.com.tr\/tr\/wp-json\/wp\/v2\/media?parent=13201"}],"wp:term":[{"taxonomy":"yst_prominent_words","embeddable":true,"href":"https:\/\/www.ademhavva.com.tr\/tr\/wp-json\/wp\/v2\/yst_prominent_words?post=13201"}],"curies":[{"name":"wp","href":"https:\/\/api.w.org\/{rel}","templated":true}]}}