{"id":13195,"date":"2020-05-31T13:02:09","date_gmt":"2020-05-31T13:02:09","guid":{"rendered":"http:\/\/www.ademhavvaclinic.com\/yuz-gerdirme\/"},"modified":"2023-06-22T08:09:08","modified_gmt":"2023-06-22T08:09:08","slug":"yuz-gerdirme","status":"publish","type":"page","link":"https:\/\/www.ademhavva.com.tr\/tr\/yuz-gerdirme\/","title":{"rendered":"Y\u00fcz Gerdirme"},"content":{"rendered":"\t\t<div data-elementor-type=\"wp-post\" data-elementor-id=\"13195\" class=\"elementor elementor-13195 elementor-6946 elementor-bc-flex-widget\" data-elementor-settings=\"[]\">\n\t\t\t\t\t\t<div class=\"elementor-inner\">\n\t\t\t\t\t\t\t<div class=\"elementor-section-wrap\">\n\t\t\t\t\t\t\t<section class=\"elementor-section elementor-top-section elementor-element elementor-element-f40f521 elementor-section-boxed elementor-section-height-default elementor-section-height-default default-style\" data-id=\"f40f521\" data-element_type=\"section\" data-settings=\"{&quot;rt_color_sets&quot;:&quot;default-style&quot;}\">\n\t\t\t\t\t\t<div class=\"elementor-container elementor-column-gap-default\">\n\t\t\t\t\t\t\t<div class=\"elementor-row\">\n\t\t\t\t\t<div class=\"elementor-column elementor-col-100 elementor-top-column elementor-element elementor-element-07b3169\" data-id=\"07b3169\" data-element_type=\"column\">\n\t\t\t<div class=\"elementor-column-wrap elementor-element-populated\">\n\t\t\t\t\t\t\t<div class=\"elementor-widget-wrap\">\n\t\t\t\t\t\t<div class=\"elementor-element elementor-element-163967c elementor-widget-divider--view-line elementor-widget elementor-widget-divider\" data-id=\"163967c\" data-element_type=\"widget\" data-widget_type=\"divider.default\">\n\t\t\t\t<div class=\"elementor-widget-container\">\n\t\t\t\t\t<div class=\"elementor-divider\">\n\t\t\t<span class=\"elementor-divider-separator\">\n\t\t\t\t\t\t<\/span>\n\t\t<\/div>\n\t\t\t\t<\/div>\n\t\t\t\t<\/div>\n\t\t\t\t\t\t<\/div>\n\t\t\t\t\t<\/div>\n\t\t<\/div>\n\t\t\t\t\t\t\t\t<\/div>\n\t\t\t\t\t<\/div>\n\t\t<\/section>\n\t\t\t\t<section class=\"elementor-section elementor-top-section elementor-element elementor-element-52c887f elementor-section-boxed elementor-section-height-default elementor-section-height-default default-style\" data-id=\"52c887f\" data-element_type=\"section\" data-settings=\"{&quot;rt_color_sets&quot;:&quot;default-style&quot;}\">\n\t\t\t\t\t\t<div class=\"elementor-container elementor-column-gap-default\">\n\t\t\t\t\t\t\t<div class=\"elementor-row\">\n\t\t\t\t\t<div class=\"elementor-column elementor-col-100 elementor-top-column elementor-element elementor-element-a2b436a\" data-id=\"a2b436a\" data-element_type=\"column\">\n\t\t\t<div class=\"elementor-column-wrap elementor-element-populated\">\n\t\t\t\t\t\t\t<div class=\"elementor-widget-wrap\">\n\t\t\t\t\t\t<div class=\"elementor-element elementor-element-fbc5575 elementor-widget elementor-widget-heading\" data-id=\"fbc5575\" data-element_type=\"widget\" data-widget_type=\"heading.default\">\n\t\t\t\t<div class=\"elementor-widget-container\">\n\t\t\t<h4 class=\"elementor-heading-title elementor-size-default\">Y\u00fcz Gerdirme<\/h4>\t\t<\/div>\n\t\t\t\t<\/div>\n\t\t\t\t\t\t<\/div>\n\t\t\t\t\t<\/div>\n\t\t<\/div>\n\t\t\t\t\t\t\t\t<\/div>\n\t\t\t\t\t<\/div>\n\t\t<\/section>\n\t\t\t\t<section class=\"elementor-section elementor-top-section elementor-element elementor-element-5fea1da elementor-section-boxed elementor-section-height-default elementor-section-height-default default-style\" data-id=\"5fea1da\" data-element_type=\"section\" data-settings=\"{&quot;rt_color_sets&quot;:&quot;default-style&quot;}\">\n\t\t\t\t\t\t<div class=\"elementor-container elementor-column-gap-default\">\n\t\t\t\t\t\t\t<div class=\"elementor-row\">\n\t\t\t\t\t<div class=\"elementor-column elementor-col-100 elementor-top-column elementor-element elementor-element-a5d9e01\" data-id=\"a5d9e01\" data-element_type=\"column\">\n\t\t\t<div class=\"elementor-column-wrap elementor-element-populated\">\n\t\t\t\t\t\t\t<div class=\"elementor-widget-wrap\">\n\t\t\t\t\t\t<div class=\"elementor-element elementor-element-3421fb4 elementor-widget elementor-widget-image\" data-id=\"3421fb4\" data-element_type=\"widget\" data-widget_type=\"image.default\">\n\t\t\t\t<div class=\"elementor-widget-container\">\n\t\t\t\t\t\t\t\t<div class=\"elementor-image\">\n\t\t\t\t\t\t\t\t\t\t\t\t<img width=\"1430\" height=\"510\" src=\"https:\/\/www.ademhavva.com.tr\/wp-content\/uploads\/2018\/10\/facelift.jpg\" class=\"attachment-full size-full\" alt=\"\" loading=\"lazy\" srcset=\"https:\/\/www.ademhavva.com.tr\/wp-content\/uploads\/2018\/10\/facelift.jpg 1430w, https:\/\/www.ademhavva.com.tr\/wp-content\/uploads\/2018\/10\/facelift-300x107.jpg 300w, https:\/\/www.ademhavva.com.tr\/wp-content\/uploads\/2018\/10\/facelift-768x274.jpg 768w, https:\/\/www.ademhavva.com.tr\/wp-content\/uploads\/2018\/10\/facelift-1024x365.jpg 1024w, https:\/\/www.ademhavva.com.tr\/wp-content\/uploads\/2018\/10\/facelift-715x255.jpg 715w, https:\/\/www.ademhavva.com.tr\/wp-content\/uploads\/2018\/10\/facelift-1220x435.jpg 1220w, https:\/\/www.ademhavva.com.tr\/wp-content\/uploads\/2018\/10\/facelift-915x326.jpg 915w, https:\/\/www.ademhavva.com.tr\/wp-content\/uploads\/2018\/10\/facelift-600x214.jpg 600w, https:\/\/www.ademhavva.com.tr\/wp-content\/uploads\/2018\/10\/facelift-393x140.jpg 393w, https:\/\/www.ademhavva.com.tr\/wp-content\/uploads\/2018\/10\/facelift-290x103.jpg 290w\" sizes=\"(max-width: 1430px) 100vw, 1430px\" \/>\t\t\t\t\t\t\t\t\t\t\t\t\t\t<\/div>\n\t\t\t\t\t\t<\/div>\n\t\t\t\t<\/div>\n\t\t\t\t\t\t<\/div>\n\t\t\t\t\t<\/div>\n\t\t<\/div>\n\t\t\t\t\t\t\t\t<\/div>\n\t\t\t\t\t<\/div>\n\t\t<\/section>\n\t\t\t\t<section class=\"elementor-section elementor-top-section elementor-element elementor-element-f3c928b elementor-section-boxed elementor-section-height-default elementor-section-height-default default-style\" data-id=\"f3c928b\" data-element_type=\"section\" data-settings=\"{&quot;rt_color_sets&quot;:&quot;default-style&quot;}\">\n\t\t\t\t\t\t<div class=\"elementor-container elementor-column-gap-default\">\n\t\t\t\t\t\t\t<div class=\"elementor-row\">\n\t\t\t\t\t<div class=\"elementor-column elementor-col-100 elementor-top-column elementor-element elementor-element-674ea44\" data-id=\"674ea44\" data-element_type=\"column\">\n\t\t\t<div class=\"elementor-column-wrap elementor-element-populated\">\n\t\t\t\t\t\t\t<div class=\"elementor-widget-wrap\">\n\t\t\t\t\t\t<div class=\"elementor-element elementor-element-9faf210 elementor-widget elementor-widget-text-editor\" data-id=\"9faf210\" data-element_type=\"widget\" data-widget_type=\"text-editor.default\">\n\t\t\t\t<div class=\"elementor-widget-container\">\n\t\t\t\t\t\t\t\t<div class=\"elementor-text-editor elementor-clearfix\">\n\t\t\t\t<p>Uzun s\u00fcre g\u00fcne\u015fe maruz kalma, genetik fakt\u00f6rlere ba\u011fl\u0131 olarak gerilmeler ve yer\u00e7ekimi etkilerinden dolay\u0131 y\u00fcz\u00fcm\u00fczde ya\u015flanma belirtileri olu\u015fur. Bu ya\u015flanma belirtileri derin k\u0131r\u0131\u015f\u0131kl\u0131klar, \u00e7enedeki \u00e7izginin gev\u015fek olmas\u0131, ya\u011f birikintileri ve boyun k\u0131vr\u0131mlar\u0131 bir s\u00fcre sonra kendisini g\u00f6sterir. Y\u00fcz gerdirme veya di\u011fer bir ad\u0131yla ritidektomi, ciltteki ya\u011f ve kaslar\u0131 s\u0131k\u0131la\u015ft\u0131rarak y\u00fcz\u00fcn\u00fcz\u00fc gen\u00e7 ve canl\u0131 bir g\u00f6r\u00fcn\u00fcmde tutarak bu sorunlara kar\u015f\u0131 koymak i\u00e7in uygun bir se\u00e7enektir.<\/p>\n<p>&nbsp;<\/p>\n<p>Y\u00fcz gerdirme operasyonu y\u00fcz\u00fcn g\u00f6r\u00fcn\u00fcm\u00fcnde iyile\u015ftirme yapmak ve ya\u015flanma belirtilerini en aza indirmek isteyen erkek ve kad\u0131nlar aras\u0131nda olduk\u00e7a tercih edilen bir y\u00f6ntemdir.<\/p>\n<p>&nbsp;<\/p>\n<p>Toplam: Facelift + Ka\u015f Kald\u0131rma + Boyun Germe<\/p>\n<p>Yar\u0131m: Facelift + Boyun Germe<\/p>\n\t\t\t\t\t<\/div>\n\t\t\t\t\t\t<\/div>\n\t\t\t\t<\/div>\n\t\t\t\t\t\t<\/div>\n\t\t\t\t\t<\/div>\n\t\t<\/div>\n\t\t\t\t\t\t\t\t<\/div>\n\t\t\t\t\t<\/div>\n\t\t<\/section>\n\t\t\t\t\t\t<\/div>\n\t\t\t\t\t\t<\/div>\n\t\t\t\t\t<\/div>\n\t\t","protected":false},"excerpt":{"rendered":"<p>Y\u00fcz Gerdirme Uzun s\u00fcre g\u00fcne\u015fe maruz kalma, genetik fakt\u00f6rlere ba\u011fl\u0131 olarak gerilmeler ve yer\u00e7ekimi etkilerinden dolay\u0131 y\u00fcz\u00fcm\u00fczde ya\u015flanma belirtileri olu\u015fur. Bu ya\u015flanma belirtileri derin k\u0131r\u0131\u015f\u0131kl\u0131klar, \u00e7enedeki \u00e7izginin gev\u015fek olmas\u0131, ya\u011f birikintileri ve boyun k\u0131vr\u0131mlar\u0131 bir s\u00fcre sonra kendisini g\u00f6sterir. Y\u00fcz gerdirme veya di\u011fer bir ad\u0131yla ritidektomi, ciltteki ya\u011f ve kaslar\u0131 s\u0131k\u0131la\u015ft\u0131rarak y\u00fcz\u00fcn\u00fcz\u00fc gen\u00e7 ve canl\u0131 [&hellip;]<\/p>\n","protected":false},"author":4,"featured_media":0,"parent":0,"menu_order":0,"comment_status":"closed","ping_status":"closed","template":"","meta":{"ngg_post_thumbnail":0},"yst_prominent_words":[],"_links":{"self":[{"href":"https:\/\/www.ademhavva.com.tr\/tr\/wp-json\/wp\/v2\/pages\/13195"}],"collection":[{"href":"https:\/\/www.ademhavva.com.tr\/tr\/wp-json\/wp\/v2\/pages"}],"about":[{"href":"https:\/\/www.ademhavva.com.tr\/tr\/wp-json\/wp\/v2\/types\/page"}],"author":[{"embeddable":true,"href":"https:\/\/www.ademhavva.com.tr\/tr\/wp-json\/wp\/v2\/users\/4"}],"replies":[{"embeddable":true,"href":"https:\/\/www.ademhavva.com.tr\/tr\/wp-json\/wp\/v2\/comments?post=13195"}],"version-history":[{"count":1,"href":"https:\/\/www.ademhavva.com.tr\/tr\/wp-json\/wp\/v2\/pages\/13195\/revisions"}],"predecessor-version":[{"id":16347,"href":"https:\/\/www.ademhavva.com.tr\/tr\/wp-json\/wp\/v2\/pages\/13195\/revisions\/16347"}],"wp:attachment":[{"href":"https:\/\/www.ademhavva.com.tr\/tr\/wp-json\/wp\/v2\/media?parent=13195"}],"wp:term":[{"taxonomy":"yst_prominent_words","embeddable":true,"href":"https:\/\/www.ademhavva.com.tr\/tr\/wp-json\/wp\/v2\/yst_prominent_words?post=13195"}],"curies":[{"name":"wp","href":"https:\/\/api.w.org\/{rel}","templated":true}]}}