{"id":13175,"date":"2020-05-30T12:50:15","date_gmt":"2020-05-30T12:50:15","guid":{"rendered":"http:\/\/www.ademhavvaclinic.com\/dis-implantlari\/"},"modified":"2023-06-22T07:58:38","modified_gmt":"2023-06-22T07:58:38","slug":"dis-implantlari","status":"publish","type":"page","link":"https:\/\/www.ademhavva.com.tr\/tr\/dis-implantlari\/","title":{"rendered":"Di\u015f \u0130mplantlar\u0131"},"content":{"rendered":"\t\t<div data-elementor-type=\"wp-post\" data-elementor-id=\"13175\" class=\"elementor elementor-13175 elementor-202 elementor-bc-flex-widget\" data-elementor-settings=\"[]\">\n\t\t\t\t\t\t<div class=\"elementor-inner\">\n\t\t\t\t\t\t\t<div class=\"elementor-section-wrap\">\n\t\t\t\t\t\t\t<section class=\"elementor-section elementor-top-section elementor-element elementor-element-eb8e921 elementor-section-boxed elementor-section-height-default elementor-section-height-default default-style\" data-id=\"eb8e921\" data-element_type=\"section\" data-settings=\"{&quot;rt_color_sets&quot;:&quot;default-style&quot;}\">\n\t\t\t\t\t\t<div class=\"elementor-container elementor-column-gap-default\">\n\t\t\t\t\t\t\t<div class=\"elementor-row\">\n\t\t\t\t\t<div class=\"elementor-column elementor-col-100 elementor-top-column elementor-element elementor-element-11d39f6\" data-id=\"11d39f6\" data-element_type=\"column\">\n\t\t\t<div class=\"elementor-column-wrap elementor-element-populated\">\n\t\t\t\t\t\t\t<div class=\"elementor-widget-wrap\">\n\t\t\t\t\t\t<div class=\"elementor-element elementor-element-3eaf4f9 elementor-widget-divider--view-line elementor-widget elementor-widget-divider\" data-id=\"3eaf4f9\" data-element_type=\"widget\" data-widget_type=\"divider.default\">\n\t\t\t\t<div class=\"elementor-widget-container\">\n\t\t\t\t\t<div class=\"elementor-divider\">\n\t\t\t<span class=\"elementor-divider-separator\">\n\t\t\t\t\t\t<\/span>\n\t\t<\/div>\n\t\t\t\t<\/div>\n\t\t\t\t<\/div>\n\t\t\t\t\t\t<\/div>\n\t\t\t\t\t<\/div>\n\t\t<\/div>\n\t\t\t\t\t\t\t\t<\/div>\n\t\t\t\t\t<\/div>\n\t\t<\/section>\n\t\t\t\t<section class=\"elementor-section elementor-top-section elementor-element elementor-element-978ccb1 elementor-section-boxed elementor-section-height-default elementor-section-height-default default-style\" data-id=\"978ccb1\" data-element_type=\"section\" data-settings=\"{&quot;rt_color_sets&quot;:&quot;default-style&quot;}\">\n\t\t\t\t\t\t<div class=\"elementor-container elementor-column-gap-default\">\n\t\t\t\t\t\t\t<div class=\"elementor-row\">\n\t\t\t\t\t<div class=\"elementor-column elementor-col-100 elementor-top-column elementor-element elementor-element-1927129\" data-id=\"1927129\" data-element_type=\"column\">\n\t\t\t<div class=\"elementor-column-wrap elementor-element-populated\">\n\t\t\t\t\t\t\t<div class=\"elementor-widget-wrap\">\n\t\t\t\t\t\t<div class=\"elementor-element elementor-element-2f66e9e elementor-widget elementor-widget-heading\" data-id=\"2f66e9e\" data-element_type=\"widget\" data-widget_type=\"heading.default\">\n\t\t\t\t<div class=\"elementor-widget-container\">\n\t\t\t<h5 class=\"elementor-heading-title elementor-size-default\">Di\u015f \u0130mplantlar\u0131<\/h5>\t\t<\/div>\n\t\t\t\t<\/div>\n\t\t\t\t\t\t<\/div>\n\t\t\t\t\t<\/div>\n\t\t<\/div>\n\t\t\t\t\t\t\t\t<\/div>\n\t\t\t\t\t<\/div>\n\t\t<\/section>\n\t\t\t\t<section class=\"elementor-section elementor-top-section elementor-element elementor-element-f12c184 elementor-section-boxed elementor-section-height-default elementor-section-height-default default-style\" data-id=\"f12c184\" data-element_type=\"section\" data-settings=\"{&quot;rt_color_sets&quot;:&quot;default-style&quot;}\">\n\t\t\t\t\t\t<div class=\"elementor-container elementor-column-gap-default\">\n\t\t\t\t\t\t\t<div class=\"elementor-row\">\n\t\t\t\t\t<div class=\"elementor-column elementor-col-100 elementor-top-column elementor-element elementor-element-2ace072\" data-id=\"2ace072\" data-element_type=\"column\">\n\t\t\t<div class=\"elementor-column-wrap elementor-element-populated\">\n\t\t\t\t\t\t\t<div class=\"elementor-widget-wrap\">\n\t\t\t\t\t\t<div class=\"elementor-element elementor-element-da1cf4a elementor-widget elementor-widget-image\" data-id=\"da1cf4a\" data-element_type=\"widget\" data-widget_type=\"image.default\">\n\t\t\t\t<div class=\"elementor-widget-container\">\n\t\t\t\t\t\t\t\t<div class=\"elementor-image\">\n\t\t\t\t\t\t\t\t\t\t\t\t<img width=\"1024\" height=\"470\" src=\"https:\/\/www.ademhavva.com.tr\/wp-content\/uploads\/2018\/10\/impl-1024x470.jpg\" class=\"attachment-large size-large\" alt=\"\" loading=\"lazy\" srcset=\"https:\/\/www.ademhavva.com.tr\/wp-content\/uploads\/2018\/10\/impl-1024x470.jpg 1024w, https:\/\/www.ademhavva.com.tr\/wp-content\/uploads\/2018\/10\/impl-300x138.jpg 300w, https:\/\/www.ademhavva.com.tr\/wp-content\/uploads\/2018\/10\/impl-768x353.jpg 768w, https:\/\/www.ademhavva.com.tr\/wp-content\/uploads\/2018\/10\/impl-715x328.jpg 715w, https:\/\/www.ademhavva.com.tr\/wp-content\/uploads\/2018\/10\/impl-1220x561.jpg 1220w, https:\/\/www.ademhavva.com.tr\/wp-content\/uploads\/2018\/10\/impl-915x420.jpg 915w, https:\/\/www.ademhavva.com.tr\/wp-content\/uploads\/2018\/10\/impl-600x276.jpg 600w, https:\/\/www.ademhavva.com.tr\/wp-content\/uploads\/2018\/10\/impl-393x181.jpg 393w, https:\/\/www.ademhavva.com.tr\/wp-content\/uploads\/2018\/10\/impl-290x133.jpg 290w, https:\/\/www.ademhavva.com.tr\/wp-content\/uploads\/2018\/10\/impl.jpg 1430w\" sizes=\"(max-width: 1024px) 100vw, 1024px\" \/>\t\t\t\t\t\t\t\t\t\t\t\t\t\t<\/div>\n\t\t\t\t\t\t<\/div>\n\t\t\t\t<\/div>\n\t\t\t\t\t\t<\/div>\n\t\t\t\t\t<\/div>\n\t\t<\/div>\n\t\t\t\t\t\t\t\t<\/div>\n\t\t\t\t\t<\/div>\n\t\t<\/section>\n\t\t\t\t<section class=\"elementor-section elementor-top-section elementor-element elementor-element-0abdc5f elementor-section-boxed elementor-section-height-default elementor-section-height-default default-style\" data-id=\"0abdc5f\" data-element_type=\"section\" data-settings=\"{&quot;rt_color_sets&quot;:&quot;default-style&quot;}\">\n\t\t\t\t\t\t<div class=\"elementor-container elementor-column-gap-default\">\n\t\t\t\t\t\t\t<div class=\"elementor-row\">\n\t\t\t\t\t<div class=\"elementor-column elementor-col-100 elementor-top-column elementor-element elementor-element-8d17c52\" data-id=\"8d17c52\" data-element_type=\"column\">\n\t\t\t<div class=\"elementor-column-wrap elementor-element-populated\">\n\t\t\t\t\t\t\t<div class=\"elementor-widget-wrap\">\n\t\t\t\t\t\t<div class=\"elementor-element elementor-element-1b6579b elementor-widget elementor-widget-text-editor\" data-id=\"1b6579b\" data-element_type=\"widget\" data-widget_type=\"text-editor.default\">\n\t\t\t\t<div class=\"elementor-widget-container\">\n\t\t\t\t\t\t\t\t<div class=\"elementor-text-editor elementor-clearfix\">\n\t\t\t\t<p>Di\u015f implantlar\u0131 di\u015f etlerinin alt\u0131nda bulunan \u00e7ene kemi\u011fine cerrahi olarak implante edilir, burada \u00e7ene kemi\u011fi ile birka\u00e7 ay i\u00e7inde kayna\u015f\u0131r ve daha sonra yapay di\u015flerin kurulabilmesine olanak sa\u011flar. Eksik olan di\u015f k\u00f6k\u00fcne alternatif olarak yap\u0131l\u0131r ve do\u011fal di\u015fleri taklit etmeye en yak\u0131n y\u00f6ntemdir. Sebebi ise yak\u0131ndaki di\u015flere herhangi bir olumsuz etki yapmadan yapay di\u015flerin stabil olarak eklenmesine olanak tan\u0131r.<\/p>\n<p>Bir \u00e7ok di\u015f implant\u0131, v\u00fccutta herhangi bir diren\u00e7 olmadan kemiklerle uyumlu olmalar\u0131n\u0131 sa\u011flayan g\u00fc\u00e7l\u00fc titanyum malzemeden \u00fcretilmi\u015ftir. Dental implantlar son y\u0131llarda \u00f6nemli \u00f6l\u00e7\u00fcde geli\u015fme g\u00f6stermi\u015f ve bu implantlar\u0131n ba\u015far\u0131 oran\u0131 %99&#8217;u a\u015fm\u0131\u015ft\u0131r.<\/p>\n\t\t\t\t\t<\/div>\n\t\t\t\t\t\t<\/div>\n\t\t\t\t<\/div>\n\t\t\t\t\t\t<\/div>\n\t\t\t\t\t<\/div>\n\t\t<\/div>\n\t\t\t\t\t\t\t\t<\/div>\n\t\t\t\t\t<\/div>\n\t\t<\/section>\n\t\t\t\t\t\t<\/div>\n\t\t\t\t\t\t<\/div>\n\t\t\t\t\t<\/div>\n\t\t","protected":false},"excerpt":{"rendered":"<p>Di\u015f \u0130mplantlar\u0131 Di\u015f implantlar\u0131 di\u015f etlerinin alt\u0131nda bulunan \u00e7ene kemi\u011fine cerrahi olarak implante edilir, burada \u00e7ene kemi\u011fi ile birka\u00e7 ay i\u00e7inde kayna\u015f\u0131r ve daha sonra yapay di\u015flerin kurulabilmesine olanak sa\u011flar. Eksik olan di\u015f k\u00f6k\u00fcne alternatif olarak yap\u0131l\u0131r ve do\u011fal di\u015fleri taklit etmeye en yak\u0131n y\u00f6ntemdir. Sebebi ise yak\u0131ndaki di\u015flere herhangi bir olumsuz etki yapmadan yapay [&hellip;]<\/p>\n","protected":false},"author":5,"featured_media":0,"parent":0,"menu_order":0,"comment_status":"closed","ping_status":"closed","template":"","meta":{"ngg_post_thumbnail":0},"yst_prominent_words":[],"_links":{"self":[{"href":"https:\/\/www.ademhavva.com.tr\/tr\/wp-json\/wp\/v2\/pages\/13175"}],"collection":[{"href":"https:\/\/www.ademhavva.com.tr\/tr\/wp-json\/wp\/v2\/pages"}],"about":[{"href":"https:\/\/www.ademhavva.com.tr\/tr\/wp-json\/wp\/v2\/types\/page"}],"author":[{"embeddable":true,"href":"https:\/\/www.ademhavva.com.tr\/tr\/wp-json\/wp\/v2\/users\/5"}],"replies":[{"embeddable":true,"href":"https:\/\/www.ademhavva.com.tr\/tr\/wp-json\/wp\/v2\/comments?post=13175"}],"version-history":[{"count":1,"href":"https:\/\/www.ademhavva.com.tr\/tr\/wp-json\/wp\/v2\/pages\/13175\/revisions"}],"predecessor-version":[{"id":16338,"href":"https:\/\/www.ademhavva.com.tr\/tr\/wp-json\/wp\/v2\/pages\/13175\/revisions\/16338"}],"wp:attachment":[{"href":"https:\/\/www.ademhavva.com.tr\/tr\/wp-json\/wp\/v2\/media?parent=13175"}],"wp:term":[{"taxonomy":"yst_prominent_words","embeddable":true,"href":"https:\/\/www.ademhavva.com.tr\/tr\/wp-json\/wp\/v2\/yst_prominent_words?post=13175"}],"curies":[{"name":"wp","href":"https:\/\/api.w.org\/{rel}","templated":true}]}}