{"id":12515,"date":"2020-01-03T13:03:46","date_gmt":"2020-01-03T13:03:46","guid":{"rendered":"https:\/\/www.ademhavvaclinic.com\/kas-ekimi\/"},"modified":"2023-06-22T08:04:02","modified_gmt":"2023-06-22T08:04:02","slug":"kas-ekimi","status":"publish","type":"page","link":"https:\/\/www.ademhavva.com.tr\/tr\/kas-ekimi\/","title":{"rendered":"Ka\u015f Ekimi"},"content":{"rendered":"\t\t<div data-elementor-type=\"wp-post\" data-elementor-id=\"12515\" class=\"elementor elementor-12515 elementor-224\" data-elementor-settings=\"[]\">\n\t\t\t\t\t\t<div class=\"elementor-inner\">\n\t\t\t\t\t\t\t<div class=\"elementor-section-wrap\">\n\t\t\t\t\t\t\t<section class=\"elementor-section elementor-top-section elementor-element elementor-element-441d533 elementor-section-boxed elementor-section-height-default elementor-section-height-default default-style\" data-id=\"441d533\" data-element_type=\"section\" data-settings=\"{&quot;rt_color_sets&quot;:&quot;default-style&quot;}\">\n\t\t\t\t\t\t<div class=\"elementor-container elementor-column-gap-default\">\n\t\t\t\t\t\t\t<div class=\"elementor-row\">\n\t\t\t\t\t<div class=\"elementor-column elementor-col-100 elementor-top-column elementor-element elementor-element-7db8397\" data-id=\"7db8397\" data-element_type=\"column\">\n\t\t\t<div class=\"elementor-column-wrap elementor-element-populated\">\n\t\t\t\t\t\t\t<div class=\"elementor-widget-wrap\">\n\t\t\t\t\t\t<div class=\"elementor-element elementor-element-965a6e3 elementor-widget-divider--view-line elementor-widget elementor-widget-divider\" data-id=\"965a6e3\" data-element_type=\"widget\" data-widget_type=\"divider.default\">\n\t\t\t\t<div class=\"elementor-widget-container\">\n\t\t\t\t\t<div class=\"elementor-divider\">\n\t\t\t<span class=\"elementor-divider-separator\">\n\t\t\t\t\t\t<\/span>\n\t\t<\/div>\n\t\t\t\t<\/div>\n\t\t\t\t<\/div>\n\t\t\t\t\t\t<\/div>\n\t\t\t\t\t<\/div>\n\t\t<\/div>\n\t\t\t\t\t\t\t\t<\/div>\n\t\t\t\t\t<\/div>\n\t\t<\/section>\n\t\t\t\t<section class=\"elementor-section elementor-top-section elementor-element elementor-element-eb713ec elementor-section-boxed elementor-section-height-default elementor-section-height-default default-style\" data-id=\"eb713ec\" data-element_type=\"section\" data-settings=\"{&quot;rt_color_sets&quot;:&quot;default-style&quot;}\">\n\t\t\t\t\t\t<div class=\"elementor-container elementor-column-gap-default\">\n\t\t\t\t\t\t\t<div class=\"elementor-row\">\n\t\t\t\t\t<div class=\"elementor-column elementor-col-100 elementor-top-column elementor-element elementor-element-d5dd213\" data-id=\"d5dd213\" data-element_type=\"column\">\n\t\t\t<div class=\"elementor-column-wrap elementor-element-populated\">\n\t\t\t\t\t\t\t<div class=\"elementor-widget-wrap\">\n\t\t\t\t\t\t<div class=\"elementor-element elementor-element-bb2d5e6 elementor-widget elementor-widget-heading\" data-id=\"bb2d5e6\" data-element_type=\"widget\" data-widget_type=\"heading.default\">\n\t\t\t\t<div class=\"elementor-widget-container\">\n\t\t\t<h4 class=\"elementor-heading-title elementor-size-default\">Ka\u015f Ekimi<\/h4>\t\t<\/div>\n\t\t\t\t<\/div>\n\t\t\t\t\t\t<\/div>\n\t\t\t\t\t<\/div>\n\t\t<\/div>\n\t\t\t\t\t\t\t\t<\/div>\n\t\t\t\t\t<\/div>\n\t\t<\/section>\n\t\t\t\t<section class=\"elementor-section elementor-top-section elementor-element elementor-element-da75e33 elementor-section-boxed elementor-section-height-default elementor-section-height-default default-style\" data-id=\"da75e33\" data-element_type=\"section\" data-settings=\"{&quot;rt_color_sets&quot;:&quot;default-style&quot;}\">\n\t\t\t\t\t\t<div class=\"elementor-container elementor-column-gap-default\">\n\t\t\t\t\t\t\t<div class=\"elementor-row\">\n\t\t\t\t\t<div class=\"elementor-column elementor-col-100 elementor-top-column elementor-element elementor-element-60b5b9e\" data-id=\"60b5b9e\" data-element_type=\"column\">\n\t\t\t<div class=\"elementor-column-wrap elementor-element-populated\">\n\t\t\t\t\t\t\t<div class=\"elementor-widget-wrap\">\n\t\t\t\t\t\t<div class=\"elementor-element elementor-element-0ba9b19 elementor-widget elementor-widget-image\" data-id=\"0ba9b19\" data-element_type=\"widget\" data-widget_type=\"image.default\">\n\t\t\t\t<div class=\"elementor-widget-container\">\n\t\t\t\t\t\t\t\t<div class=\"elementor-image\">\n\t\t\t\t\t\t\t\t\t\t\t\t<img width=\"1024\" height=\"470\" src=\"https:\/\/www.ademhavva.com.tr\/wp-content\/uploads\/2018\/10\/eyebrown-1024x470.jpg\" class=\"attachment-large size-large\" alt=\"\" loading=\"lazy\" srcset=\"https:\/\/www.ademhavva.com.tr\/wp-content\/uploads\/2018\/10\/eyebrown-1024x470.jpg 1024w, https:\/\/www.ademhavva.com.tr\/wp-content\/uploads\/2018\/10\/eyebrown-300x138.jpg 300w, https:\/\/www.ademhavva.com.tr\/wp-content\/uploads\/2018\/10\/eyebrown-768x353.jpg 768w, https:\/\/www.ademhavva.com.tr\/wp-content\/uploads\/2018\/10\/eyebrown-715x328.jpg 715w, https:\/\/www.ademhavva.com.tr\/wp-content\/uploads\/2018\/10\/eyebrown-1220x561.jpg 1220w, https:\/\/www.ademhavva.com.tr\/wp-content\/uploads\/2018\/10\/eyebrown-915x420.jpg 915w, https:\/\/www.ademhavva.com.tr\/wp-content\/uploads\/2018\/10\/eyebrown-600x276.jpg 600w, https:\/\/www.ademhavva.com.tr\/wp-content\/uploads\/2018\/10\/eyebrown-393x181.jpg 393w, https:\/\/www.ademhavva.com.tr\/wp-content\/uploads\/2018\/10\/eyebrown-290x133.jpg 290w, https:\/\/www.ademhavva.com.tr\/wp-content\/uploads\/2018\/10\/eyebrown.jpg 1430w\" sizes=\"(max-width: 1024px) 100vw, 1024px\" \/>\t\t\t\t\t\t\t\t\t\t\t\t\t\t<\/div>\n\t\t\t\t\t\t<\/div>\n\t\t\t\t<\/div>\n\t\t\t\t\t\t<\/div>\n\t\t\t\t\t<\/div>\n\t\t<\/div>\n\t\t\t\t\t\t\t\t<\/div>\n\t\t\t\t\t<\/div>\n\t\t<\/section>\n\t\t\t\t<section class=\"elementor-section elementor-top-section elementor-element elementor-element-0744482 elementor-section-boxed elementor-section-height-default elementor-section-height-default default-style\" data-id=\"0744482\" data-element_type=\"section\" data-settings=\"{&quot;rt_color_sets&quot;:&quot;default-style&quot;}\">\n\t\t\t\t\t\t<div class=\"elementor-container elementor-column-gap-default\">\n\t\t\t\t\t\t\t<div class=\"elementor-row\">\n\t\t\t\t\t<div class=\"elementor-column elementor-col-100 elementor-top-column elementor-element elementor-element-7f7476d\" data-id=\"7f7476d\" data-element_type=\"column\">\n\t\t\t<div class=\"elementor-column-wrap elementor-element-populated\">\n\t\t\t\t\t\t\t<div class=\"elementor-widget-wrap\">\n\t\t\t\t\t\t<div class=\"elementor-element elementor-element-ab34bb4 elementor-widget elementor-widget-text-editor\" data-id=\"ab34bb4\" data-element_type=\"widget\" data-widget_type=\"text-editor.default\">\n\t\t\t\t<div class=\"elementor-widget-container\">\n\t\t\t\t\t\t\t\t<div class=\"elementor-text-editor elementor-clearfix\">\n\t\t\t\t<p>Ka\u015f ekimi, ka\u015f\u0131n\u0131n konjenital yoklu\u011fu olan veya skar ( yara izi ), travma veya yan\u0131k sonucu ka\u015f\u0131n\u0131n olmad\u0131\u011f\u0131 veya ya\u015fta ilerleme veya s\u0131kl\u0131kla kimyasal madde kullanan bireyler i\u00e7in uygulanabilir.Son y\u0131llarda ka\u015f nakli i\u00e7in talep farkl\u0131 ya\u015flardaki kad\u0131nlar taraf\u0131ndan art\u0131r\u0131lm\u0131\u015ft\u0131r; ve hatta erkekler daha gen\u00e7 ve daha yo\u011fun sa\u00e7lar i\u00e7in ka\u015f nakli yapma e\u011filimindeler.<\/p>\n\t\t\t\t\t<\/div>\n\t\t\t\t\t\t<\/div>\n\t\t\t\t<\/div>\n\t\t\t\t\t\t<\/div>\n\t\t\t\t\t<\/div>\n\t\t<\/div>\n\t\t\t\t\t\t\t\t<\/div>\n\t\t\t\t\t<\/div>\n\t\t<\/section>\n\t\t\t\t\t\t<\/div>\n\t\t\t\t\t\t<\/div>\n\t\t\t\t\t<\/div>\n\t\t","protected":false},"excerpt":{"rendered":"<p>Ka\u015f Ekimi Ka\u015f ekimi, ka\u015f\u0131n\u0131n konjenital yoklu\u011fu olan veya skar ( yara izi ), travma veya yan\u0131k sonucu ka\u015f\u0131n\u0131n olmad\u0131\u011f\u0131 veya ya\u015fta ilerleme veya s\u0131kl\u0131kla kimyasal madde kullanan bireyler i\u00e7in uygulanabilir.Son y\u0131llarda ka\u015f nakli i\u00e7in talep farkl\u0131 ya\u015flardaki kad\u0131nlar taraf\u0131ndan art\u0131r\u0131lm\u0131\u015ft\u0131r; ve hatta erkekler daha gen\u00e7 ve daha yo\u011fun sa\u00e7lar i\u00e7in ka\u015f nakli yapma e\u011filimindeler.<\/p>\n","protected":false},"author":5,"featured_media":0,"parent":0,"menu_order":0,"comment_status":"closed","ping_status":"closed","template":"","meta":{"ngg_post_thumbnail":0},"yst_prominent_words":[],"_links":{"self":[{"href":"https:\/\/www.ademhavva.com.tr\/tr\/wp-json\/wp\/v2\/pages\/12515"}],"collection":[{"href":"https:\/\/www.ademhavva.com.tr\/tr\/wp-json\/wp\/v2\/pages"}],"about":[{"href":"https:\/\/www.ademhavva.com.tr\/tr\/wp-json\/wp\/v2\/types\/page"}],"author":[{"embeddable":true,"href":"https:\/\/www.ademhavva.com.tr\/tr\/wp-json\/wp\/v2\/users\/5"}],"replies":[{"embeddable":true,"href":"https:\/\/www.ademhavva.com.tr\/tr\/wp-json\/wp\/v2\/comments?post=12515"}],"version-history":[{"count":1,"href":"https:\/\/www.ademhavva.com.tr\/tr\/wp-json\/wp\/v2\/pages\/12515\/revisions"}],"predecessor-version":[{"id":16340,"href":"https:\/\/www.ademhavva.com.tr\/tr\/wp-json\/wp\/v2\/pages\/12515\/revisions\/16340"}],"wp:attachment":[{"href":"https:\/\/www.ademhavva.com.tr\/tr\/wp-json\/wp\/v2\/media?parent=12515"}],"wp:term":[{"taxonomy":"yst_prominent_words","embeddable":true,"href":"https:\/\/www.ademhavva.com.tr\/tr\/wp-json\/wp\/v2\/yst_prominent_words?post=12515"}],"curies":[{"name":"wp","href":"https:\/\/api.w.org\/{rel}","templated":true}]}}