{"id":11294,"date":"2019-08-26T13:03:27","date_gmt":"2019-08-26T13:03:27","guid":{"rendered":"https:\/\/www.ademhavvaclinic.com\/?page_id=11294"},"modified":"2023-06-22T08:06:57","modified_gmt":"2023-06-22T08:06:57","slug":"sac-ekimi","status":"publish","type":"page","link":"https:\/\/www.ademhavva.com.tr\/tr\/sac-ekimi\/","title":{"rendered":"Sa\u00e7 ekimi"},"content":{"rendered":"\t\t<div data-elementor-type=\"wp-post\" data-elementor-id=\"11294\" class=\"elementor elementor-11294\" data-elementor-settings=\"[]\">\n\t\t\t\t\t\t<div class=\"elementor-inner\">\n\t\t\t\t\t\t\t<div class=\"elementor-section-wrap\">\n\t\t\t\t\t\t\t<section class=\"elementor-section elementor-top-section elementor-element elementor-element-8044494 elementor-section-boxed elementor-section-height-default elementor-section-height-default default-style\" data-id=\"8044494\" data-element_type=\"section\" data-settings=\"{&quot;rt_color_sets&quot;:&quot;default-style&quot;}\">\n\t\t\t\t\t\t<div class=\"elementor-container elementor-column-gap-default\">\n\t\t\t\t\t\t\t<div class=\"elementor-row\">\n\t\t\t\t\t<div class=\"elementor-column elementor-col-100 elementor-top-column elementor-element elementor-element-2dac506\" data-id=\"2dac506\" data-element_type=\"column\">\n\t\t\t<div class=\"elementor-column-wrap elementor-element-populated\">\n\t\t\t\t\t\t\t<div class=\"elementor-widget-wrap\">\n\t\t\t\t\t\t<div class=\"elementor-element elementor-element-825c785 elementor-widget elementor-widget-heading\" data-id=\"825c785\" data-element_type=\"widget\" data-widget_type=\"heading.default\">\n\t\t\t\t<div class=\"elementor-widget-container\">\n\t\t\t<h2 class=\"elementor-heading-title elementor-size-default\">Sa\u00e7 Ekimi<\/h2>\t\t<\/div>\n\t\t\t\t<\/div>\n\t\t\t\t\t\t<\/div>\n\t\t\t\t\t<\/div>\n\t\t<\/div>\n\t\t\t\t\t\t\t\t<\/div>\n\t\t\t\t\t<\/div>\n\t\t<\/section>\n\t\t\t\t<section class=\"elementor-section elementor-top-section elementor-element elementor-element-2d9d40d elementor-section-boxed elementor-section-height-default elementor-section-height-default default-style\" data-id=\"2d9d40d\" data-element_type=\"section\" data-settings=\"{&quot;rt_color_sets&quot;:&quot;default-style&quot;}\">\n\t\t\t\t\t\t<div class=\"elementor-container elementor-column-gap-default\">\n\t\t\t\t\t\t\t<div class=\"elementor-row\">\n\t\t\t\t\t<div class=\"elementor-column elementor-col-100 elementor-top-column elementor-element elementor-element-9ea6dcb\" data-id=\"9ea6dcb\" data-element_type=\"column\">\n\t\t\t<div class=\"elementor-column-wrap elementor-element-populated\">\n\t\t\t\t\t\t\t<div class=\"elementor-widget-wrap\">\n\t\t\t\t\t\t<div class=\"elementor-element elementor-element-55362af elementor-widget elementor-widget-text-editor\" data-id=\"55362af\" data-element_type=\"widget\" data-widget_type=\"text-editor.default\">\n\t\t\t\t<div class=\"elementor-widget-container\">\n\t\t\t\t\t\t\t\t<div class=\"elementor-text-editor elementor-clearfix\">\n\t\t\t\t<h2>KULLANILAN SA\u00c7 EK\u0130M TEKN\u0130KLER\u0130<\/h2><center><img loading=\"lazy\" src=\"https:\/\/i.imgyukle.com\/2019\/12\/17\/Rl4yTo.jpg\" width=\"300\" height=\"300\" \/><\/center><ol><li><h3>a) <a href=\"https:\/\/tr.wikipedia.org\/wiki\/Sa%C3%A7_nakli\">FUE<\/a> (Folik\u00fcler \u00dcnite Ekstraksiyonu)<\/h3><\/li><li>Sa\u00e7 Ekimine Haz\u0131rl\u0131k<\/li><\/ol><p>Bu safha sa\u00e7lar\u0131n toplanaca\u011f\u0131 alan\u0131n dezenfekte edilmesini ve anestezi uygulamas\u0131n\u0131n yap\u0131lmas\u0131n\u0131 ifade etmektedir. Bu b\u00f6l\u00fcm sa\u00e7 ekimi i\u015fleminin \u00f6ncesine ait\u00a0 bir uygulama olsa da t\u00fcm operasyonun konforunu belirleyen bir a\u015fama olmaktad\u0131r. Anestezi (lokal)\u00f6zel i\u011fneler veya aparatlar yard\u0131m\u0131yla yap\u0131lan bir i\u015flemdir.<\/p><ol start=\"2\"><li><h2>Sa\u00e7 K\u00f6klerinin Toplanmas\u0131-Ayr\u0131\u015ft\u0131r\u0131lmas\u0131<\/h2><\/li><\/ol><p>Sa\u00e7-sakal-ka\u015f ekiminde anestezi i\u015flemi a\u015famas\u0131ndan sonra yap\u0131lacak olan i\u015flem mikro motor isimli d\u00fc\u015f\u00fck devir ile d\u00f6nen silindir yap\u0131da i\u011fnelerle sa\u00e7 k\u00f6klerinin deri yap\u0131s\u0131ndan ayr\u0131\u015ft\u0131r\u0131lmas\u0131d\u0131r. Bu b\u00f6l\u00fcmde sa\u00e7 ekiminin ba\u015far\u0131s\u0131na etki edecek fakt\u00f6r sa\u00e7 k\u00f6klerinin toplanmas\u0131nda izlenecek yoldur. Bu da demek oluyor ki sa\u00e7\u0131n al\u0131nd\u0131\u011f\u0131 b\u00f6lgede do\u011fall\u0131\u011f\u0131 belirleyecek nokta toplanan sa\u00e7 k\u00f6klerinin anla\u015f\u0131lmamas\u0131d\u0131r. Bunun i\u00e7in ense b\u00f6lgesinden e\u015fit ve g\u00f6ze batmayacak bir da\u011f\u0131l\u0131mla sa\u00e7 k\u00f6kleri ayr\u0131\u015ft\u0131r\u0131lmal\u0131d\u0131r.<\/p><ol start=\"3\"><li><h2>Kanallar\u0131n A\u00e7\u0131lmas\u0131<\/h2><\/li><\/ol><p>Kanallar\u0131n a\u00e7\u0131lmas\u0131 sa\u00e7 yap\u0131s\u0131ndaki do\u011fal g\u00f6r\u00fcn\u00fcm\u00fc sa\u011flayan en \u00f6nemli a\u015famad\u0131r.\u00a0 Ekilecek sa\u00e7lar\u0131n s\u0131kl\u0131\u011f\u0131 yan\u0131nda, kanallar\u0131n\u00a0 a\u00e7\u0131 ve y\u00f6nlerinin do\u011fru olmas\u0131 do\u011fall\u0131\u011f\u0131 etkileyen en \u00f6nemli nedenlerdir. A\u00e7\u0131 derken, sa\u00e7\u0131n deriye olan dikey a\u00e7\u0131s\u0131d\u0131r ve yakla\u015f\u0131k 40-45 derecedir. Y\u00f6n ile anlat\u0131lmak istenen, sa\u00e7lar\u0131n do\u011fu\u015ftan gelen do\u011fal (taranma) y\u00f6n\u00fcd\u00fcr. En do\u011fal sonu\u00e7lar\u00a0 bu iki noktaya uyarak a\u00e7\u0131lan kanallar sayesinde ortaya \u00e7\u0131kacakt\u0131r.<\/p><ol start=\"4\"><li><h2>Sa\u00e7 K\u00f6klerinin Ekilmesi-Yerle\u015ftirilmesi<\/h2><\/li><\/ol><p>Bir \u00f6nceki a\u015famada a\u00e7\u0131lan kanallara toplad\u0131\u011f\u0131m\u0131z sa\u00e7 k\u00f6klerinin yerle\u015ftirilmesi ile sa\u00e7 ekimi i\u015flemi sonland\u0131r\u0131l\u0131r. Bu b\u00f6l\u00fcmde sa\u00e7 k\u00f6klerine m\u00fcmk\u00fcn oldu\u011fu kadar az temasta bulunarak k\u00f6k dokusunun zarara u\u011framas\u0131 \u00f6nlenmelidir. K\u00f6kler tiplerine g\u00f6re ayr\u0131larak uygun b\u00f6l\u00fcme uygun k\u00f6kler yerle\u015ftirilmelidir.<\/p><h3>b)<a href=\"https:\/\/www.ademhavvaclinic.com\/\">DHI Tekni\u011fi<\/a> (Direct Hair Implantation):<\/h3><p>FUE tekni\u011finden farkl\u0131 olarak DHI tekni\u011fi; don\u00f6r alandan al\u0131nan sa\u00e7 greftleri ekilecek alana, \u00f6zel kalem (implanter ya da Choi i\u011fnesi) ile kanal a\u00e7\u0131lmadan ekilmesi \u015feklinde iki a\u015faman\u0131n tek seferde ger\u00e7ekle\u015fti\u011fi bir y\u00f6ntem olarak tan\u0131mlanabilir. Choi i\u011fnesi, \u015fekil olarak \u00e7ok ince, silindir yap\u0131da ve keskin bir uca sahiptir. Choi i\u011fnesi bir kanal \u015feklindedir ve sa\u00e7lar bu kanal boyunca ilerletilerek i\u011fneye yerle\u015ftirilebilmektedir. DHI uygulamas\u0131n\u0131n di\u011fer ad\u0131n\u0131n Choi metodu olarak an\u0131lmas\u0131n\u0131n nedeni de bu i\u011fnenin \u00f6zelli\u011findendir.<\/p><ol><li>Choi kalemi ile ger\u00e7ekle\u015ftirilen bir sa\u00e7 ekim operasyonunda toplanan sa\u00e7 greftleri kalemin i\u00e7ine tek tek yerle\u015ftirilir.<\/li><\/ol><p>Bu a\u015famada yerle\u015ftirme uygulamas\u0131 \u00e7ok dikkatli ve \u00f6zen g\u00f6sterilerek yap\u0131lmal\u0131d\u0131r. Yerle\u015ftirme i\u015flemini yapan teknikerler her bir sa\u00e7 k\u00f6k\u00fcn\u00fc yerle\u015ftirdikten sonra ekimi ger\u00e7ekle\u015ftiren uzmana bu sa\u00e7 k\u00f6klerini ekim i\u00e7in verir.<\/p><ol start=\"2\"><li>Ekimi yapan uzman sa\u00e7 k\u00f6klerini en uygun a\u00e7\u0131 olan 40-45 derecelik a\u00e7\u0131larla uygun alana tarama y\u00f6n\u00fcne uyacak \u015fekilde eker. Ekim \u00f6ncesi sa\u00e7lar\u0131n g\u00f6sterdi\u011fi y\u00f6n uygun tarama y\u00f6n\u00fcd\u00fcr.<\/li><li>Choi kalemine yerle\u015ftirilmi\u015f greftlerin a\u00e7\u0131 ve y\u00f6nleri do\u011fru belirlenip i\u011fnenin itme \u00f6zelli\u011fi ile ekimi ger\u00e7ekle\u015ftirilir.<\/li><\/ol><p>\u0130\u015flem esnas\u0131nda 2 ila 6 aras\u0131nda Choi kalemi ve beraberinde ortalama 15-16 choi kalem ucu kullan\u0131l\u0131r. Ki\u015finin sa\u00e7 k\u00f6k\u00fc ve kal\u0131nl\u0131k yap\u0131s\u0131na g\u00f6re kalemlerin u\u00e7lar\u0131 farkl\u0131 \u00f6l\u00e7\u00fclerde olabilir.<\/p><center><img loading=\"lazy\" src=\"https:\/\/i.imgyukle.com\/2019\/12\/17\/Rl6YB6.png\" width=\"300\" height=\"300\" \/><\/center><p>c)Safir u\u00e7 FUE :<\/p><p>Safir gibi \u00e7ok de\u011ferli bir madenden \u00fcretilen u\u00e7lar ile ger\u00e7ekle\u015ftirilen FUE, sa\u00e7 ekiminin kanal a\u00e7ma a\u015famas\u0131nda metal slit (kesici) yerine \u00f6zel safir u\u00e7 kullan\u0131lmas\u0131n\u0131 ifade etmektedir. Asl\u0131nda safir u\u00e7 ile yap\u0131lan FUE bir teknik de\u011fil, FUE y\u00f6nteminde geli\u015ftirilen bir yeniliktir. Sa\u00e7 k\u00f6klerinin yerle\u015ftirilece\u011fi alanda daha k\u00fc\u00e7\u00fck mikro kanallar a\u00e7arak, minimal kabuklanma olu\u015fumu ve iyile\u015fme s\u00fcrecini\u00a0 h\u0131zland\u0131rmak i\u00e7in tasarlanm\u0131\u015ft\u0131r.<\/p><p>Safir ucun kullan\u0131ld\u0131\u011f\u0131 FUE y\u00f6nteminde sa\u00e7 k\u00f6kleri, lokal anestezi alt\u0131nda mikro motor ile, \u00e7aplar\u0131 0,6 &#8211; 0,7 &#8211; 0,8 mm aras\u0131nda de\u011fi\u015fiklik g\u00f6steren mikro u\u00e7lar kullan\u0131larak k\u00f6kler halinde birer birer don\u00f6r b\u00f6lgeden toplan\u0131r. Toplanan bu sa\u00e7lar safir u\u00e7 ile a\u00e7\u0131lacak kanallara ekilmelidir. Sa\u00e7\u0131n do\u011fall\u0131\u011f\u0131n\u0131 \u00f6nemli derecede etkileyen a\u00e7\u0131, y\u00f6n ve s\u0131kl\u0131k konular\u0131n\u0131 direk olarak etkilemektedir. Bu nedenle operasyonun ba\u015far\u0131s\u0131ndaki en \u00f6nemli a\u015fama kanallar\u0131n a\u00e7\u0131lma a\u015famas\u0131d\u0131r.<\/p><p>1,0 -1,3 &#8211; 1,5 mm aras\u0131nda g\u00fc\u00e7l\u00fc, p\u00fcr\u00fczs\u00fcz, keskin ve safir u\u00e7lar ile a\u00e7\u0131lan k\u00fc\u00e7\u00fck kanallar\u0131n sa\u00e7 k\u00f6k\u00fc boyutunda olmas\u0131, a\u00e7\u0131lan kanal say\u0131s\u0131n\u0131n artmas\u0131na ve sa\u00e7 k\u00f6klerinin birbirine daha yak\u0131n yerle\u015ftirilmesine imkan sa\u011flamaktad\u0131r.<\/p><p>Dikkat !!!<\/p><p><a href=\"https:\/\/www.ademhavvaclinic.com\/\">Sa\u00e7 ekimi<\/a> yapan merkezlerin bir k\u0131sm\u0131 \u00f6n sa\u00e7 hatt\u0131na ekim yapt\u0131rmaya gelen hastalar\u0131na, cm\u00b2 de 65-75 k\u00f6k yerle\u015ftirebileceklerini ve bu yolla daha do\u011fal bir g\u00f6r\u00fcn\u00fcm elde edebilecekleri iddias\u0131nda bulunmaktad\u0131rlar. Bu s\u0131kl\u0131kta sa\u00e7 ekimi safir u\u00e7ta yada normal FUE tekni\u011fi kullan\u0131larak m\u00fcmk\u00fcn de\u011fildir. Nedeni sa\u00e7lara verilmesi gereken a\u00e7\u0131n\u0131n ve y\u00f6n\u00fcn do\u011fall\u0131\u011f\u0131d\u0131r.\u00a0 65-75 sa\u00e7 k\u00f6k\u00fc ekilmeye \u00e7al\u0131\u015f\u0131ld\u0131\u011f\u0131nda bu sa\u00e7lar\u0131 do\u011fal a\u00e7\u0131 ve y\u00f6n ile ekmeleri imkans\u0131zla\u015facakt\u0131r.<\/p>\t\t\t\t\t<\/div>\n\t\t\t\t\t\t<\/div>\n\t\t\t\t<\/div>\n\t\t\t\t\t\t<\/div>\n\t\t\t\t\t<\/div>\n\t\t<\/div>\n\t\t\t\t\t\t\t\t<\/div>\n\t\t\t\t\t<\/div>\n\t\t<\/section>\n\t\t\t\t\t\t<\/div>\n\t\t\t\t\t\t<\/div>\n\t\t\t\t\t<\/div>\n\t\t","protected":false},"excerpt":{"rendered":"<p>Sa\u00e7 Ekimi KULLANILAN SA\u00c7 EK\u0130M TEKN\u0130KLER\u0130 a) FUE (Folik\u00fcler \u00dcnite Ekstraksiyonu) Sa\u00e7 Ekimine Haz\u0131rl\u0131k Bu safha sa\u00e7lar\u0131n toplanaca\u011f\u0131 alan\u0131n dezenfekte edilmesini ve anestezi uygulamas\u0131n\u0131n yap\u0131lmas\u0131n\u0131 ifade etmektedir. Bu b\u00f6l\u00fcm sa\u00e7 ekimi i\u015fleminin \u00f6ncesine ait&nbsp; bir uygulama olsa da t\u00fcm operasyonun konforunu belirleyen bir a\u015fama olmaktad\u0131r. Anestezi (lokal)\u00f6zel i\u011fneler veya aparatlar yard\u0131m\u0131yla yap\u0131lan bir i\u015flemdir. Sa\u00e7 [&hellip;]<\/p>\n","protected":false},"author":5,"featured_media":0,"parent":0,"menu_order":0,"comment_status":"closed","ping_status":"closed","template":"","meta":{"ngg_post_thumbnail":0},"yst_prominent_words":[],"_links":{"self":[{"href":"https:\/\/www.ademhavva.com.tr\/tr\/wp-json\/wp\/v2\/pages\/11294"}],"collection":[{"href":"https:\/\/www.ademhavva.com.tr\/tr\/wp-json\/wp\/v2\/pages"}],"about":[{"href":"https:\/\/www.ademhavva.com.tr\/tr\/wp-json\/wp\/v2\/types\/page"}],"author":[{"embeddable":true,"href":"https:\/\/www.ademhavva.com.tr\/tr\/wp-json\/wp\/v2\/users\/5"}],"replies":[{"embeddable":true,"href":"https:\/\/www.ademhavva.com.tr\/tr\/wp-json\/wp\/v2\/comments?post=11294"}],"version-history":[{"count":1,"href":"https:\/\/www.ademhavva.com.tr\/tr\/wp-json\/wp\/v2\/pages\/11294\/revisions"}],"predecessor-version":[{"id":16344,"href":"https:\/\/www.ademhavva.com.tr\/tr\/wp-json\/wp\/v2\/pages\/11294\/revisions\/16344"}],"wp:attachment":[{"href":"https:\/\/www.ademhavva.com.tr\/tr\/wp-json\/wp\/v2\/media?parent=11294"}],"wp:term":[{"taxonomy":"yst_prominent_words","embeddable":true,"href":"https:\/\/www.ademhavva.com.tr\/tr\/wp-json\/wp\/v2\/yst_prominent_words?post=11294"}],"curies":[{"name":"wp","href":"https:\/\/api.w.org\/{rel}","templated":true}]}}