{"id":13377,"date":"2020-06-01T12:20:37","date_gmt":"2020-06-01T12:20:37","guid":{"rendered":"http:\/\/www.ademhavvaclinic.com\/face-lift\/"},"modified":"2020-06-01T12:20:37","modified_gmt":"2020-06-01T12:20:37","slug":"face-lift","status":"publish","type":"page","link":"https:\/\/www.ademhavva.com.tr\/pt-br\/face-lift\/","title":{"rendered":"Face Lift"},"content":{"rendered":"\t\t<div data-elementor-type=\"wp-post\" data-elementor-id=\"13377\" class=\"elementor elementor-13377 elementor-6946 elementor-bc-flex-widget\" data-elementor-settings=\"[]\">\n\t\t\t\t\t\t<div class=\"elementor-inner\">\n\t\t\t\t\t\t\t<div class=\"elementor-section-wrap\">\n\t\t\t\t\t\t\t<section class=\"elementor-section elementor-top-section elementor-element elementor-element-f40f521 elementor-section-boxed elementor-section-height-default elementor-section-height-default default-style\" data-id=\"f40f521\" data-element_type=\"section\" data-settings=\"{&quot;rt_color_sets&quot;:&quot;default-style&quot;}\">\n\t\t\t\t\t\t<div class=\"elementor-container elementor-column-gap-default\">\n\t\t\t\t\t\t\t<div class=\"elementor-row\">\n\t\t\t\t\t<div class=\"elementor-column elementor-col-100 elementor-top-column elementor-element elementor-element-07b3169\" data-id=\"07b3169\" data-element_type=\"column\">\n\t\t\t<div class=\"elementor-column-wrap elementor-element-populated\">\n\t\t\t\t\t\t\t<div class=\"elementor-widget-wrap\">\n\t\t\t\t\t\t<div class=\"elementor-element elementor-element-163967c elementor-widget-divider--view-line elementor-widget elementor-widget-divider\" data-id=\"163967c\" data-element_type=\"widget\" data-widget_type=\"divider.default\">\n\t\t\t\t<div class=\"elementor-widget-container\">\n\t\t\t\t\t<div class=\"elementor-divider\">\n\t\t\t<span class=\"elementor-divider-separator\">\n\t\t\t\t\t\t<\/span>\n\t\t<\/div>\n\t\t\t\t<\/div>\n\t\t\t\t<\/div>\n\t\t\t\t\t\t<\/div>\n\t\t\t\t\t<\/div>\n\t\t<\/div>\n\t\t\t\t\t\t\t\t<\/div>\n\t\t\t\t\t<\/div>\n\t\t<\/section>\n\t\t\t\t<section class=\"elementor-section elementor-top-section elementor-element elementor-element-52c887f elementor-section-boxed elementor-section-height-default elementor-section-height-default default-style\" data-id=\"52c887f\" data-element_type=\"section\" data-settings=\"{&quot;rt_color_sets&quot;:&quot;default-style&quot;}\">\n\t\t\t\t\t\t<div class=\"elementor-container elementor-column-gap-default\">\n\t\t\t\t\t\t\t<div class=\"elementor-row\">\n\t\t\t\t\t<div class=\"elementor-column elementor-col-100 elementor-top-column elementor-element elementor-element-a2b436a\" data-id=\"a2b436a\" data-element_type=\"column\">\n\t\t\t<div class=\"elementor-column-wrap elementor-element-populated\">\n\t\t\t\t\t\t\t<div class=\"elementor-widget-wrap\">\n\t\t\t\t\t\t<div class=\"elementor-element elementor-element-fbc5575 elementor-widget elementor-widget-heading\" data-id=\"fbc5575\" data-element_type=\"widget\" data-widget_type=\"heading.default\">\n\t\t\t\t<div class=\"elementor-widget-container\">\n\t\t\t<h4 class=\"elementor-heading-title elementor-size-default\">Face Lift<\/h4>\t\t<\/div>\n\t\t\t\t<\/div>\n\t\t\t\t\t\t<\/div>\n\t\t\t\t\t<\/div>\n\t\t<\/div>\n\t\t\t\t\t\t\t\t<\/div>\n\t\t\t\t\t<\/div>\n\t\t<\/section>\n\t\t\t\t<section class=\"elementor-section elementor-top-section elementor-element elementor-element-5fea1da elementor-section-boxed elementor-section-height-default elementor-section-height-default default-style\" data-id=\"5fea1da\" data-element_type=\"section\" data-settings=\"{&quot;rt_color_sets&quot;:&quot;default-style&quot;}\">\n\t\t\t\t\t\t<div class=\"elementor-container elementor-column-gap-default\">\n\t\t\t\t\t\t\t<div class=\"elementor-row\">\n\t\t\t\t\t<div class=\"elementor-column elementor-col-100 elementor-top-column elementor-element elementor-element-a5d9e01\" data-id=\"a5d9e01\" data-element_type=\"column\">\n\t\t\t<div class=\"elementor-column-wrap elementor-element-populated\">\n\t\t\t\t\t\t\t<div class=\"elementor-widget-wrap\">\n\t\t\t\t\t\t<div class=\"elementor-element elementor-element-3421fb4 elementor-widget elementor-widget-image\" data-id=\"3421fb4\" data-element_type=\"widget\" data-widget_type=\"image.default\">\n\t\t\t\t<div class=\"elementor-widget-container\">\n\t\t\t\t\t\t\t\t<div class=\"elementor-image\">\n\t\t\t\t\t\t\t\t\t\t\t\t<img width=\"1430\" height=\"510\" src=\"https:\/\/www.ademhavva.com.tr\/wp-content\/uploads\/2018\/10\/facelift.jpg\" class=\"attachment-full size-full\" alt=\"\" loading=\"lazy\" srcset=\"https:\/\/www.ademhavva.com.tr\/wp-content\/uploads\/2018\/10\/facelift.jpg 1430w, https:\/\/www.ademhavva.com.tr\/wp-content\/uploads\/2018\/10\/facelift-300x107.jpg 300w, https:\/\/www.ademhavva.com.tr\/wp-content\/uploads\/2018\/10\/facelift-768x274.jpg 768w, https:\/\/www.ademhavva.com.tr\/wp-content\/uploads\/2018\/10\/facelift-1024x365.jpg 1024w, https:\/\/www.ademhavva.com.tr\/wp-content\/uploads\/2018\/10\/facelift-715x255.jpg 715w, https:\/\/www.ademhavva.com.tr\/wp-content\/uploads\/2018\/10\/facelift-1220x435.jpg 1220w, https:\/\/www.ademhavva.com.tr\/wp-content\/uploads\/2018\/10\/facelift-915x326.jpg 915w, https:\/\/www.ademhavva.com.tr\/wp-content\/uploads\/2018\/10\/facelift-600x214.jpg 600w, https:\/\/www.ademhavva.com.tr\/wp-content\/uploads\/2018\/10\/facelift-393x140.jpg 393w, https:\/\/www.ademhavva.com.tr\/wp-content\/uploads\/2018\/10\/facelift-290x103.jpg 290w\" sizes=\"(max-width: 1430px) 100vw, 1430px\" \/>\t\t\t\t\t\t\t\t\t\t\t\t\t\t<\/div>\n\t\t\t\t\t\t<\/div>\n\t\t\t\t<\/div>\n\t\t\t\t\t\t<\/div>\n\t\t\t\t\t<\/div>\n\t\t<\/div>\n\t\t\t\t\t\t\t\t<\/div>\n\t\t\t\t\t<\/div>\n\t\t<\/section>\n\t\t\t\t<section class=\"elementor-section elementor-top-section elementor-element elementor-element-f3c928b elementor-section-boxed elementor-section-height-default elementor-section-height-default default-style\" data-id=\"f3c928b\" data-element_type=\"section\" data-settings=\"{&quot;rt_color_sets&quot;:&quot;default-style&quot;}\">\n\t\t\t\t\t\t<div class=\"elementor-container elementor-column-gap-default\">\n\t\t\t\t\t\t\t<div class=\"elementor-row\">\n\t\t\t\t\t<div class=\"elementor-column elementor-col-100 elementor-top-column elementor-element elementor-element-674ea44\" data-id=\"674ea44\" data-element_type=\"column\">\n\t\t\t<div class=\"elementor-column-wrap elementor-element-populated\">\n\t\t\t\t\t\t\t<div class=\"elementor-widget-wrap\">\n\t\t\t\t\t\t<div class=\"elementor-element elementor-element-9faf210 elementor-widget elementor-widget-text-editor\" data-id=\"9faf210\" data-element_type=\"widget\" data-widget_type=\"text-editor.default\">\n\t\t\t\t<div class=\"elementor-widget-container\">\n\t\t\t\t\t\t\t\t<div class=\"elementor-text-editor elementor-clearfix\">\n\t\t\t\t<p>Pelo impacto da exposi\u00e7\u00e3o ao sol, tens\u00f5es e gravidade come\u00e7am a aparecer em nossos rostos. Esses sinais de envelhecimento se manifestam em vincos profundos, folga da linha da mand\u00edbula e dobras e dep\u00f3sitos de gordura no pesco\u00e7o.<\/p>\n<p>O lifting facial ou a ritidoplastia \u00e9 uma op\u00e7\u00e3o vi\u00e1vel para combater esses problemas, removendo a gordura e fortalecendo a pele e os m\u00fasculos &#8211; deixando o rosto com uma apar\u00eancia jovem e vibrante.<\/p>\n<p>A cirurgia pl\u00e1stica facial \u00e9 uma escolha popular entre muitos indiv\u00edduos do sexo masculino e feminino que buscam melhorar a apar\u00eancia do rosto e reduzir os sinais de envelhecimento facial.<\/p>\n<p>Total: lifting facial + lifting de sobrancelha + lifting de pesco\u00e7o<\/p>\n<p>Metade: Facelift + eleva\u00e7\u00e3o do pesco\u00e7o<\/p>\n<p>Bons candidatos \u00e0 cirurgia pl\u00e1stica<\/p>\n<p>Um candidato ideal para cirurgia pl\u00e1stica \u00e9 quem<\/p>\n<p>Possui boa elasticidade da pele<\/p>\n<p>Estrutura \u00f3ssea forte<\/p>\n<p>N\u00e3o fumantes<\/p>\n<p>Boa sa\u00fade<\/p>\n<p>Pele solta<\/p>\n<p>Antes do procedimento<\/p>\n<p>Um m\u00eas antes da cirurgia do lifting facial: \u00e9 altamente recomend\u00e1vel parar completamente de fumar pelo menos tr\u00eas semanas antes do lifting.<\/p>\n<p>Uma semana antes da cirurgia pl\u00e1stica: Evite tomar medicamentos como aspirina.<\/p>\n<p>Um dia antes da cirurgia pl\u00e1stica: Voc\u00ea n\u00e3o deve ingerir alimentos e bebidas ap\u00f3s a meia-noite da noite anterior \u00e0 cirurgia pl\u00e1stica na Turquia.<\/p>\n<p>O dia da cirurgia pl\u00e1stica: certifique-se de usar roupas largas para ajud\u00e1-lo a se sentir confort\u00e1vel durante a cirurgia. N\u00e3o aplique hidratantes ou outros produtos cosm\u00e9ticos no rosto, cabe\u00e7a ou pesco\u00e7o.<\/p>\n<p>Procedimento de lifting<\/p>\n<p>Os cirurgi\u00f5es pl\u00e1sticos da ADEM &amp; HAVVA come\u00e7am com uma incis\u00e3o na \u00e1rea do templo. A pele \u00e9 levantada suavemente \u00e0 medida que o cirurgi\u00e3o reposiciona e aperta o m\u00fasculo subjacente e o tecido conjuntivo. Em alguns casos, a gordura pode ser removida, bem como o excesso de pele.<\/p>\n<p>Para pacientes do sexo masculino, a incis\u00e3o \u00e9 aplicada para acomodar a linha natural da barba. Na maioria dos casos, as incis\u00f5es s\u00e3o feitas onde caem em um vinco natural da pele para camuflar qualquer marca ou cicatriz. Ap\u00f3s aparar o excesso de pele, o cirurgi\u00e3o pl\u00e1stico fechar\u00e1 a incis\u00e3o com suturas finas ou clipes de metal. Dependendo da extens\u00e3o das t\u00e9cnicas faciais empregadas pelo cirurgi\u00e3o, um lifting facial pode levar entre duas a quatro horas.<\/p>\n<p>Ap\u00f3s a cirurgia pl\u00e1stica, o cirurgi\u00e3o aplicar\u00e1 um curativo para proteger toda a \u00e1rea onde as incis\u00f5es foram feitas.<\/p>\n<p>Ap\u00f3s o procedimento<\/p>\n<p>Um dia ap\u00f3s o lifting: voc\u00ea ser\u00e1 solicitado a permanecer na instala\u00e7\u00e3o durante a noite. Nosso m\u00e9dico examinar\u00e1 seu rosto e incis\u00f5es e fornecer\u00e1 instru\u00e7\u00f5es gerais para cuidados posteriores e o uso adequado de curativos de suporte.<\/p>\n<p>Uma semana ap\u00f3s o lifting facial: Evite aspirina e quaisquer medicamentos anti-inflamat\u00f3rios nos primeiros dias ap\u00f3s a cirurgia facial. Fumar e exposi\u00e7\u00e3o ao fumo passivo devem ser evitados para evitar atrasos no processo de cicatriza\u00e7\u00e3o.<\/p>\n<p>Um m\u00eas ap\u00f3s o lifting facial: pode levar alguns meses para que o incha\u00e7o resultante do lifting facial diminua. As cicatrizes da incis\u00e3o desaparecer\u00e3o em 6 meses. Evite ser exposto ao sol durante o per\u00edodo de recupera\u00e7\u00e3o para atingir todos os seus objetivos de apar\u00eancia com seguran\u00e7a e sem dor.<\/p>\n<p>Riscos gerais do facelift<\/p>\n<p>Cicatriz<\/p>\n<p>Incha\u00e7o e contus\u00f5es<\/p>\n<p>Perda de cabelo<\/p>\n<p>Perda de pele<\/p>\n<p>perguntas frequentes<\/p>\n<p>Onde ser\u00e3o feitas as incis\u00f5es durante a cirurgia do lifting facial?<\/p>\n<p>Normalmente, as incis\u00f5es feitas durante a cirurgia pl\u00e1stica s\u00e3o colocadas em torno da parte frontal da orelha e atr\u00e1s da linha do couro cabeludo.<\/p>\n<p>Quando \u00e9 a melhor \u00e9poca do ano para se submeter \u00e0 cirurgia pl\u00e1stica facial?<\/p>\n<p>O inverno \u00e9 a melhor \u00e9poca para se submeter a uma cirurgia pl\u00e1stica na Turquia, para evitar a exposi\u00e7\u00e3o ao sol ap\u00f3s a opera\u00e7\u00e3o.<\/p>\n<p>Quando \u00e9 poss\u00edvel usar maquiagem ap\u00f3s a cirurgia de lifting facial?<\/p>\n<p>Duas semanas ap\u00f3s a cirurgia pl\u00e1stica.<\/p>\n<p>Minha estrutura facial ser\u00e1 alterada ap\u00f3s a cirurgia do Facelift?<\/p>\n<p>O lifting facial n\u00e3o altera ou altera os recursos naturais de um paciente.<\/p>\n\t\t\t\t\t<\/div>\n\t\t\t\t\t\t<\/div>\n\t\t\t\t<\/div>\n\t\t\t\t\t\t<\/div>\n\t\t\t\t\t<\/div>\n\t\t<\/div>\n\t\t\t\t\t\t\t\t<\/div>\n\t\t\t\t\t<\/div>\n\t\t<\/section>\n\t\t\t\t\t\t<\/div>\n\t\t\t\t\t\t<\/div>\n\t\t\t\t\t<\/div>\n\t\t","protected":false},"excerpt":{"rendered":"<p>Face Lift Pelo impacto da exposi\u00e7\u00e3o ao sol, tens\u00f5es e gravidade come\u00e7am a aparecer em nossos rostos. Esses sinais de envelhecimento se manifestam em vincos profundos, folga da linha da mand\u00edbula e dobras e dep\u00f3sitos de gordura no pesco\u00e7o. O lifting facial ou a ritidoplastia \u00e9 uma op\u00e7\u00e3o vi\u00e1vel para combater esses problemas, removendo a [&hellip;]<\/p>\n","protected":false},"author":4,"featured_media":0,"parent":0,"menu_order":0,"comment_status":"closed","ping_status":"closed","template":"","meta":{"ngg_post_thumbnail":0},"yst_prominent_words":[],"_links":{"self":[{"href":"https:\/\/www.ademhavva.com.tr\/pt-br\/wp-json\/wp\/v2\/pages\/13377"}],"collection":[{"href":"https:\/\/www.ademhavva.com.tr\/pt-br\/wp-json\/wp\/v2\/pages"}],"about":[{"href":"https:\/\/www.ademhavva.com.tr\/pt-br\/wp-json\/wp\/v2\/types\/page"}],"author":[{"embeddable":true,"href":"https:\/\/www.ademhavva.com.tr\/pt-br\/wp-json\/wp\/v2\/users\/4"}],"replies":[{"embeddable":true,"href":"https:\/\/www.ademhavva.com.tr\/pt-br\/wp-json\/wp\/v2\/comments?post=13377"}],"version-history":[{"count":0,"href":"https:\/\/www.ademhavva.com.tr\/pt-br\/wp-json\/wp\/v2\/pages\/13377\/revisions"}],"wp:attachment":[{"href":"https:\/\/www.ademhavva.com.tr\/pt-br\/wp-json\/wp\/v2\/media?parent=13377"}],"wp:term":[{"taxonomy":"yst_prominent_words","embeddable":true,"href":"https:\/\/www.ademhavva.com.tr\/pt-br\/wp-json\/wp\/v2\/yst_prominent_words?post=13377"}],"curies":[{"name":"wp","href":"https:\/\/api.w.org\/{rel}","templated":true}]}}