{"id":13373,"date":"2020-06-01T12:18:06","date_gmt":"2020-06-01T12:18:06","guid":{"rendered":"http:\/\/www.ademhavvaclinic.com\/estetica-medica\/"},"modified":"2020-06-01T12:18:06","modified_gmt":"2020-06-01T12:18:06","slug":"estetica-medica","status":"publish","type":"page","link":"https:\/\/www.ademhavva.com.tr\/pt-br\/estetica-medica\/","title":{"rendered":"Est\u00e9tica M\u00e9dica"},"content":{"rendered":"\t\t<div data-elementor-type=\"wp-post\" data-elementor-id=\"13373\" class=\"elementor elementor-13373 elementor-6948\" data-elementor-settings=\"[]\">\n\t\t\t\t\t\t<div class=\"elementor-inner\">\n\t\t\t\t\t\t\t<div class=\"elementor-section-wrap\">\n\t\t\t\t\t\t\t<section class=\"elementor-section elementor-top-section elementor-element elementor-element-a557d82 elementor-section-boxed elementor-section-height-default elementor-section-height-default default-style\" data-id=\"a557d82\" data-element_type=\"section\" data-settings=\"{&quot;rt_color_sets&quot;:&quot;default-style&quot;}\">\n\t\t\t\t\t\t<div class=\"elementor-container elementor-column-gap-default\">\n\t\t\t\t\t\t\t<div class=\"elementor-row\">\n\t\t\t\t\t<div class=\"elementor-column elementor-col-100 elementor-top-column elementor-element elementor-element-76256ec\" data-id=\"76256ec\" data-element_type=\"column\">\n\t\t\t<div class=\"elementor-column-wrap elementor-element-populated\">\n\t\t\t\t\t\t\t<div class=\"elementor-widget-wrap\">\n\t\t\t\t\t\t<div class=\"elementor-element elementor-element-ea0dd5a elementor-widget-divider--view-line elementor-widget elementor-widget-divider\" data-id=\"ea0dd5a\" data-element_type=\"widget\" data-widget_type=\"divider.default\">\n\t\t\t\t<div class=\"elementor-widget-container\">\n\t\t\t\t\t<div class=\"elementor-divider\">\n\t\t\t<span class=\"elementor-divider-separator\">\n\t\t\t\t\t\t<\/span>\n\t\t<\/div>\n\t\t\t\t<\/div>\n\t\t\t\t<\/div>\n\t\t\t\t\t\t<\/div>\n\t\t\t\t\t<\/div>\n\t\t<\/div>\n\t\t\t\t\t\t\t\t<\/div>\n\t\t\t\t\t<\/div>\n\t\t<\/section>\n\t\t\t\t<section class=\"elementor-section elementor-top-section elementor-element elementor-element-a450fc6 elementor-section-boxed elementor-section-height-default elementor-section-height-default default-style\" data-id=\"a450fc6\" data-element_type=\"section\" data-settings=\"{&quot;rt_color_sets&quot;:&quot;default-style&quot;}\">\n\t\t\t\t\t\t<div class=\"elementor-container elementor-column-gap-default\">\n\t\t\t\t\t\t\t<div class=\"elementor-row\">\n\t\t\t\t\t<div class=\"elementor-column elementor-col-100 elementor-top-column elementor-element elementor-element-0253d9e\" data-id=\"0253d9e\" data-element_type=\"column\">\n\t\t\t<div class=\"elementor-column-wrap elementor-element-populated\">\n\t\t\t\t\t\t\t<div class=\"elementor-widget-wrap\">\n\t\t\t\t\t\t<div class=\"elementor-element elementor-element-b572032 elementor-widget elementor-widget-heading\" data-id=\"b572032\" data-element_type=\"widget\" data-widget_type=\"heading.default\">\n\t\t\t\t<div class=\"elementor-widget-container\">\n\t\t\t<h4 class=\"elementor-heading-title elementor-size-default\">Est\u00e9tica M\u00e9dica<\/h4>\t\t<\/div>\n\t\t\t\t<\/div>\n\t\t\t\t\t\t<\/div>\n\t\t\t\t\t<\/div>\n\t\t<\/div>\n\t\t\t\t\t\t\t\t<\/div>\n\t\t\t\t\t<\/div>\n\t\t<\/section>\n\t\t\t\t<section class=\"elementor-section elementor-top-section elementor-element elementor-element-00fd3bb elementor-section-boxed elementor-section-height-default elementor-section-height-default default-style\" data-id=\"00fd3bb\" data-element_type=\"section\" data-settings=\"{&quot;rt_color_sets&quot;:&quot;default-style&quot;}\">\n\t\t\t\t\t\t<div class=\"elementor-container elementor-column-gap-default\">\n\t\t\t\t\t\t\t<div class=\"elementor-row\">\n\t\t\t\t\t<div class=\"elementor-column elementor-col-100 elementor-top-column elementor-element elementor-element-c5529f2\" data-id=\"c5529f2\" data-element_type=\"column\">\n\t\t\t<div class=\"elementor-column-wrap elementor-element-populated\">\n\t\t\t\t\t\t\t<div class=\"elementor-widget-wrap\">\n\t\t\t\t\t\t<div class=\"elementor-element elementor-element-aab3a28 elementor-widget elementor-widget-image\" data-id=\"aab3a28\" data-element_type=\"widget\" data-widget_type=\"image.default\">\n\t\t\t\t<div class=\"elementor-widget-container\">\n\t\t\t\t\t\t\t\t<div class=\"elementor-image\">\n\t\t\t\t\t\t\t\t\t\t\t\t<img width=\"1430\" height=\"510\" src=\"https:\/\/www.ademhavva.com.tr\/wp-content\/uploads\/2018\/10\/medical.jpg\" class=\"attachment-full size-full\" alt=\"\" loading=\"lazy\" srcset=\"https:\/\/www.ademhavva.com.tr\/wp-content\/uploads\/2018\/10\/medical.jpg 1430w, https:\/\/www.ademhavva.com.tr\/wp-content\/uploads\/2018\/10\/medical-300x107.jpg 300w, https:\/\/www.ademhavva.com.tr\/wp-content\/uploads\/2018\/10\/medical-768x274.jpg 768w, https:\/\/www.ademhavva.com.tr\/wp-content\/uploads\/2018\/10\/medical-1024x365.jpg 1024w, https:\/\/www.ademhavva.com.tr\/wp-content\/uploads\/2018\/10\/medical-715x255.jpg 715w, https:\/\/www.ademhavva.com.tr\/wp-content\/uploads\/2018\/10\/medical-1220x435.jpg 1220w, https:\/\/www.ademhavva.com.tr\/wp-content\/uploads\/2018\/10\/medical-915x326.jpg 915w, https:\/\/www.ademhavva.com.tr\/wp-content\/uploads\/2018\/10\/medical-600x214.jpg 600w, https:\/\/www.ademhavva.com.tr\/wp-content\/uploads\/2018\/10\/medical-393x140.jpg 393w, https:\/\/www.ademhavva.com.tr\/wp-content\/uploads\/2018\/10\/medical-290x103.jpg 290w\" sizes=\"(max-width: 1430px) 100vw, 1430px\" \/>\t\t\t\t\t\t\t\t\t\t\t\t\t\t<\/div>\n\t\t\t\t\t\t<\/div>\n\t\t\t\t<\/div>\n\t\t\t\t\t\t<\/div>\n\t\t\t\t\t<\/div>\n\t\t<\/div>\n\t\t\t\t\t\t\t\t<\/div>\n\t\t\t\t\t<\/div>\n\t\t<\/section>\n\t\t\t\t<section class=\"elementor-section elementor-top-section elementor-element elementor-element-94cee12 elementor-section-boxed elementor-section-height-default elementor-section-height-default default-style\" data-id=\"94cee12\" data-element_type=\"section\" data-settings=\"{&quot;rt_color_sets&quot;:&quot;default-style&quot;}\">\n\t\t\t\t\t\t<div class=\"elementor-container elementor-column-gap-default\">\n\t\t\t\t\t\t\t<div class=\"elementor-row\">\n\t\t\t\t\t<div class=\"elementor-column elementor-col-100 elementor-top-column elementor-element elementor-element-80b4a03\" data-id=\"80b4a03\" data-element_type=\"column\">\n\t\t\t<div class=\"elementor-column-wrap elementor-element-populated\">\n\t\t\t\t\t\t\t<div class=\"elementor-widget-wrap\">\n\t\t\t\t\t\t<div class=\"elementor-element elementor-element-31ef008 elementor-widget elementor-widget-text-editor\" data-id=\"31ef008\" data-element_type=\"widget\" data-widget_type=\"text-editor.default\">\n\t\t\t\t<div class=\"elementor-widget-container\">\n\t\t\t\t\t\t\t\t<div class=\"elementor-text-editor elementor-clearfix\">\n\t\t\t\t<p>N\u00e3o \u00e9 segredo Hoje, as mulheres podem reduzir, prevenir ou at\u00e9 apagar os sinais de envelhecimento e danos \u00e0 pele sem recorrer \u00e0 cirurgia. De fato, h\u00e1 chances de conhecer algu\u00e9m que teve um tratamento est\u00e9tico n\u00e3o cir\u00fargico; como inje\u00e7\u00f5es, peelings qu\u00edmicos, microdermoabras\u00e3o e tratamentos a laser para rugas, linhas faciais, excesso de cabelo, vasos sangu\u00edneos quebrados, poros dilatados e cicatrizes de acne. Dado o crescente interesse em tratamentos est\u00e9ticos, \u00e9 importante lembrar que estes s\u00e3o tratamentos m\u00e9dicos e, com todos os procedimentos m\u00e9dicos &#8211; mesmo cosm\u00e9ticos, os consumidores \/ pacientes precisam estar cientes dos riscos potenciais. Para reduzir o risco de complica\u00e7\u00f5es e garantir que voc\u00ea obtenha os melhores resultados poss\u00edveis, \u00e9 importante escolher o procedimento e os produtos certos no momento certo. Igualmente importante \u00e9 escolher um profissional de sa\u00fade qualificado, treinado para prescrever ou administrar tratamentos cosm\u00e9ticos, e que possa ajud\u00e1-lo a tomar uma decis\u00e3o informada.<br \/>\nN\u00f3s, da Adem &amp; Havva, podemos magicamente reverter o tempo e anatomicamente recuperar a sua vida com nossos m\u00e9dicos profissionais incompar\u00e1veis, que n\u00e3o apenas t\u00eam habilidades e experi\u00eancias, mas tamb\u00e9m t\u00eam grande fama a esse respeito.<br \/>\nTratamentos est\u00e9ticos m\u00e9dicos;<br \/>\n\u2022 Rejuvenescimento das m\u00e3os<br \/>\n\u2022 lifting facial n\u00e3o cir\u00fargico<br \/>\n\u2022 Botox<br \/>\n\u2022 Enchimentos faciais<br \/>\n\u2022 Preenchimentos Clareamento dos Olhos Ocos<br \/>\n\u2022 Nariz de preenchimento (corre\u00e7\u00e3o n\u00e3o cir\u00fargica do nariz)<br \/>\n\u2022 Tratamento de contrata\u00e7\u00e3o de fator de crescimento<br \/>\n\u2022 PRP para cabelos<br \/>\n\u2022 PRP para rosto<br \/>\n\u2022 Mesoterapia para cabelos<br \/>\n\u2022 Mesoterapia para o rosto<br \/>\n\u2022 Peeling qu\u00edmico<br \/>\n\u2022 Contorno labial permanente<br \/>\n\u2022 maquiagem permanente sobrancelha<br \/>\n\u2022 Estimula\u00e7\u00e3o capilar<br \/>\n\u2022 Mesoterapia Corporal<br \/>\n\u2022 Terapia com oz\u00f4nio<br \/>\n\u2022 Terapia da rainha<br \/>\n\u2022 Hijama<br \/>\n\u2022 Dermapen<br \/>\n\u2022 vacina para jovens<br \/>\n\u2022 Agulha de ouro rf<br \/>\n\u2022 Fokus Ultrason<br \/>\n\u2022 Tratamento de enxaqueca com botox<br \/>\n\u2022 Transpira\u00e7\u00e3o por Botox<br \/>\n\u2022 Botox Face Lift Cheio<br \/>\n\u2022 Botox<br \/>\nLip\u00f3lise<br \/>\n\u2022 Lip\u00f3lise do oz\u00f4nio<br \/>\nTerapia com glutationa<br \/>\n\u2022 DNA de salm\u00e3o<\/p>\n\t\t\t\t\t<\/div>\n\t\t\t\t\t\t<\/div>\n\t\t\t\t<\/div>\n\t\t\t\t\t\t<\/div>\n\t\t\t\t\t<\/div>\n\t\t<\/div>\n\t\t\t\t\t\t\t\t<\/div>\n\t\t\t\t\t<\/div>\n\t\t<\/section>\n\t\t\t\t\t\t<\/div>\n\t\t\t\t\t\t<\/div>\n\t\t\t\t\t<\/div>\n\t\t","protected":false},"excerpt":{"rendered":"<p>Est\u00e9tica M\u00e9dica N\u00e3o \u00e9 segredo Hoje, as mulheres podem reduzir, prevenir ou at\u00e9 apagar os sinais de envelhecimento e danos \u00e0 pele sem recorrer \u00e0 cirurgia. De fato, h\u00e1 chances de conhecer algu\u00e9m que teve um tratamento est\u00e9tico n\u00e3o cir\u00fargico; como inje\u00e7\u00f5es, peelings qu\u00edmicos, microdermoabras\u00e3o e tratamentos a laser para rugas, linhas faciais, excesso de [&hellip;]<\/p>\n","protected":false},"author":4,"featured_media":0,"parent":0,"menu_order":0,"comment_status":"closed","ping_status":"closed","template":"","meta":{"ngg_post_thumbnail":0},"yst_prominent_words":[],"_links":{"self":[{"href":"https:\/\/www.ademhavva.com.tr\/pt-br\/wp-json\/wp\/v2\/pages\/13373"}],"collection":[{"href":"https:\/\/www.ademhavva.com.tr\/pt-br\/wp-json\/wp\/v2\/pages"}],"about":[{"href":"https:\/\/www.ademhavva.com.tr\/pt-br\/wp-json\/wp\/v2\/types\/page"}],"author":[{"embeddable":true,"href":"https:\/\/www.ademhavva.com.tr\/pt-br\/wp-json\/wp\/v2\/users\/4"}],"replies":[{"embeddable":true,"href":"https:\/\/www.ademhavva.com.tr\/pt-br\/wp-json\/wp\/v2\/comments?post=13373"}],"version-history":[{"count":0,"href":"https:\/\/www.ademhavva.com.tr\/pt-br\/wp-json\/wp\/v2\/pages\/13373\/revisions"}],"wp:attachment":[{"href":"https:\/\/www.ademhavva.com.tr\/pt-br\/wp-json\/wp\/v2\/media?parent=13373"}],"wp:term":[{"taxonomy":"yst_prominent_words","embeddable":true,"href":"https:\/\/www.ademhavva.com.tr\/pt-br\/wp-json\/wp\/v2\/yst_prominent_words?post=13373"}],"curies":[{"name":"wp","href":"https:\/\/api.w.org\/{rel}","templated":true}]}}