{"id":12396,"date":"2019-11-18T08:22:48","date_gmt":"2019-11-18T08:22:48","guid":{"rendered":"https:\/\/www.ademhavvaclinic.com\/estetica-dental\/"},"modified":"2019-11-18T08:23:01","modified_gmt":"2019-11-18T08:23:01","slug":"estetica-dental","status":"publish","type":"page","link":"https:\/\/www.ademhavva.com.tr\/pt-br\/estetica-dental\/","title":{"rendered":"Est\u00e9tica Dental"},"content":{"rendered":"\t\t<div data-elementor-type=\"wp-post\" data-elementor-id=\"12396\" class=\"elementor elementor-12396 elementor-150 elementor-bc-flex-widget\" data-elementor-settings=\"[]\">\n\t\t\t\t\t\t<div class=\"elementor-inner\">\n\t\t\t\t\t\t\t<div class=\"elementor-section-wrap\">\n\t\t\t\t\t\t\t<section class=\"elementor-section elementor-top-section elementor-element elementor-element-a8e15f1 elementor-section-boxed elementor-section-height-default elementor-section-height-default default-style\" data-id=\"a8e15f1\" data-element_type=\"section\" data-settings=\"{&quot;rt_color_sets&quot;:&quot;default-style&quot;}\">\n\t\t\t\t\t\t<div class=\"elementor-container elementor-column-gap-default\">\n\t\t\t\t\t\t\t<div class=\"elementor-row\">\n\t\t\t\t\t<div class=\"elementor-column elementor-col-100 elementor-top-column elementor-element elementor-element-8e04afe\" data-id=\"8e04afe\" data-element_type=\"column\">\n\t\t\t<div class=\"elementor-column-wrap elementor-element-populated\">\n\t\t\t\t\t\t\t<div class=\"elementor-widget-wrap\">\n\t\t\t\t\t\t<div class=\"elementor-element elementor-element-3bf9604 elementor-widget-divider--view-line elementor-widget elementor-widget-divider\" data-id=\"3bf9604\" data-element_type=\"widget\" data-widget_type=\"divider.default\">\n\t\t\t\t<div class=\"elementor-widget-container\">\n\t\t\t\t\t<div class=\"elementor-divider\">\n\t\t\t<span class=\"elementor-divider-separator\">\n\t\t\t\t\t\t<\/span>\n\t\t<\/div>\n\t\t\t\t<\/div>\n\t\t\t\t<\/div>\n\t\t\t\t\t\t<\/div>\n\t\t\t\t\t<\/div>\n\t\t<\/div>\n\t\t\t\t\t\t\t\t<\/div>\n\t\t\t\t\t<\/div>\n\t\t<\/section>\n\t\t\t\t<section class=\"elementor-section elementor-top-section elementor-element elementor-element-b8f44f4 elementor-section-boxed elementor-section-height-default elementor-section-height-default default-style\" data-id=\"b8f44f4\" data-element_type=\"section\" data-settings=\"{&quot;rt_color_sets&quot;:&quot;default-style&quot;}\">\n\t\t\t\t\t\t<div class=\"elementor-container elementor-column-gap-default\">\n\t\t\t\t\t\t\t<div class=\"elementor-row\">\n\t\t\t\t\t<div class=\"elementor-column elementor-col-33 elementor-top-column elementor-element elementor-element-e3971c3\" data-id=\"e3971c3\" data-element_type=\"column\">\n\t\t\t<div class=\"elementor-column-wrap elementor-element-populated\">\n\t\t\t\t\t\t\t<div class=\"elementor-widget-wrap\">\n\t\t\t\t\t\t<div class=\"elementor-element elementor-element-5f8ea5f elementor-widget elementor-widget-heading\" data-id=\"5f8ea5f\" data-element_type=\"widget\" data-widget_type=\"heading.default\">\n\t\t\t\t<div class=\"elementor-widget-container\">\n\t\t\t<h5 class=\"elementor-heading-title elementor-size-default\">Sorriso de Hollywood<\/h5>\t\t<\/div>\n\t\t\t\t<\/div>\n\t\t\t\t\t\t<\/div>\n\t\t\t\t\t<\/div>\n\t\t<\/div>\n\t\t\t\t<div class=\"elementor-column elementor-col-33 elementor-top-column elementor-element elementor-element-c749f6b\" data-id=\"c749f6b\" data-element_type=\"column\">\n\t\t\t<div class=\"elementor-column-wrap elementor-element-populated\">\n\t\t\t\t\t\t\t<div class=\"elementor-widget-wrap\">\n\t\t\t\t\t\t<div class=\"elementor-element elementor-element-32353a3 elementor-widget elementor-widget-heading\" data-id=\"32353a3\" data-element_type=\"widget\" data-widget_type=\"heading.default\">\n\t\t\t\t<div class=\"elementor-widget-container\">\n\t\t\t<h5 class=\"elementor-heading-title elementor-size-default\">Smile Design<\/h5>\t\t<\/div>\n\t\t\t\t<\/div>\n\t\t\t\t\t\t<\/div>\n\t\t\t\t\t<\/div>\n\t\t<\/div>\n\t\t\t\t<div class=\"elementor-column elementor-col-33 elementor-top-column elementor-element elementor-element-4389145\" data-id=\"4389145\" data-element_type=\"column\">\n\t\t\t<div class=\"elementor-column-wrap elementor-element-populated\">\n\t\t\t\t\t\t\t<div class=\"elementor-widget-wrap\">\n\t\t\t\t\t\t<div class=\"elementor-element elementor-element-d7654cf elementor-widget elementor-widget-heading\" data-id=\"d7654cf\" data-element_type=\"widget\" data-widget_type=\"heading.default\">\n\t\t\t\t<div class=\"elementor-widget-container\">\n\t\t\t<h5 class=\"elementor-heading-title elementor-size-default\">Implantes dent\u00e1rios<\/h5>\t\t<\/div>\n\t\t\t\t<\/div>\n\t\t\t\t\t\t<\/div>\n\t\t\t\t\t<\/div>\n\t\t<\/div>\n\t\t\t\t\t\t\t\t<\/div>\n\t\t\t\t\t<\/div>\n\t\t<\/section>\n\t\t\t\t<section class=\"elementor-section elementor-top-section elementor-element elementor-element-39e8ce1 elementor-section-boxed elementor-section-height-default elementor-section-height-default default-style\" data-id=\"39e8ce1\" data-element_type=\"section\" data-settings=\"{&quot;rt_color_sets&quot;:&quot;default-style&quot;}\">\n\t\t\t\t\t\t<div class=\"elementor-container elementor-column-gap-default\">\n\t\t\t\t\t\t\t<div class=\"elementor-row\">\n\t\t\t\t\t<div class=\"elementor-column elementor-col-33 elementor-top-column elementor-element elementor-element-5963b1c\" data-id=\"5963b1c\" data-element_type=\"column\">\n\t\t\t<div class=\"elementor-column-wrap elementor-element-populated\">\n\t\t\t\t\t\t\t<div class=\"elementor-widget-wrap\">\n\t\t\t\t\t\t<div class=\"elementor-element elementor-element-9e70e4a elementor-widget elementor-widget-image\" data-id=\"9e70e4a\" data-element_type=\"widget\" data-widget_type=\"image.default\">\n\t\t\t\t<div class=\"elementor-widget-container\">\n\t\t\t\t\t\t\t\t<div class=\"elementor-image\">\n\t\t\t\t\t\t\t\t\t\t\t\t<img width=\"1024\" height=\"470\" src=\"https:\/\/www.ademhavva.com.tr\/wp-content\/uploads\/2018\/10\/holly-1024x470.jpg\" class=\"attachment-large size-large\" alt=\"\" loading=\"lazy\" srcset=\"https:\/\/www.ademhavva.com.tr\/wp-content\/uploads\/2018\/10\/holly-1024x470.jpg 1024w, https:\/\/www.ademhavva.com.tr\/wp-content\/uploads\/2018\/10\/holly-300x138.jpg 300w, https:\/\/www.ademhavva.com.tr\/wp-content\/uploads\/2018\/10\/holly-768x353.jpg 768w, https:\/\/www.ademhavva.com.tr\/wp-content\/uploads\/2018\/10\/holly-715x328.jpg 715w, https:\/\/www.ademhavva.com.tr\/wp-content\/uploads\/2018\/10\/holly-1220x561.jpg 1220w, https:\/\/www.ademhavva.com.tr\/wp-content\/uploads\/2018\/10\/holly-915x420.jpg 915w, https:\/\/www.ademhavva.com.tr\/wp-content\/uploads\/2018\/10\/holly-600x276.jpg 600w, https:\/\/www.ademhavva.com.tr\/wp-content\/uploads\/2018\/10\/holly-393x181.jpg 393w, https:\/\/www.ademhavva.com.tr\/wp-content\/uploads\/2018\/10\/holly-290x133.jpg 290w, https:\/\/www.ademhavva.com.tr\/wp-content\/uploads\/2018\/10\/holly.jpg 1430w\" sizes=\"(max-width: 1024px) 100vw, 1024px\" \/>\t\t\t\t\t\t\t\t\t\t\t\t\t\t<\/div>\n\t\t\t\t\t\t<\/div>\n\t\t\t\t<\/div>\n\t\t\t\t\t\t<\/div>\n\t\t\t\t\t<\/div>\n\t\t<\/div>\n\t\t\t\t<div class=\"elementor-column elementor-col-33 elementor-top-column elementor-element elementor-element-3c39e01\" data-id=\"3c39e01\" data-element_type=\"column\">\n\t\t\t<div class=\"elementor-column-wrap elementor-element-populated\">\n\t\t\t\t\t\t\t<div class=\"elementor-widget-wrap\">\n\t\t\t\t\t\t<div class=\"elementor-element elementor-element-10986b3 elementor-widget elementor-widget-image\" data-id=\"10986b3\" data-element_type=\"widget\" data-widget_type=\"image.default\">\n\t\t\t\t<div class=\"elementor-widget-container\">\n\t\t\t\t\t\t\t\t<div class=\"elementor-image\">\n\t\t\t\t\t\t\t\t\t\t\t\t<img width=\"842\" height=\"562\" src=\"https:\/\/www.ademhavva.com.tr\/wp-content\/uploads\/2018\/10\/hhdhgae8.png\" class=\"attachment-large size-large\" alt=\"\" loading=\"lazy\" srcset=\"https:\/\/www.ademhavva.com.tr\/wp-content\/uploads\/2018\/10\/hhdhgae8.png 842w, https:\/\/www.ademhavva.com.tr\/wp-content\/uploads\/2018\/10\/hhdhgae8-300x200.png 300w, https:\/\/www.ademhavva.com.tr\/wp-content\/uploads\/2018\/10\/hhdhgae8-768x513.png 768w, https:\/\/www.ademhavva.com.tr\/wp-content\/uploads\/2018\/10\/hhdhgae8-421x281.png 421w, https:\/\/www.ademhavva.com.tr\/wp-content\/uploads\/2018\/10\/hhdhgae8-600x400.png 600w, https:\/\/www.ademhavva.com.tr\/wp-content\/uploads\/2018\/10\/hhdhgae8-393x262.png 393w, https:\/\/www.ademhavva.com.tr\/wp-content\/uploads\/2018\/10\/hhdhgae8-290x194.png 290w\" sizes=\"(max-width: 842px) 100vw, 842px\" \/>\t\t\t\t\t\t\t\t\t\t\t\t\t\t<\/div>\n\t\t\t\t\t\t<\/div>\n\t\t\t\t<\/div>\n\t\t\t\t\t\t<\/div>\n\t\t\t\t\t<\/div>\n\t\t<\/div>\n\t\t\t\t<div class=\"elementor-column elementor-col-33 elementor-top-column elementor-element elementor-element-7ae068c\" data-id=\"7ae068c\" data-element_type=\"column\">\n\t\t\t<div class=\"elementor-column-wrap elementor-element-populated\">\n\t\t\t\t\t\t\t<div class=\"elementor-widget-wrap\">\n\t\t\t\t\t\t<div class=\"elementor-element elementor-element-b85216b elementor-widget elementor-widget-image\" data-id=\"b85216b\" data-element_type=\"widget\" data-widget_type=\"image.default\">\n\t\t\t\t<div class=\"elementor-widget-container\">\n\t\t\t\t\t\t\t\t<div class=\"elementor-image\">\n\t\t\t\t\t\t\t\t\t\t\t\t<img width=\"1024\" height=\"470\" src=\"https:\/\/www.ademhavva.com.tr\/wp-content\/uploads\/2018\/10\/impl-1024x470.jpg\" class=\"attachment-large size-large\" alt=\"\" loading=\"lazy\" srcset=\"https:\/\/www.ademhavva.com.tr\/wp-content\/uploads\/2018\/10\/impl-1024x470.jpg 1024w, https:\/\/www.ademhavva.com.tr\/wp-content\/uploads\/2018\/10\/impl-300x138.jpg 300w, https:\/\/www.ademhavva.com.tr\/wp-content\/uploads\/2018\/10\/impl-768x353.jpg 768w, https:\/\/www.ademhavva.com.tr\/wp-content\/uploads\/2018\/10\/impl-715x328.jpg 715w, https:\/\/www.ademhavva.com.tr\/wp-content\/uploads\/2018\/10\/impl-1220x561.jpg 1220w, https:\/\/www.ademhavva.com.tr\/wp-content\/uploads\/2018\/10\/impl-915x420.jpg 915w, https:\/\/www.ademhavva.com.tr\/wp-content\/uploads\/2018\/10\/impl-600x276.jpg 600w, https:\/\/www.ademhavva.com.tr\/wp-content\/uploads\/2018\/10\/impl-393x181.jpg 393w, https:\/\/www.ademhavva.com.tr\/wp-content\/uploads\/2018\/10\/impl-290x133.jpg 290w, https:\/\/www.ademhavva.com.tr\/wp-content\/uploads\/2018\/10\/impl.jpg 1430w\" sizes=\"(max-width: 1024px) 100vw, 1024px\" \/>\t\t\t\t\t\t\t\t\t\t\t\t\t\t<\/div>\n\t\t\t\t\t\t<\/div>\n\t\t\t\t<\/div>\n\t\t\t\t\t\t<\/div>\n\t\t\t\t\t<\/div>\n\t\t<\/div>\n\t\t\t\t\t\t\t\t<\/div>\n\t\t\t\t\t<\/div>\n\t\t<\/section>\n\t\t\t\t<section class=\"elementor-section elementor-top-section elementor-element elementor-element-f2d498b elementor-section-boxed elementor-section-height-default elementor-section-height-default default-style\" data-id=\"f2d498b\" data-element_type=\"section\" data-settings=\"{&quot;rt_color_sets&quot;:&quot;default-style&quot;}\">\n\t\t\t\t\t\t<div class=\"elementor-container elementor-column-gap-default\">\n\t\t\t\t\t\t\t<div class=\"elementor-row\">\n\t\t\t\t\t<div class=\"elementor-column elementor-col-33 elementor-top-column elementor-element elementor-element-1c151e6\" data-id=\"1c151e6\" data-element_type=\"column\">\n\t\t\t<div class=\"elementor-column-wrap elementor-element-populated\">\n\t\t\t\t\t\t\t<div class=\"elementor-widget-wrap\">\n\t\t\t\t\t\t<div class=\"elementor-element elementor-element-ba86373 elementor-widget elementor-widget-text-editor\" data-id=\"ba86373\" data-element_type=\"widget\" data-widget_type=\"text-editor.default\">\n\t\t\t\t<div class=\"elementor-widget-container\">\n\t\t\t\t\t\t\t\t<div class=\"elementor-text-editor elementor-clearfix\">\n\t\t\t\t<p>\u00c9 um procedimento est\u00e9tico baseado nos folheados dentais e \u00e9 uma fina camada de materiais coloridos colocados nos dentes da frente. O objetivo \u00e9 controlar a apar\u00eancia dos dentes em termos de forma, tamanho e cor para dar um sorriso que simula o sorriso de celebridades e artistas. D\u00e1 uma apar\u00eancia completamente natural e resultados deslumbrantes.<\/p>\n\t\t\t\t\t<\/div>\n\t\t\t\t\t\t<\/div>\n\t\t\t\t<\/div>\n\t\t\t\t\t\t<\/div>\n\t\t\t\t\t<\/div>\n\t\t<\/div>\n\t\t\t\t<div class=\"elementor-column elementor-col-33 elementor-top-column elementor-element elementor-element-0bf8221\" data-id=\"0bf8221\" data-element_type=\"column\">\n\t\t\t<div class=\"elementor-column-wrap elementor-element-populated\">\n\t\t\t\t\t\t\t<div class=\"elementor-widget-wrap\">\n\t\t\t\t\t\t<div class=\"elementor-element elementor-element-669e60a elementor-widget elementor-widget-text-editor\" data-id=\"669e60a\" data-element_type=\"widget\" data-widget_type=\"text-editor.default\">\n\t\t\t\t<div class=\"elementor-widget-container\">\n\t\t\t\t\t\t\t\t<div class=\"elementor-text-editor elementor-clearfix\">\n\t\t\t\t<p>Panoramic x-ray and<\/p>\n<p>Sorriso de Hollywood<\/p>\n<p>Folheados \u00e9 uma fina camada de materiais coloridos colocados nos dentes da frente. O objetivo \u00e9 controlar a apar\u00eancia dos dentes em termos de forma, tamanho e cor para dar um sorriso que simula o sorriso de celebridades e artistas. As vantagens dos folheados s\u00e3o que \u00e9 uma escolha f\u00e1cil, \u00e9 simples de aplicar e d\u00e1 uma apar\u00eancia natural completa. Os resultados s\u00e3o impressionantes.<\/p>\n<p>Ele resolve os problemas de pacientes com rachaduras, lacunas, descolora\u00e7\u00e3o anormal ou dentes desgastados.<\/p>\n\t\t\t\t\t<\/div>\n\t\t\t\t\t\t<\/div>\n\t\t\t\t<\/div>\n\t\t\t\t\t\t<\/div>\n\t\t\t\t\t<\/div>\n\t\t<\/div>\n\t\t\t\t<div class=\"elementor-column elementor-col-33 elementor-top-column elementor-element elementor-element-1199223\" data-id=\"1199223\" data-element_type=\"column\">\n\t\t\t<div class=\"elementor-column-wrap elementor-element-populated\">\n\t\t\t\t\t\t\t<div class=\"elementor-widget-wrap\">\n\t\t\t\t\t\t<div class=\"elementor-element elementor-element-4e044e1 elementor-widget elementor-widget-text-editor\" data-id=\"4e044e1\" data-element_type=\"widget\" data-widget_type=\"text-editor.default\">\n\t\t\t\t<div class=\"elementor-widget-container\">\n\t\t\t\t\t\t\t\t<div class=\"elementor-text-editor elementor-clearfix\">\n\t\t\t\t<p><strong>\u00a0<\/strong><\/p>\n<p>Implantes dent\u00e1rios s\u00e3o cirurgicamente implantados no osso da mand\u00edbula abaixo da gengiva, onde eles curam com o osso da mand\u00edbula por alguns meses e, em seguida, permitem a instala\u00e7\u00e3o de dentes artificiais. Ele funciona como uma alternativa para a raiz do dente em falta e \u00e9 a coisa mais pr\u00f3xima de imitar os dentes naturais, pois suporta dentes artificiais sem afetar os dentes pr\u00f3ximos e \u00e9 suficientemente est\u00e1vel.<\/p>\n<p>&nbsp;<\/p>\n<p>A maioria dos implantes dent\u00e1rios \u00e9 feita de material de tit\u00e2nio forte, permitindo-lhes harmonizar-se com os ossos sem qualquer resist\u00eancia do corpo.<\/p>\n<p>&nbsp;<\/p>\n<p>Os implantes dent\u00e1rios desenvolveram-se significativamente nos \u00faltimos anos e a taxa de sucesso dos implantes dent\u00e1rios ultrapassou os 99%.<\/p>\n\t\t\t\t\t<\/div>\n\t\t\t\t\t\t<\/div>\n\t\t\t\t<\/div>\n\t\t\t\t\t\t<\/div>\n\t\t\t\t\t<\/div>\n\t\t<\/div>\n\t\t\t\t\t\t\t\t<\/div>\n\t\t\t\t\t<\/div>\n\t\t<\/section>\n\t\t\t\t\t\t<\/div>\n\t\t\t\t\t\t<\/div>\n\t\t\t\t\t<\/div>\n\t\t","protected":false},"excerpt":{"rendered":"<p>Sorriso de Hollywood Smile Design Implantes dent\u00e1rios \u00c9 um procedimento est\u00e9tico baseado nos folheados dentais e \u00e9 uma fina camada de materiais coloridos colocados nos dentes da frente. O objetivo \u00e9 controlar a apar\u00eancia dos dentes em termos de forma, tamanho e cor para dar um sorriso que simula o sorriso de celebridades e artistas. [&hellip;]<\/p>\n","protected":false},"author":5,"featured_media":0,"parent":0,"menu_order":0,"comment_status":"closed","ping_status":"closed","template":"","meta":{"ngg_post_thumbnail":0},"yst_prominent_words":[],"_links":{"self":[{"href":"https:\/\/www.ademhavva.com.tr\/pt-br\/wp-json\/wp\/v2\/pages\/12396"}],"collection":[{"href":"https:\/\/www.ademhavva.com.tr\/pt-br\/wp-json\/wp\/v2\/pages"}],"about":[{"href":"https:\/\/www.ademhavva.com.tr\/pt-br\/wp-json\/wp\/v2\/types\/page"}],"author":[{"embeddable":true,"href":"https:\/\/www.ademhavva.com.tr\/pt-br\/wp-json\/wp\/v2\/users\/5"}],"replies":[{"embeddable":true,"href":"https:\/\/www.ademhavva.com.tr\/pt-br\/wp-json\/wp\/v2\/comments?post=12396"}],"version-history":[{"count":0,"href":"https:\/\/www.ademhavva.com.tr\/pt-br\/wp-json\/wp\/v2\/pages\/12396\/revisions"}],"wp:attachment":[{"href":"https:\/\/www.ademhavva.com.tr\/pt-br\/wp-json\/wp\/v2\/media?parent=12396"}],"wp:term":[{"taxonomy":"yst_prominent_words","embeddable":true,"href":"https:\/\/www.ademhavva.com.tr\/pt-br\/wp-json\/wp\/v2\/yst_prominent_words?post=12396"}],"curies":[{"name":"wp","href":"https:\/\/api.w.org\/{rel}","templated":true}]}}