{"id":16261,"date":"2023-03-09T12:52:04","date_gmt":"2023-03-09T12:52:04","guid":{"rendered":"https:\/\/www.ademhavvaclinic.com\/1-2\/"},"modified":"2023-03-13T09:16:37","modified_gmt":"2023-03-13T09:16:37","slug":"dantu-estetika","status":"publish","type":"page","link":"https:\/\/www.ademhavva.com.tr\/lt\/dantu-estetika\/","title":{"rendered":"Dant\u0173 Estetika"},"content":{"rendered":"\t\t<div data-elementor-type=\"wp-post\" data-elementor-id=\"16261\" class=\"elementor elementor-16261 elementor-150 elementor-bc-flex-widget\" data-elementor-settings=\"[]\">\n\t\t\t\t\t\t<div class=\"elementor-inner\">\n\t\t\t\t\t\t\t<div class=\"elementor-section-wrap\">\n\t\t\t\t\t\t\t<section class=\"elementor-section elementor-top-section elementor-element elementor-element-a8e15f1 elementor-section-boxed elementor-section-height-default elementor-section-height-default default-style\" data-id=\"a8e15f1\" data-element_type=\"section\" data-settings=\"{&quot;rt_color_sets&quot;:&quot;default-style&quot;}\">\n\t\t\t\t\t\t<div class=\"elementor-container elementor-column-gap-default\">\n\t\t\t\t\t\t\t<div class=\"elementor-row\">\n\t\t\t\t\t<div class=\"elementor-column elementor-col-100 elementor-top-column elementor-element elementor-element-8e04afe\" data-id=\"8e04afe\" data-element_type=\"column\">\n\t\t\t<div class=\"elementor-column-wrap elementor-element-populated\">\n\t\t\t\t\t\t\t<div class=\"elementor-widget-wrap\">\n\t\t\t\t\t\t<div class=\"elementor-element elementor-element-3bf9604 elementor-widget-divider--view-line elementor-widget elementor-widget-divider\" data-id=\"3bf9604\" data-element_type=\"widget\" data-widget_type=\"divider.default\">\n\t\t\t\t<div class=\"elementor-widget-container\">\n\t\t\t\t\t<div class=\"elementor-divider\">\n\t\t\t<span class=\"elementor-divider-separator\">\n\t\t\t\t\t\t<\/span>\n\t\t<\/div>\n\t\t\t\t<\/div>\n\t\t\t\t<\/div>\n\t\t\t\t\t\t<\/div>\n\t\t\t\t\t<\/div>\n\t\t<\/div>\n\t\t\t\t\t\t\t\t<\/div>\n\t\t\t\t\t<\/div>\n\t\t<\/section>\n\t\t\t\t<section class=\"elementor-section elementor-top-section elementor-element elementor-element-b8f44f4 elementor-section-boxed elementor-section-height-default elementor-section-height-default default-style\" data-id=\"b8f44f4\" data-element_type=\"section\" data-settings=\"{&quot;rt_color_sets&quot;:&quot;default-style&quot;}\">\n\t\t\t\t\t\t<div class=\"elementor-container elementor-column-gap-default\">\n\t\t\t\t\t\t\t<div class=\"elementor-row\">\n\t\t\t\t\t<div class=\"elementor-column elementor-col-33 elementor-top-column elementor-element elementor-element-e3971c3\" data-id=\"e3971c3\" data-element_type=\"column\">\n\t\t\t<div class=\"elementor-column-wrap elementor-element-populated\">\n\t\t\t\t\t\t\t<div class=\"elementor-widget-wrap\">\n\t\t\t\t\t\t<div class=\"elementor-element elementor-element-5f8ea5f elementor-widget elementor-widget-heading\" data-id=\"5f8ea5f\" data-element_type=\"widget\" data-widget_type=\"heading.default\">\n\t\t\t\t<div class=\"elementor-widget-container\">\n\t\t\t<h5 class=\"elementor-heading-title elementor-size-default\">Dant\u0173 Estetika<\/h5>\t\t<\/div>\n\t\t\t\t<\/div>\n\t\t\t\t\t\t<\/div>\n\t\t\t\t\t<\/div>\n\t\t<\/div>\n\t\t\t\t<div class=\"elementor-column elementor-col-33 elementor-top-column elementor-element elementor-element-c749f6b\" data-id=\"c749f6b\" data-element_type=\"column\">\n\t\t\t<div class=\"elementor-column-wrap elementor-element-populated\">\n\t\t\t\t\t\t\t<div class=\"elementor-widget-wrap\">\n\t\t\t\t\t\t<div class=\"elementor-element elementor-element-32353a3 elementor-widget elementor-widget-heading\" data-id=\"32353a3\" data-element_type=\"widget\" data-widget_type=\"heading.default\">\n\t\t\t\t<div class=\"elementor-widget-container\">\n\t\t\t<h5 class=\"elementor-heading-title elementor-size-default\">Dant\u0173 laminat\u0117s (Lumineers ir Veneers)<\/h5>\t\t<\/div>\n\t\t\t\t<\/div>\n\t\t\t\t\t\t<\/div>\n\t\t\t\t\t<\/div>\n\t\t<\/div>\n\t\t\t\t<div class=\"elementor-column elementor-col-33 elementor-top-column elementor-element elementor-element-4389145\" data-id=\"4389145\" data-element_type=\"column\">\n\t\t\t<div class=\"elementor-column-wrap elementor-element-populated\">\n\t\t\t\t\t\t\t<div class=\"elementor-widget-wrap\">\n\t\t\t\t\t\t<div class=\"elementor-element elementor-element-d7654cf elementor-widget elementor-widget-heading\" data-id=\"d7654cf\" data-element_type=\"widget\" data-widget_type=\"heading.default\">\n\t\t\t\t<div class=\"elementor-widget-container\">\n\t\t\t<h5 class=\"elementor-heading-title elementor-size-default\">Dant\u0173 implantai<\/h5>\t\t<\/div>\n\t\t\t\t<\/div>\n\t\t\t\t\t\t<\/div>\n\t\t\t\t\t<\/div>\n\t\t<\/div>\n\t\t\t\t\t\t\t\t<\/div>\n\t\t\t\t\t<\/div>\n\t\t<\/section>\n\t\t\t\t<section class=\"elementor-section elementor-top-section elementor-element elementor-element-39e8ce1 elementor-section-boxed elementor-section-height-default elementor-section-height-default default-style\" data-id=\"39e8ce1\" data-element_type=\"section\" data-settings=\"{&quot;rt_color_sets&quot;:&quot;default-style&quot;}\">\n\t\t\t\t\t\t<div class=\"elementor-container elementor-column-gap-default\">\n\t\t\t\t\t\t\t<div class=\"elementor-row\">\n\t\t\t\t\t<div class=\"elementor-column elementor-col-33 elementor-top-column elementor-element elementor-element-5963b1c\" data-id=\"5963b1c\" data-element_type=\"column\">\n\t\t\t<div class=\"elementor-column-wrap elementor-element-populated\">\n\t\t\t\t\t\t\t<div class=\"elementor-widget-wrap\">\n\t\t\t\t\t\t<div class=\"elementor-element elementor-element-9e70e4a elementor-widget elementor-widget-image\" data-id=\"9e70e4a\" data-element_type=\"widget\" data-widget_type=\"image.default\">\n\t\t\t\t<div class=\"elementor-widget-container\">\n\t\t\t\t\t\t\t\t<div class=\"elementor-image\">\n\t\t\t\t\t\t\t\t\t\t\t\t<img width=\"1024\" height=\"470\" src=\"https:\/\/www.ademhavva.com.tr\/wp-content\/uploads\/2018\/10\/holly-1024x470.jpg\" class=\"attachment-large size-large\" alt=\"\" loading=\"lazy\" srcset=\"https:\/\/www.ademhavva.com.tr\/wp-content\/uploads\/2018\/10\/holly-1024x470.jpg 1024w, https:\/\/www.ademhavva.com.tr\/wp-content\/uploads\/2018\/10\/holly-300x138.jpg 300w, https:\/\/www.ademhavva.com.tr\/wp-content\/uploads\/2018\/10\/holly-768x353.jpg 768w, https:\/\/www.ademhavva.com.tr\/wp-content\/uploads\/2018\/10\/holly-715x328.jpg 715w, https:\/\/www.ademhavva.com.tr\/wp-content\/uploads\/2018\/10\/holly-1220x561.jpg 1220w, https:\/\/www.ademhavva.com.tr\/wp-content\/uploads\/2018\/10\/holly-915x420.jpg 915w, https:\/\/www.ademhavva.com.tr\/wp-content\/uploads\/2018\/10\/holly-600x276.jpg 600w, https:\/\/www.ademhavva.com.tr\/wp-content\/uploads\/2018\/10\/holly-393x181.jpg 393w, https:\/\/www.ademhavva.com.tr\/wp-content\/uploads\/2018\/10\/holly-290x133.jpg 290w, https:\/\/www.ademhavva.com.tr\/wp-content\/uploads\/2018\/10\/holly.jpg 1430w\" sizes=\"(max-width: 1024px) 100vw, 1024px\" \/>\t\t\t\t\t\t\t\t\t\t\t\t\t\t<\/div>\n\t\t\t\t\t\t<\/div>\n\t\t\t\t<\/div>\n\t\t\t\t\t\t<\/div>\n\t\t\t\t\t<\/div>\n\t\t<\/div>\n\t\t\t\t<div class=\"elementor-column elementor-col-33 elementor-top-column elementor-element elementor-element-3c39e01\" data-id=\"3c39e01\" data-element_type=\"column\">\n\t\t\t<div class=\"elementor-column-wrap elementor-element-populated\">\n\t\t\t\t\t\t\t<div class=\"elementor-widget-wrap\">\n\t\t\t\t\t\t<div class=\"elementor-element elementor-element-10986b3 elementor-widget elementor-widget-image\" data-id=\"10986b3\" data-element_type=\"widget\" data-widget_type=\"image.default\">\n\t\t\t\t<div class=\"elementor-widget-container\">\n\t\t\t\t\t\t\t\t<div class=\"elementor-image\">\n\t\t\t\t\t\t\t\t\t\t\t\t<img width=\"842\" height=\"562\" src=\"https:\/\/www.ademhavva.com.tr\/wp-content\/uploads\/2018\/10\/hhdhgae8.png\" class=\"attachment-large size-large\" alt=\"\" loading=\"lazy\" srcset=\"https:\/\/www.ademhavva.com.tr\/wp-content\/uploads\/2018\/10\/hhdhgae8.png 842w, https:\/\/www.ademhavva.com.tr\/wp-content\/uploads\/2018\/10\/hhdhgae8-300x200.png 300w, https:\/\/www.ademhavva.com.tr\/wp-content\/uploads\/2018\/10\/hhdhgae8-768x513.png 768w, https:\/\/www.ademhavva.com.tr\/wp-content\/uploads\/2018\/10\/hhdhgae8-421x281.png 421w, https:\/\/www.ademhavva.com.tr\/wp-content\/uploads\/2018\/10\/hhdhgae8-600x400.png 600w, https:\/\/www.ademhavva.com.tr\/wp-content\/uploads\/2018\/10\/hhdhgae8-393x262.png 393w, https:\/\/www.ademhavva.com.tr\/wp-content\/uploads\/2018\/10\/hhdhgae8-290x194.png 290w\" sizes=\"(max-width: 842px) 100vw, 842px\" \/>\t\t\t\t\t\t\t\t\t\t\t\t\t\t<\/div>\n\t\t\t\t\t\t<\/div>\n\t\t\t\t<\/div>\n\t\t\t\t\t\t<\/div>\n\t\t\t\t\t<\/div>\n\t\t<\/div>\n\t\t\t\t<div class=\"elementor-column elementor-col-33 elementor-top-column elementor-element elementor-element-7ae068c\" data-id=\"7ae068c\" data-element_type=\"column\">\n\t\t\t<div class=\"elementor-column-wrap elementor-element-populated\">\n\t\t\t\t\t\t\t<div class=\"elementor-widget-wrap\">\n\t\t\t\t\t\t<div class=\"elementor-element elementor-element-b85216b elementor-widget elementor-widget-image\" data-id=\"b85216b\" data-element_type=\"widget\" data-widget_type=\"image.default\">\n\t\t\t\t<div class=\"elementor-widget-container\">\n\t\t\t\t\t\t\t\t<div class=\"elementor-image\">\n\t\t\t\t\t\t\t\t\t\t\t\t<img width=\"1024\" height=\"470\" src=\"https:\/\/www.ademhavva.com.tr\/wp-content\/uploads\/2018\/10\/impl-1024x470.jpg\" class=\"attachment-large size-large\" alt=\"\" loading=\"lazy\" srcset=\"https:\/\/www.ademhavva.com.tr\/wp-content\/uploads\/2018\/10\/impl-1024x470.jpg 1024w, https:\/\/www.ademhavva.com.tr\/wp-content\/uploads\/2018\/10\/impl-300x138.jpg 300w, https:\/\/www.ademhavva.com.tr\/wp-content\/uploads\/2018\/10\/impl-768x353.jpg 768w, https:\/\/www.ademhavva.com.tr\/wp-content\/uploads\/2018\/10\/impl-715x328.jpg 715w, https:\/\/www.ademhavva.com.tr\/wp-content\/uploads\/2018\/10\/impl-1220x561.jpg 1220w, https:\/\/www.ademhavva.com.tr\/wp-content\/uploads\/2018\/10\/impl-915x420.jpg 915w, https:\/\/www.ademhavva.com.tr\/wp-content\/uploads\/2018\/10\/impl-600x276.jpg 600w, https:\/\/www.ademhavva.com.tr\/wp-content\/uploads\/2018\/10\/impl-393x181.jpg 393w, https:\/\/www.ademhavva.com.tr\/wp-content\/uploads\/2018\/10\/impl-290x133.jpg 290w, https:\/\/www.ademhavva.com.tr\/wp-content\/uploads\/2018\/10\/impl.jpg 1430w\" sizes=\"(max-width: 1024px) 100vw, 1024px\" \/>\t\t\t\t\t\t\t\t\t\t\t\t\t\t<\/div>\n\t\t\t\t\t\t<\/div>\n\t\t\t\t<\/div>\n\t\t\t\t\t\t<\/div>\n\t\t\t\t\t<\/div>\n\t\t<\/div>\n\t\t\t\t\t\t\t\t<\/div>\n\t\t\t\t\t<\/div>\n\t\t<\/section>\n\t\t\t\t<section class=\"elementor-section elementor-top-section elementor-element elementor-element-f2d498b elementor-section-boxed elementor-section-height-default elementor-section-height-default default-style\" data-id=\"f2d498b\" data-element_type=\"section\" data-settings=\"{&quot;rt_color_sets&quot;:&quot;default-style&quot;}\">\n\t\t\t\t\t\t<div class=\"elementor-container elementor-column-gap-default\">\n\t\t\t\t\t\t\t<div class=\"elementor-row\">\n\t\t\t\t\t<div class=\"elementor-column elementor-col-33 elementor-top-column elementor-element elementor-element-1c151e6\" data-id=\"1c151e6\" data-element_type=\"column\">\n\t\t\t<div class=\"elementor-column-wrap elementor-element-populated\">\n\t\t\t\t\t\t\t<div class=\"elementor-widget-wrap\">\n\t\t\t\t\t\t<div class=\"elementor-element elementor-element-ba86373 elementor-widget elementor-widget-text-editor\" data-id=\"ba86373\" data-element_type=\"widget\" data-widget_type=\"text-editor.default\">\n\t\t\t\t<div class=\"elementor-widget-container\">\n\t\t\t\t\t\t\t\t<div class=\"elementor-text-editor elementor-clearfix\">\n\t\t\t\t<p>Tai estetin\u0117 odontologijos proced\u016bra, kurios pagrind\u0105 sudaro dant\u0173 laminat\u0117s ir plonas spalvot\u0173 med\u017eiag\u0173 sluoksnis, kuris yra u\u017ededamas ant priekini\u0173 dant\u0173. \u0160i proced\u016bra i\u0161sprend\u017eia pacient\u0173, turin\u010di\u0173 tokias problemas, kaip \u012ftr\u016bkimai, tarpeliai, matomai pakitusi spalva ar nudil\u0119 dantys. Dant\u0173 lamina\u010di\u0173 prana\u0161umai yra tie, kad tai yra lengvas pasirinkimas, paprastas dengimas ir visi\u0161kai nat\u016brali i\u0161vaizda, o rezultatai \u012fsp\u016bdingi.<br \/>\nVeneers \u2013 Tai yra plastikin\u0117 ar porcelianin\u0117* danga (1,5mm), priklijuota prie kosmeti\u0161kai netobulo danties pavir\u0161iaus.<br \/>\nLumineers \u2013 yra plonos keramin\u0117s plok\u0161t\u0117s (0,3mm), kurios yra sujungtos su danties pavir\u0161iumi ir yra plonesn\u0117s u\u017e \u012fprast\u0105 porcelian\u0105. Ruo\u0161iant dantis nereikia \u012fprasto dant\u0173 \u0161lifavimo. \u0160is metodas turi visus porceliano privalumus ir suteikia puiki\u0173 rezultat\u0173 bei didel\u012f patvarum\u0105.<\/p>\n<p>*Porcelianas yra atspariausia, efektyviausia bei pati patvariausia med\u017eiaga. Jis taip pat imituoja aplinkini\u0173 dant\u0173 spalv\u0105 ir pasi\u017eymi unikaliomis savyb\u0117mis \u2013 u\u017efiksuoti bei pakeisti \u0161vies\u0105 \u2013 pana\u0161iai kaip ir nat\u016bralus emalis.<br \/>\n*Cirkonis idealiai tinka pacientams, kuri\u0173 dantys yra labai pa\u017eeisti, nes jis yra stipresnis u\u017e tradicines keramines plok\u0161tes ir gali sustiprinti pa\u017eeist\u0173 dant\u0173 strukt\u016br\u0105. Tai ji yra tvirta med\u017eiaga, atspari korozijai ir i\u0161silaiko nuo 5 iki 15 met\u0173.<br \/>\n*E-max: nu\u0161lifavus dantis ir padengus juos Emax porcelianu, kuris i\u0161lieka 10-20 met\u0173, j\u016bs\u0173 dantys atrodys nat\u016braliai ir d\u017eiaugsit\u0117s nuostabia \u0161ypsena.<br \/>\nDant\u0173 balinimas<br \/>\nTai proced\u016bra, kuri \u0161viesina dantis ir padeda pa\u0161alinti d\u0117mes bei kitus spalvos pakitimus. Tai yra viena i\u0161 populiariausi\u0173 kosmetini\u0173 odontologijos proced\u016br\u0173, kuri u\u017e daug ma\u017eesn\u0119 kain\u0105 gali \u017eymiai pagerinti j\u016bs\u0173 dant\u0173 i\u0161vaizd\u0105 ir yra priimtinesn\u0117 nei kiti metodai.<\/p>\n\t\t\t\t\t<\/div>\n\t\t\t\t\t\t<\/div>\n\t\t\t\t<\/div>\n\t\t\t\t\t\t<\/div>\n\t\t\t\t\t<\/div>\n\t\t<\/div>\n\t\t\t\t<div class=\"elementor-column elementor-col-33 elementor-top-column elementor-element elementor-element-0bf8221\" data-id=\"0bf8221\" data-element_type=\"column\">\n\t\t\t<div class=\"elementor-column-wrap elementor-element-populated\">\n\t\t\t\t\t\t\t<div class=\"elementor-widget-wrap\">\n\t\t\t\t\t\t<div class=\"elementor-element elementor-element-669e60a elementor-widget elementor-widget-text-editor\" data-id=\"669e60a\" data-element_type=\"widget\" data-widget_type=\"text-editor.default\">\n\t\t\t\t<div class=\"elementor-widget-container\">\n\t\t\t\t\t\t\t\t<div class=\"elementor-text-editor elementor-clearfix\">\n\t\t\t\t<p>Dant\u0173 gydymas yra skirtas u\u017ekirsti keli\u0105 arba gydyti burnos ligas, tokias kaip dant\u0173 \u0117duonis ir periodonto ligos (danten\u0173 ligos). \u012eprasti gydymo b\u016bdai apima dant\u0173 atk\u016brim\u0105, rovim\u0105 arba chirurgin\u012f dant\u0173 \u0161alinim\u0105, burnos higien\u0105 ir dant\u0173 implantacij\u0105, dant\u0173 \u0161akn\u0173 kanal\u0173 (endodontinis) gydym\u0105 ir kosmetin\u0119 odontologij\u0105 (dant\u0173 estetika). Taip pat m\u016bs\u0173 klinika skiria daug d\u0117mesio estetinei odontologijai, kuri pagerina \u0161ypsenos i\u0161vaizd\u0105 dant\u0173 spalvos, i\u0161sid\u0117stymo, formos ir dyd\u017eio po\u017ei\u016briu. Dant\u0173 estetika apima: lamina\u010di\u0173 klijavim\u0105, kar\u016bn\u0117l\u0117s (vainik\u0117lio) apvilkim\u0105, dant\u0173 balinim\u0105, implantacij\u0105 ir kitas paslaugas.<\/p>\n\t\t\t\t\t<\/div>\n\t\t\t\t\t\t<\/div>\n\t\t\t\t<\/div>\n\t\t\t\t\t\t<\/div>\n\t\t\t\t\t<\/div>\n\t\t<\/div>\n\t\t\t\t<div class=\"elementor-column elementor-col-33 elementor-top-column elementor-element elementor-element-1199223\" data-id=\"1199223\" data-element_type=\"column\">\n\t\t\t<div class=\"elementor-column-wrap elementor-element-populated\">\n\t\t\t\t\t\t\t<div class=\"elementor-widget-wrap\">\n\t\t\t\t\t\t<div class=\"elementor-element elementor-element-4e044e1 elementor-widget elementor-widget-text-editor\" data-id=\"4e044e1\" data-element_type=\"widget\" data-widget_type=\"text-editor.default\">\n\t\t\t\t<div class=\"elementor-widget-container\">\n\t\t\t\t\t\t\t\t<div class=\"elementor-text-editor elementor-clearfix\">\n\t\t\t\t<p>Dant\u0173 implantai chirurginiu b\u016bdu yra implantuojami ant \u017eandikaulio kaulo, esan\u010dio \u017eemiau danten\u0173, kur jie v\u0117liau kelet\u0105 m\u0117nesi\u0173 gyja ir tuomet tose vietose yra \u012fstatomi dirbtiniai dantys. Tai veikia kaip tr\u016bkstamos danties \u0161aknies alternatyva ir yra ar\u010diausiai nat\u016brali\u0173 dant\u0173 imitacijos, nes palaiko dirbtinius dantis nepaveikdamas \u0161alia esan\u010di\u0173 dant\u0173 ir jie yra pakankamai stabil\u016bs.<br \/>\nDauguma dant\u0173 implant\u0173 yra pagaminti i\u0161 tvirtos titano med\u017eiagos, leid\u017eian\u010dios jiems harmoningai susiderinti su kaulais be jokio k\u016bno pasiprie\u0161inimo.<br \/>\nDant\u0173 implantai per pastaruosius metus labai i\u0161sivyst\u0117, ir j\u0173 s\u0117km\u0117s rodiklis vir\u0161ijo 99%.<\/p>\n\t\t\t\t\t<\/div>\n\t\t\t\t\t\t<\/div>\n\t\t\t\t<\/div>\n\t\t\t\t\t\t<\/div>\n\t\t\t\t\t<\/div>\n\t\t<\/div>\n\t\t\t\t\t\t\t\t<\/div>\n\t\t\t\t\t<\/div>\n\t\t<\/section>\n\t\t\t\t\t\t<\/div>\n\t\t\t\t\t\t<\/div>\n\t\t\t\t\t<\/div>\n\t\t","protected":false},"excerpt":{"rendered":"<p>Dant\u0173 Estetika Dant\u0173 laminat\u0117s (Lumineers ir Veneers) Dant\u0173 implantai Tai estetin\u0117 odontologijos proced\u016bra, kurios pagrind\u0105 sudaro dant\u0173 laminat\u0117s ir plonas spalvot\u0173 med\u017eiag\u0173 sluoksnis, kuris yra u\u017ededamas ant priekini\u0173 dant\u0173. \u0160i proced\u016bra i\u0161sprend\u017eia pacient\u0173, turin\u010di\u0173 tokias problemas, kaip \u012ftr\u016bkimai, tarpeliai, matomai pakitusi spalva ar nudil\u0119 dantys. Dant\u0173 lamina\u010di\u0173 prana\u0161umai yra tie, kad tai yra lengvas pasirinkimas, [&hellip;]<\/p>\n","protected":false},"author":5,"featured_media":0,"parent":0,"menu_order":0,"comment_status":"closed","ping_status":"closed","template":"","meta":{"ngg_post_thumbnail":0},"yst_prominent_words":[],"_links":{"self":[{"href":"https:\/\/www.ademhavva.com.tr\/lt\/wp-json\/wp\/v2\/pages\/16261"}],"collection":[{"href":"https:\/\/www.ademhavva.com.tr\/lt\/wp-json\/wp\/v2\/pages"}],"about":[{"href":"https:\/\/www.ademhavva.com.tr\/lt\/wp-json\/wp\/v2\/types\/page"}],"author":[{"embeddable":true,"href":"https:\/\/www.ademhavva.com.tr\/lt\/wp-json\/wp\/v2\/users\/5"}],"replies":[{"embeddable":true,"href":"https:\/\/www.ademhavva.com.tr\/lt\/wp-json\/wp\/v2\/comments?post=16261"}],"version-history":[{"count":7,"href":"https:\/\/www.ademhavva.com.tr\/lt\/wp-json\/wp\/v2\/pages\/16261\/revisions"}],"predecessor-version":[{"id":16271,"href":"https:\/\/www.ademhavva.com.tr\/lt\/wp-json\/wp\/v2\/pages\/16261\/revisions\/16271"}],"wp:attachment":[{"href":"https:\/\/www.ademhavva.com.tr\/lt\/wp-json\/wp\/v2\/media?parent=16261"}],"wp:term":[{"taxonomy":"yst_prominent_words","embeddable":true,"href":"https:\/\/www.ademhavva.com.tr\/lt\/wp-json\/wp\/v2\/yst_prominent_words?post=16261"}],"curies":[{"name":"wp","href":"https:\/\/api.w.org\/{rel}","templated":true}]}}