{"id":323,"date":"2018-07-13T12:36:19","date_gmt":"2018-07-13T12:36:19","guid":{"rendered":"https:\/\/www.ademhavvaclinic.com\/?page_id=323"},"modified":"2020-05-31T14:19:32","modified_gmt":"2020-05-31T14:19:32","slug":"turismo-della-salute","status":"publish","type":"page","link":"https:\/\/www.ademhavva.com.tr\/it\/turismo-della-salute\/","title":{"rendered":"Turismo Della Salute"},"content":{"rendered":"\t\t<div data-elementor-type=\"wp-post\" data-elementor-id=\"323\" class=\"elementor elementor-323 elementor-319\" data-elementor-settings=\"[]\">\n\t\t\t\t\t\t<div class=\"elementor-inner\">\n\t\t\t\t\t\t\t<div class=\"elementor-section-wrap\">\n\t\t\t\t\t\t\t<section class=\"elementor-section elementor-top-section elementor-element elementor-element-e57fb3d elementor-section-boxed elementor-section-height-default elementor-section-height-default default-style\" data-id=\"e57fb3d\" data-element_type=\"section\" data-settings=\"{&quot;rt_color_sets&quot;:&quot;default-style&quot;}\">\n\t\t\t\t\t\t<div class=\"elementor-container elementor-column-gap-default\">\n\t\t\t\t\t\t\t<div class=\"elementor-row\">\n\t\t\t\t\t<div class=\"elementor-column elementor-col-100 elementor-top-column elementor-element elementor-element-aff8165\" data-id=\"aff8165\" data-element_type=\"column\">\n\t\t\t<div class=\"elementor-column-wrap elementor-element-populated\">\n\t\t\t\t\t\t\t<div class=\"elementor-widget-wrap\">\n\t\t\t\t\t\t<div class=\"elementor-element elementor-element-bf7fdab elementor-widget-divider--view-line elementor-widget elementor-widget-divider\" data-id=\"bf7fdab\" data-element_type=\"widget\" data-widget_type=\"divider.default\">\n\t\t\t\t<div class=\"elementor-widget-container\">\n\t\t\t\t\t<div class=\"elementor-divider\">\n\t\t\t<span class=\"elementor-divider-separator\">\n\t\t\t\t\t\t<\/span>\n\t\t<\/div>\n\t\t\t\t<\/div>\n\t\t\t\t<\/div>\n\t\t\t\t\t\t<\/div>\n\t\t\t\t\t<\/div>\n\t\t<\/div>\n\t\t\t\t\t\t\t\t<\/div>\n\t\t\t\t\t<\/div>\n\t\t<\/section>\n\t\t\t\t<section class=\"elementor-section elementor-top-section elementor-element elementor-element-8f7b7ac elementor-section-boxed elementor-section-height-default elementor-section-height-default default-style\" data-id=\"8f7b7ac\" data-element_type=\"section\" data-settings=\"{&quot;rt_color_sets&quot;:&quot;default-style&quot;}\">\n\t\t\t\t\t\t<div class=\"elementor-container elementor-column-gap-default\">\n\t\t\t\t\t\t\t<div class=\"elementor-row\">\n\t\t\t\t\t<div class=\"elementor-column elementor-col-100 elementor-top-column elementor-element elementor-element-02c4e03\" data-id=\"02c4e03\" data-element_type=\"column\">\n\t\t\t<div class=\"elementor-column-wrap elementor-element-populated\">\n\t\t\t\t\t\t\t<div class=\"elementor-widget-wrap\">\n\t\t\t\t\t\t<div class=\"elementor-element elementor-element-751c65c elementor-widget elementor-widget-heading\" data-id=\"751c65c\" data-element_type=\"widget\" data-widget_type=\"heading.default\">\n\t\t\t\t<div class=\"elementor-widget-container\">\n\t\t\t<h5 class=\"elementor-heading-title elementor-size-default\">Turismo Della Salute<\/h5>\t\t<\/div>\n\t\t\t\t<\/div>\n\t\t\t\t\t\t<\/div>\n\t\t\t\t\t<\/div>\n\t\t<\/div>\n\t\t\t\t\t\t\t\t<\/div>\n\t\t\t\t\t<\/div>\n\t\t<\/section>\n\t\t\t\t<section class=\"elementor-section elementor-top-section elementor-element elementor-element-3c730e0 elementor-section-boxed elementor-section-height-default elementor-section-height-default default-style\" data-id=\"3c730e0\" data-element_type=\"section\" data-settings=\"{&quot;rt_color_sets&quot;:&quot;default-style&quot;}\">\n\t\t\t\t\t\t<div class=\"elementor-container elementor-column-gap-default\">\n\t\t\t\t\t\t\t<div class=\"elementor-row\">\n\t\t\t\t\t<div class=\"elementor-column elementor-col-100 elementor-top-column elementor-element elementor-element-b3f6300\" data-id=\"b3f6300\" data-element_type=\"column\">\n\t\t\t<div class=\"elementor-column-wrap\">\n\t\t\t\t\t\t\t<div class=\"elementor-widget-wrap\">\n\t\t\t\t\t\t\t\t<\/div>\n\t\t\t\t\t<\/div>\n\t\t<\/div>\n\t\t\t\t\t\t\t\t<\/div>\n\t\t\t\t\t<\/div>\n\t\t<\/section>\n\t\t\t\t<section class=\"elementor-section elementor-top-section elementor-element elementor-element-0ad7729 elementor-section-boxed elementor-section-height-default elementor-section-height-default default-style\" data-id=\"0ad7729\" data-element_type=\"section\" data-settings=\"{&quot;rt_color_sets&quot;:&quot;default-style&quot;}\">\n\t\t\t\t\t\t<div class=\"elementor-container elementor-column-gap-default\">\n\t\t\t\t\t\t\t<div class=\"elementor-row\">\n\t\t\t\t\t<div class=\"elementor-column elementor-col-100 elementor-top-column elementor-element elementor-element-4c26628\" data-id=\"4c26628\" data-element_type=\"column\">\n\t\t\t<div class=\"elementor-column-wrap elementor-element-populated\">\n\t\t\t\t\t\t\t<div class=\"elementor-widget-wrap\">\n\t\t\t\t\t\t<div class=\"elementor-element elementor-element-52d9e13 elementor-widget elementor-widget-text-editor\" data-id=\"52d9e13\" data-element_type=\"widget\" data-widget_type=\"text-editor.default\">\n\t\t\t\t<div class=\"elementor-widget-container\">\n\t\t\t\t\t\t\t\t<div class=\"elementor-text-editor elementor-clearfix\">\n\t\t\t\t<p><strong>La nuova stella del Turismo della salute; tacchino<\/strong><\/p>\n<p>La Turchia con 39.226.226 visitatori attira ogni anno il maggior numero di turisti nel mondo 6. Paese. La Turchia ha una reputazione internazionale nel senso della gestione dell&#8217;ospitalit\u00e0, che nel corso degli anni ha compiuto attacchi turistici significativi e migliorato la capacit\u00e0 e la qualit\u00e0 del turismo di ogni anno che passa. Accogliente, caloroso, servizio di qualit\u00e0 e strutture di prima classe con la scelta di milioni di turisti ogni anno Turchia, ospitalit\u00e0 e salute in termini di investimenti nazionali e internazionali e turismo dopo il nuovo favorito del turismo sanitario. Posizione.<\/p>\n<p>Il turismo della salute in Turchia oggi<\/p>\n<p><strong>Opzioni adatte a tutti i gusti e le esigenze<\/strong><\/p>\n<p>In Turchia, offre una scelta illimitata a diverse aspettative. Gli hotel a 5 stelle di fama mondiale, gli esclusivi boutique hotel, gli ostelli e le diverse scelte si integrano con le meraviglie della storia e della natura, con l&#8217;obiettivo di offrire ai visitatori una vacanza indimenticabile. Con le sue strutture termali piene di salute, spiagge incontaminate e spiagge, bellezze storiche che portano il patrimonio di imperi, moderne metropoli, la Turchia combina con successo salute e turismo. Alberghi di lusso di fama mondiale, servizio offerto con ospitalit\u00e0 turca, strutture sanitarie e di alloggio secondo standard internazionali al servizio dei visitatori con l&#8217;obiettivo di trascorrere il loro trattamento nelle condizioni pi\u00f9 confortevoli.<\/p>\n<p>Trattamento e vacanza insieme!<\/p>\n<p>Gli ospiti che visitano la Turchia per il turismo sanitario hanno l&#8217;opportunit\u00e0 di essere curati da dispositivi medici, personale medico esperto su standard internazionali e con strutture ricettive vicine ai centri sanitari, gli ospiti hanno l&#8217;opportunit\u00e0 di godere delle sue bellezze naturali e della vivace vita cittadina.<\/p>\n<p>Turchia 51 L&#8217;ospedale certificato JCI accreditato \u00e8 al primo posto in un benchmark mondiale. A pi\u00f9 di 1200 ospedali e pazienti statali e privati \u200b\u200bviene offerta una vasta rete. 300 delle organizzazioni che forniscono servizi sanitari privati \u200b\u200bsono strettamente correlate ai centri sanitari internazionali. Tra questi potenti collegamenti; Ci sono centri come Harvard Medical International, Johns Hopkins, Mayo Clinic, Memorial Sloan-Kettering e New York Presbyterian.<\/p>\n<p>Trapianto di organi, test genetici, neurochirurgia, occhio (la pi\u00f9 grande rete di cliniche oculistiche al mondo si trova a Istanbul), cardiologia, ortopedia, chirurgia plastica e gli importanti risultati raggiunti nelle aree del turismo della salute dentale portano alla ribalta la Turchia. Con i suoi centri benessere (benessere), strutture termali naturali e bagni di fango, la Turchia \u00e8 un centro di attrazione che attrae quasi mezzo milione di turisti nel paese.<\/p>\n\t\t\t\t\t<\/div>\n\t\t\t\t\t\t<\/div>\n\t\t\t\t<\/div>\n\t\t\t\t\t\t<\/div>\n\t\t\t\t\t<\/div>\n\t\t<\/div>\n\t\t\t\t\t\t\t\t<\/div>\n\t\t\t\t\t<\/div>\n\t\t<\/section>\n\t\t\t\t\t\t<\/div>\n\t\t\t\t\t\t<\/div>\n\t\t\t\t\t<\/div>\n\t\t","protected":false},"excerpt":{"rendered":"<p>Turismo Della Salute La nuova stella del Turismo della salute; tacchino La Turchia con 39.226.226 visitatori attira ogni anno il maggior numero di turisti nel mondo 6. Paese. La Turchia ha una reputazione internazionale nel senso della gestione dell&#8217;ospitalit\u00e0, che nel corso degli anni ha compiuto attacchi turistici significativi e migliorato la capacit\u00e0 e la [&hellip;]<\/p>\n","protected":false},"author":5,"featured_media":0,"parent":0,"menu_order":0,"comment_status":"closed","ping_status":"closed","template":"","meta":{"ngg_post_thumbnail":0},"yst_prominent_words":[],"_links":{"self":[{"href":"https:\/\/www.ademhavva.com.tr\/it\/wp-json\/wp\/v2\/pages\/323"}],"collection":[{"href":"https:\/\/www.ademhavva.com.tr\/it\/wp-json\/wp\/v2\/pages"}],"about":[{"href":"https:\/\/www.ademhavva.com.tr\/it\/wp-json\/wp\/v2\/types\/page"}],"author":[{"embeddable":true,"href":"https:\/\/www.ademhavva.com.tr\/it\/wp-json\/wp\/v2\/users\/5"}],"replies":[{"embeddable":true,"href":"https:\/\/www.ademhavva.com.tr\/it\/wp-json\/wp\/v2\/comments?post=323"}],"version-history":[{"count":0,"href":"https:\/\/www.ademhavva.com.tr\/it\/wp-json\/wp\/v2\/pages\/323\/revisions"}],"wp:attachment":[{"href":"https:\/\/www.ademhavva.com.tr\/it\/wp-json\/wp\/v2\/media?parent=323"}],"wp:term":[{"taxonomy":"yst_prominent_words","embeddable":true,"href":"https:\/\/www.ademhavva.com.tr\/it\/wp-json\/wp\/v2\/yst_prominent_words?post=323"}],"curies":[{"name":"wp","href":"https:\/\/api.w.org\/{rel}","templated":true}]}}