{"id":13371,"date":"2020-06-01T12:16:59","date_gmt":"2020-06-01T12:16:59","guid":{"rendered":"http:\/\/www.ademhavvaclinic.com\/estetica-medica\/"},"modified":"2020-06-01T12:17:00","modified_gmt":"2020-06-01T12:17:00","slug":"estetica-medica","status":"publish","type":"page","link":"https:\/\/www.ademhavva.com.tr\/it\/estetica-medica\/","title":{"rendered":"Estetica medica"},"content":{"rendered":"\t\t<div data-elementor-type=\"wp-post\" data-elementor-id=\"13371\" class=\"elementor elementor-13371 elementor-6948\" data-elementor-settings=\"[]\">\n\t\t\t\t\t\t<div class=\"elementor-inner\">\n\t\t\t\t\t\t\t<div class=\"elementor-section-wrap\">\n\t\t\t\t\t\t\t<section class=\"elementor-section elementor-top-section elementor-element elementor-element-a557d82 elementor-section-boxed elementor-section-height-default elementor-section-height-default default-style\" data-id=\"a557d82\" data-element_type=\"section\" data-settings=\"{&quot;rt_color_sets&quot;:&quot;default-style&quot;}\">\n\t\t\t\t\t\t<div class=\"elementor-container elementor-column-gap-default\">\n\t\t\t\t\t\t\t<div class=\"elementor-row\">\n\t\t\t\t\t<div class=\"elementor-column elementor-col-100 elementor-top-column elementor-element elementor-element-76256ec\" data-id=\"76256ec\" data-element_type=\"column\">\n\t\t\t<div class=\"elementor-column-wrap elementor-element-populated\">\n\t\t\t\t\t\t\t<div class=\"elementor-widget-wrap\">\n\t\t\t\t\t\t<div class=\"elementor-element elementor-element-ea0dd5a elementor-widget-divider--view-line elementor-widget elementor-widget-divider\" data-id=\"ea0dd5a\" data-element_type=\"widget\" data-widget_type=\"divider.default\">\n\t\t\t\t<div class=\"elementor-widget-container\">\n\t\t\t\t\t<div class=\"elementor-divider\">\n\t\t\t<span class=\"elementor-divider-separator\">\n\t\t\t\t\t\t<\/span>\n\t\t<\/div>\n\t\t\t\t<\/div>\n\t\t\t\t<\/div>\n\t\t\t\t\t\t<\/div>\n\t\t\t\t\t<\/div>\n\t\t<\/div>\n\t\t\t\t\t\t\t\t<\/div>\n\t\t\t\t\t<\/div>\n\t\t<\/section>\n\t\t\t\t<section class=\"elementor-section elementor-top-section elementor-element elementor-element-a450fc6 elementor-section-boxed elementor-section-height-default elementor-section-height-default default-style\" data-id=\"a450fc6\" data-element_type=\"section\" data-settings=\"{&quot;rt_color_sets&quot;:&quot;default-style&quot;}\">\n\t\t\t\t\t\t<div class=\"elementor-container elementor-column-gap-default\">\n\t\t\t\t\t\t\t<div class=\"elementor-row\">\n\t\t\t\t\t<div class=\"elementor-column elementor-col-100 elementor-top-column elementor-element elementor-element-0253d9e\" data-id=\"0253d9e\" data-element_type=\"column\">\n\t\t\t<div class=\"elementor-column-wrap elementor-element-populated\">\n\t\t\t\t\t\t\t<div class=\"elementor-widget-wrap\">\n\t\t\t\t\t\t<div class=\"elementor-element elementor-element-b572032 elementor-widget elementor-widget-heading\" data-id=\"b572032\" data-element_type=\"widget\" data-widget_type=\"heading.default\">\n\t\t\t\t<div class=\"elementor-widget-container\">\n\t\t\t<h4 class=\"elementor-heading-title elementor-size-default\">Estetica medica<\/h4>\t\t<\/div>\n\t\t\t\t<\/div>\n\t\t\t\t\t\t<\/div>\n\t\t\t\t\t<\/div>\n\t\t<\/div>\n\t\t\t\t\t\t\t\t<\/div>\n\t\t\t\t\t<\/div>\n\t\t<\/section>\n\t\t\t\t<section class=\"elementor-section elementor-top-section elementor-element elementor-element-00fd3bb elementor-section-boxed elementor-section-height-default elementor-section-height-default default-style\" data-id=\"00fd3bb\" data-element_type=\"section\" data-settings=\"{&quot;rt_color_sets&quot;:&quot;default-style&quot;}\">\n\t\t\t\t\t\t<div class=\"elementor-container elementor-column-gap-default\">\n\t\t\t\t\t\t\t<div class=\"elementor-row\">\n\t\t\t\t\t<div class=\"elementor-column elementor-col-100 elementor-top-column elementor-element elementor-element-c5529f2\" data-id=\"c5529f2\" data-element_type=\"column\">\n\t\t\t<div class=\"elementor-column-wrap elementor-element-populated\">\n\t\t\t\t\t\t\t<div class=\"elementor-widget-wrap\">\n\t\t\t\t\t\t<div class=\"elementor-element elementor-element-aab3a28 elementor-widget elementor-widget-image\" data-id=\"aab3a28\" data-element_type=\"widget\" data-widget_type=\"image.default\">\n\t\t\t\t<div class=\"elementor-widget-container\">\n\t\t\t\t\t\t\t\t<div class=\"elementor-image\">\n\t\t\t\t\t\t\t\t\t\t\t\t<img width=\"1430\" height=\"510\" src=\"https:\/\/www.ademhavva.com.tr\/wp-content\/uploads\/2018\/10\/medical.jpg\" class=\"attachment-full size-full\" alt=\"\" loading=\"lazy\" srcset=\"https:\/\/www.ademhavva.com.tr\/wp-content\/uploads\/2018\/10\/medical.jpg 1430w, https:\/\/www.ademhavva.com.tr\/wp-content\/uploads\/2018\/10\/medical-300x107.jpg 300w, https:\/\/www.ademhavva.com.tr\/wp-content\/uploads\/2018\/10\/medical-768x274.jpg 768w, https:\/\/www.ademhavva.com.tr\/wp-content\/uploads\/2018\/10\/medical-1024x365.jpg 1024w, https:\/\/www.ademhavva.com.tr\/wp-content\/uploads\/2018\/10\/medical-715x255.jpg 715w, https:\/\/www.ademhavva.com.tr\/wp-content\/uploads\/2018\/10\/medical-1220x435.jpg 1220w, https:\/\/www.ademhavva.com.tr\/wp-content\/uploads\/2018\/10\/medical-915x326.jpg 915w, https:\/\/www.ademhavva.com.tr\/wp-content\/uploads\/2018\/10\/medical-600x214.jpg 600w, https:\/\/www.ademhavva.com.tr\/wp-content\/uploads\/2018\/10\/medical-393x140.jpg 393w, https:\/\/www.ademhavva.com.tr\/wp-content\/uploads\/2018\/10\/medical-290x103.jpg 290w\" sizes=\"(max-width: 1430px) 100vw, 1430px\" \/>\t\t\t\t\t\t\t\t\t\t\t\t\t\t<\/div>\n\t\t\t\t\t\t<\/div>\n\t\t\t\t<\/div>\n\t\t\t\t\t\t<\/div>\n\t\t\t\t\t<\/div>\n\t\t<\/div>\n\t\t\t\t\t\t\t\t<\/div>\n\t\t\t\t\t<\/div>\n\t\t<\/section>\n\t\t\t\t<section class=\"elementor-section elementor-top-section elementor-element elementor-element-94cee12 elementor-section-boxed elementor-section-height-default elementor-section-height-default default-style\" data-id=\"94cee12\" data-element_type=\"section\" data-settings=\"{&quot;rt_color_sets&quot;:&quot;default-style&quot;}\">\n\t\t\t\t\t\t<div class=\"elementor-container elementor-column-gap-default\">\n\t\t\t\t\t\t\t<div class=\"elementor-row\">\n\t\t\t\t\t<div class=\"elementor-column elementor-col-100 elementor-top-column elementor-element elementor-element-80b4a03\" data-id=\"80b4a03\" data-element_type=\"column\">\n\t\t\t<div class=\"elementor-column-wrap elementor-element-populated\">\n\t\t\t\t\t\t\t<div class=\"elementor-widget-wrap\">\n\t\t\t\t\t\t<div class=\"elementor-element elementor-element-31ef008 elementor-widget elementor-widget-text-editor\" data-id=\"31ef008\" data-element_type=\"widget\" data-widget_type=\"text-editor.default\">\n\t\t\t\t<div class=\"elementor-widget-container\">\n\t\t\t\t\t\t\t\t<div class=\"elementor-text-editor elementor-clearfix\">\n\t\t\t\t<p>Non \u00e8 un segreto. Oggi le donne possono ridurre, prevenire o addirittura cancellare i segni dell&#8217;invecchiamento e dei danni alla pelle senza ricorrere all&#8217;intervento chirurgico. In effetti, ci sono possibilit\u00e0 di conoscere qualcuno che ha avuto un trattamento estetico non chirurgico; come iniezioni, peeling chimici, microdermoabrasione e trattamenti laser per rughe, rughe del viso, peli in eccesso, vasi sanguigni rotti, pori dilatati e cicatrici da acne. Dato il crescente interesse per i trattamenti estetici, \u00e8 importante ricordare che si tratta di trattamenti medici e con tutte le procedure mediche &#8211; anche quelle cosmetiche, i consumatori \/ pazienti devono essere consapevoli dei potenziali rischi. Per ridurre il rischio di complicanze e garantire di ricevere i migliori risultati possibili, \u00e8 importante scegliere la procedura e i prodotti giusti al momento giusto. Altrettanto importante \u00e8 scegliere un professionista sanitario qualificato che \u00e8 addestrato per prescrivere o amministrare trattamenti cosmetici e che pu\u00f2 aiutarti a prendere una decisione informata.<br \/>\nNoi di Adem &amp; Havva possiamo magicamente tornare indietro nel tempo e anatomicamente darvi la trasformazione della vostra vita con i nostri incomparabili dottori professionisti che non solo sono abili ed esperienze ma hanno anche una grande fama in questo senso.<br \/>\nTrattamenti estetici medici;<br \/>\n\u2022 Ringiovanimento della mano<br \/>\n\u2022 Lifting facciale non chirurgico<br \/>\n\u2022 Botox<br \/>\n\u2022 Filler viso<br \/>\n\u2022 Filler Lightening Eye Hollow<br \/>\n\u2022 Naso di riempimento (correzione non chirurgica del naso)<br \/>\n\u2022 Crescere il trattamento del fattore noleggio<br \/>\n\u2022 PRP per capelli<br \/>\n\u2022 PRP per il viso<br \/>\n\u2022 Mesoterapia per capelli<br \/>\n\u2022 Mesoterapia per il viso<br \/>\n\u2022 Peeling chimico<br \/>\n\u2022 Contorno labbra permanente<br \/>\n\u2022 Trucco permanente per sopracciglia<br \/>\n\u2022 Stimolazione dei capelli<br \/>\n\u2022 Mesoterapia corporea<br \/>\n\u2022 Terapia dell&#8217;ozono<br \/>\n\u2022 Terapia della regina<br \/>\n\u2022 Hijama<br \/>\n\u2022 Dermapen<br \/>\n\u2022 Vaccino giovanile<br \/>\n\u2022 Ago d&#8217;oro rf<br \/>\n\u2022 Fokus Ultrason<br \/>\n\u2022 Trattamento dell&#8217;emicrania di Botox<br \/>\n\u2022 Sudorazione di botox<br \/>\n\u2022 Botox Face Lift Full<br \/>\n\u2022 Botox<br \/>\n\u2022 Lipolisi<br \/>\n\u2022 Lipolisi dell&#8217;ozono<br \/>\n\u2022 Terapia del glutatione<br \/>\n\u2022 DNA di salmone<\/p>\n\t\t\t\t\t<\/div>\n\t\t\t\t\t\t<\/div>\n\t\t\t\t<\/div>\n\t\t\t\t\t\t<\/div>\n\t\t\t\t\t<\/div>\n\t\t<\/div>\n\t\t\t\t\t\t\t\t<\/div>\n\t\t\t\t\t<\/div>\n\t\t<\/section>\n\t\t\t\t\t\t<\/div>\n\t\t\t\t\t\t<\/div>\n\t\t\t\t\t<\/div>\n\t\t","protected":false},"excerpt":{"rendered":"<p>Estetica medica Non \u00e8 un segreto. Oggi le donne possono ridurre, prevenire o addirittura cancellare i segni dell&#8217;invecchiamento e dei danni alla pelle senza ricorrere all&#8217;intervento chirurgico. In effetti, ci sono possibilit\u00e0 di conoscere qualcuno che ha avuto un trattamento estetico non chirurgico; come iniezioni, peeling chimici, microdermoabrasione e trattamenti laser per rughe, rughe del [&hellip;]<\/p>\n","protected":false},"author":4,"featured_media":0,"parent":0,"menu_order":0,"comment_status":"closed","ping_status":"closed","template":"","meta":{"ngg_post_thumbnail":0},"yst_prominent_words":[],"_links":{"self":[{"href":"https:\/\/www.ademhavva.com.tr\/it\/wp-json\/wp\/v2\/pages\/13371"}],"collection":[{"href":"https:\/\/www.ademhavva.com.tr\/it\/wp-json\/wp\/v2\/pages"}],"about":[{"href":"https:\/\/www.ademhavva.com.tr\/it\/wp-json\/wp\/v2\/types\/page"}],"author":[{"embeddable":true,"href":"https:\/\/www.ademhavva.com.tr\/it\/wp-json\/wp\/v2\/users\/4"}],"replies":[{"embeddable":true,"href":"https:\/\/www.ademhavva.com.tr\/it\/wp-json\/wp\/v2\/comments?post=13371"}],"version-history":[{"count":0,"href":"https:\/\/www.ademhavva.com.tr\/it\/wp-json\/wp\/v2\/pages\/13371\/revisions"}],"wp:attachment":[{"href":"https:\/\/www.ademhavva.com.tr\/it\/wp-json\/wp\/v2\/media?parent=13371"}],"wp:term":[{"taxonomy":"yst_prominent_words","embeddable":true,"href":"https:\/\/www.ademhavva.com.tr\/it\/wp-json\/wp\/v2\/yst_prominent_words?post=13371"}],"curies":[{"name":"wp","href":"https:\/\/api.w.org\/{rel}","templated":true}]}}