{"id":13212,"date":"2020-05-31T13:41:37","date_gmt":"2020-05-31T13:41:37","guid":{"rendered":"http:\/\/www.ademhavvaclinic.com\/lifting-del-collo\/"},"modified":"2020-05-31T13:41:37","modified_gmt":"2020-05-31T13:41:37","slug":"lifting-del-collo","status":"publish","type":"page","link":"https:\/\/www.ademhavva.com.tr\/it\/lifting-del-collo\/","title":{"rendered":"Lifting del collo"},"content":{"rendered":"<p>Al momento dell&#8217;invecchiamento, la pelle di molte persone perde elasticit\u00e0, i muscoli iniziano a perdere peso e iniziano a comparire grasso e tessuto. Il collo \u00e8 una delle prime aree a mostrare segni di invecchiamento. La chirurgia del lifting del collo \u00e8 una rivoluzionaria chirurgia del viso e del collo che mira a rimuovere rotoli di grasso, pelle flaccida e pieghe profonde.<\/p>\n","protected":false},"excerpt":{"rendered":"<p>Al momento dell&#8217;invecchiamento, la pelle di molte persone perde elasticit\u00e0, i muscoli iniziano a perdere peso e iniziano a comparire grasso e tessuto. Il collo \u00e8 una delle prime aree a mostrare segni di invecchiamento. La chirurgia del lifting del collo \u00e8 una rivoluzionaria chirurgia del viso e del collo che mira a rimuovere rotoli [&hellip;]<\/p>\n","protected":false},"author":5,"featured_media":0,"parent":0,"menu_order":0,"comment_status":"closed","ping_status":"closed","template":"","meta":{"ngg_post_thumbnail":0},"yst_prominent_words":[],"_links":{"self":[{"href":"https:\/\/www.ademhavva.com.tr\/it\/wp-json\/wp\/v2\/pages\/13212"}],"collection":[{"href":"https:\/\/www.ademhavva.com.tr\/it\/wp-json\/wp\/v2\/pages"}],"about":[{"href":"https:\/\/www.ademhavva.com.tr\/it\/wp-json\/wp\/v2\/types\/page"}],"author":[{"embeddable":true,"href":"https:\/\/www.ademhavva.com.tr\/it\/wp-json\/wp\/v2\/users\/5"}],"replies":[{"embeddable":true,"href":"https:\/\/www.ademhavva.com.tr\/it\/wp-json\/wp\/v2\/comments?post=13212"}],"version-history":[{"count":0,"href":"https:\/\/www.ademhavva.com.tr\/it\/wp-json\/wp\/v2\/pages\/13212\/revisions"}],"wp:attachment":[{"href":"https:\/\/www.ademhavva.com.tr\/it\/wp-json\/wp\/v2\/media?parent=13212"}],"wp:term":[{"taxonomy":"yst_prominent_words","embeddable":true,"href":"https:\/\/www.ademhavva.com.tr\/it\/wp-json\/wp\/v2\/yst_prominent_words?post=13212"}],"curies":[{"name":"wp","href":"https:\/\/api.w.org\/{rel}","templated":true}]}}