{"id":13147,"date":"2020-04-20T00:41:52","date_gmt":"2020-04-20T00:41:52","guid":{"rendered":"https:\/\/www.ademhavvaclinic.com\/rhinoplastie\/"},"modified":"2020-04-20T00:41:53","modified_gmt":"2020-04-20T00:41:53","slug":"rhinoplastie","status":"publish","type":"page","link":"https:\/\/www.ademhavva.com.tr\/fr\/rhinoplastie\/","title":{"rendered":"Rhinoplastie"},"content":{"rendered":"\t\t<div data-elementor-type=\"wp-page\" data-elementor-id=\"13147\" class=\"elementor elementor-13147 elementor-6938 elementor-bc-flex-widget\" data-elementor-settings=\"[]\">\n\t\t\t\t\t\t<div class=\"elementor-inner\">\n\t\t\t\t\t\t\t<div class=\"elementor-section-wrap\">\n\t\t\t\t\t\t\t<section class=\"elementor-section elementor-top-section elementor-element elementor-element-083012a elementor-section-boxed elementor-section-height-default elementor-section-height-default default-style\" data-id=\"083012a\" data-element_type=\"section\" data-settings=\"{&quot;rt_color_sets&quot;:&quot;default-style&quot;}\">\n\t\t\t\t\t\t<div class=\"elementor-container elementor-column-gap-default\">\n\t\t\t\t\t\t\t<div class=\"elementor-row\">\n\t\t\t\t\t<div class=\"elementor-column elementor-col-100 elementor-top-column elementor-element elementor-element-8e95b9a\" data-id=\"8e95b9a\" data-element_type=\"column\">\n\t\t\t<div class=\"elementor-column-wrap elementor-element-populated\">\n\t\t\t\t\t\t\t<div class=\"elementor-widget-wrap\">\n\t\t\t\t\t\t<div class=\"elementor-element elementor-element-d650f5e elementor-widget-divider--view-line elementor-widget elementor-widget-divider\" data-id=\"d650f5e\" data-element_type=\"widget\" data-widget_type=\"divider.default\">\n\t\t\t\t<div class=\"elementor-widget-container\">\n\t\t\t\t\t<div class=\"elementor-divider\">\n\t\t\t<span class=\"elementor-divider-separator\">\n\t\t\t\t\t\t<\/span>\n\t\t<\/div>\n\t\t\t\t<\/div>\n\t\t\t\t<\/div>\n\t\t\t\t\t\t<\/div>\n\t\t\t\t\t<\/div>\n\t\t<\/div>\n\t\t\t\t\t\t\t\t<\/div>\n\t\t\t\t\t<\/div>\n\t\t<\/section>\n\t\t\t\t<section class=\"elementor-section elementor-top-section elementor-element elementor-element-fc860f7 elementor-section-boxed elementor-section-height-default elementor-section-height-default default-style\" data-id=\"fc860f7\" data-element_type=\"section\" data-settings=\"{&quot;rt_color_sets&quot;:&quot;default-style&quot;}\">\n\t\t\t\t\t\t<div class=\"elementor-container elementor-column-gap-default\">\n\t\t\t\t\t\t\t<div class=\"elementor-row\">\n\t\t\t\t\t<div class=\"elementor-column elementor-col-100 elementor-top-column elementor-element elementor-element-4482684\" data-id=\"4482684\" data-element_type=\"column\">\n\t\t\t<div class=\"elementor-column-wrap elementor-element-populated\">\n\t\t\t\t\t\t\t<div class=\"elementor-widget-wrap\">\n\t\t\t\t\t\t<div class=\"elementor-element elementor-element-0f66d2a elementor-widget elementor-widget-heading\" data-id=\"0f66d2a\" data-element_type=\"widget\" data-widget_type=\"heading.default\">\n\t\t\t\t<div class=\"elementor-widget-container\">\n\t\t\t<h4 class=\"elementor-heading-title elementor-size-default\">Rhinoplastie<\/h4>\t\t<\/div>\n\t\t\t\t<\/div>\n\t\t\t\t\t\t<\/div>\n\t\t\t\t\t<\/div>\n\t\t<\/div>\n\t\t\t\t\t\t\t\t<\/div>\n\t\t\t\t\t<\/div>\n\t\t<\/section>\n\t\t\t\t<section class=\"elementor-section elementor-top-section elementor-element elementor-element-61ba8f8 elementor-section-boxed elementor-section-height-default elementor-section-height-default default-style\" data-id=\"61ba8f8\" data-element_type=\"section\" data-settings=\"{&quot;rt_color_sets&quot;:&quot;default-style&quot;}\">\n\t\t\t\t\t\t<div class=\"elementor-container elementor-column-gap-default\">\n\t\t\t\t\t\t\t<div class=\"elementor-row\">\n\t\t\t\t\t<div class=\"elementor-column elementor-col-100 elementor-top-column elementor-element elementor-element-0fad966\" data-id=\"0fad966\" data-element_type=\"column\">\n\t\t\t<div class=\"elementor-column-wrap elementor-element-populated\">\n\t\t\t\t\t\t\t<div class=\"elementor-widget-wrap\">\n\t\t\t\t\t\t<div class=\"elementor-element elementor-element-8a1679d elementor-widget elementor-widget-image\" data-id=\"8a1679d\" data-element_type=\"widget\" data-widget_type=\"image.default\">\n\t\t\t\t<div class=\"elementor-widget-container\">\n\t\t\t\t\t\t\t\t<div class=\"elementor-image\">\n\t\t\t\t\t\t\t\t\t\t\t\t<img width=\"1430\" height=\"510\" src=\"https:\/\/www.ademhavva.com.tr\/wp-content\/uploads\/2018\/10\/rhino-1.jpg\" class=\"attachment-full size-full\" alt=\"\" loading=\"lazy\" srcset=\"https:\/\/www.ademhavva.com.tr\/wp-content\/uploads\/2018\/10\/rhino-1.jpg 1430w, https:\/\/www.ademhavva.com.tr\/wp-content\/uploads\/2018\/10\/rhino-1-300x107.jpg 300w, https:\/\/www.ademhavva.com.tr\/wp-content\/uploads\/2018\/10\/rhino-1-768x274.jpg 768w, https:\/\/www.ademhavva.com.tr\/wp-content\/uploads\/2018\/10\/rhino-1-1024x365.jpg 1024w, https:\/\/www.ademhavva.com.tr\/wp-content\/uploads\/2018\/10\/rhino-1-715x255.jpg 715w, https:\/\/www.ademhavva.com.tr\/wp-content\/uploads\/2018\/10\/rhino-1-1220x435.jpg 1220w, https:\/\/www.ademhavva.com.tr\/wp-content\/uploads\/2018\/10\/rhino-1-915x326.jpg 915w, https:\/\/www.ademhavva.com.tr\/wp-content\/uploads\/2018\/10\/rhino-1-600x214.jpg 600w, https:\/\/www.ademhavva.com.tr\/wp-content\/uploads\/2018\/10\/rhino-1-393x140.jpg 393w, https:\/\/www.ademhavva.com.tr\/wp-content\/uploads\/2018\/10\/rhino-1-290x103.jpg 290w\" sizes=\"(max-width: 1430px) 100vw, 1430px\" \/>\t\t\t\t\t\t\t\t\t\t\t\t\t\t<\/div>\n\t\t\t\t\t\t<\/div>\n\t\t\t\t<\/div>\n\t\t\t\t\t\t<\/div>\n\t\t\t\t\t<\/div>\n\t\t<\/div>\n\t\t\t\t\t\t\t\t<\/div>\n\t\t\t\t\t<\/div>\n\t\t<\/section>\n\t\t\t\t<section class=\"elementor-section elementor-top-section elementor-element elementor-element-f900306 elementor-section-boxed elementor-section-height-default elementor-section-height-default default-style\" data-id=\"f900306\" data-element_type=\"section\" data-settings=\"{&quot;rt_color_sets&quot;:&quot;default-style&quot;}\">\n\t\t\t\t\t\t<div class=\"elementor-container elementor-column-gap-default\">\n\t\t\t\t\t\t\t<div class=\"elementor-row\">\n\t\t\t\t\t<div class=\"elementor-column elementor-col-100 elementor-top-column elementor-element elementor-element-dd40b12\" data-id=\"dd40b12\" data-element_type=\"column\">\n\t\t\t<div class=\"elementor-column-wrap elementor-element-populated\">\n\t\t\t\t\t\t\t<div class=\"elementor-widget-wrap\">\n\t\t\t\t\t\t<div class=\"elementor-element elementor-element-5aa76d5 elementor-widget elementor-widget-text-editor\" data-id=\"5aa76d5\" data-element_type=\"widget\" data-widget_type=\"text-editor.default\">\n\t\t\t\t<div class=\"elementor-widget-container\">\n\t\t\t\t\t\t\t\t<div class=\"elementor-text-editor elementor-clearfix\">\n\t\t\t\t<p>La rhinoplastie est l&rsquo;une des chirurgies plastiques faciales les plus couramment pratiqu\u00e9es dans nos cliniques. Aussi connu comme un travail de nez; la rhinoplastie est con\u00e7ue pour am\u00e9liorer l&rsquo;apparence et la proportion du nez ou pour corriger un probl\u00e8me respiratoire.<br \/>\nLe remodelage du nez peut \u00e9galement \u00eatre effectu\u00e9 comme une proc\u00e9dure de reconstruction pour r\u00e9parer une anomalie cong\u00e9nitale ou une blessure traumatique, comme un nez cass\u00e9.<br \/>\nElle peut \u00e9galement \u00eatre r\u00e9alis\u00e9e \u00e0 des fins fonctionnelles plut\u00f4t que cosm\u00e9tiques. La combinaison du nez avec une septoplastie peut corriger efficacement les probl\u00e8mes respiratoires caus\u00e9s par un septum d\u00e9vi\u00e9.<\/p>\n<p>Bons candidats pour la chirurgie du nez<\/p>\n<p>Une personne \u00e2g\u00e9e d&rsquo;au moins 18 ans qui:<\/p>\n<p>N&rsquo;est pas satisfait de leur apparence nasale.<br \/>\nA des attentes r\u00e9alistes de la chirurgie du nez.<br \/>\nA termin\u00e9 sa croissance faciale.<br \/>\nEst en g\u00e9n\u00e9ral en bonne sant\u00e9.<br \/>\nLe chirurgien plasticien vous \u00e9valuera soigneusement physiquement et \u00e9motionnellement pour vous assurer que vous \u00eates le mieux pr\u00e9par\u00e9 pour subir une chirurgie du nez en Turquie.<\/p>\n<p>Se pr\u00e9parer \u00e0 la rhinoplastie<\/p>\n<p>Un mois avant la chirurgie: il vous sera demand\u00e9 d&rsquo;arr\u00eater de fumer avant l&rsquo;op\u00e9ration. L&rsquo;aspirine et d&rsquo;autres anticoagulants ne doivent pas \u00eatre pris pendant deux semaines avant la chirurgie du nez.<br \/>\nUne semaine avant la chirurgie: Une semaine avant la chirurgie du nez, vous devrez subir des tests sanguins. Le m\u00e9decin vous fournira les instructions n\u00e9cessaires.<br \/>\nUn jour avant la chirurgie: s&rsquo;abstenir d&rsquo;ing\u00e9rer de la nourriture et \/ ou des boissons apr\u00e8s l&rsquo;heure fix\u00e9e par le m\u00e9decin.<br \/>\nLe jour de la chirurgie: ne pas appliquer de maquillage ou de cr\u00e8mes pour le visage sur votre visage.<br \/>\nProc\u00e9dure de rhinoplastie<br \/>\nPendant la chirurgie du nez chez Adem &amp; Havva Turquie, votre chirurgien plasticien applique des incisions pour acc\u00e9der aux os et au cartilage qui soutiennent le nez. L&rsquo;incision est g\u00e9n\u00e9ralement faite dans des endroits subtils \u00e0 l&rsquo;int\u00e9rieur du nez afin qu&rsquo;ils soient invisibles apr\u00e8s la chirurgie. Selon le r\u00e9sultat souhait\u00e9 et les objectifs d&rsquo;apparence de chaque patient, certains os et cartilages peuvent \u00eatre retir\u00e9s ou des tissus peuvent \u00eatre ajout\u00e9s.<\/p>\n<p>Une fois que le chirurgien a r\u00e9organis\u00e9, remodel\u00e9 ou ras\u00e9 l&rsquo;os et le cartilage, la peau et les tissus sont recouverts de la structure du nez.<\/p>\n<p>Une attelle possible est plac\u00e9e \u00e0 l&rsquo;ext\u00e9rieur du nez pour favoriser la nouvelle forme du nez lors de sa gu\u00e9rison. Une garniture nasale peut \u00eatre utilis\u00e9e \u00e0 l&rsquo;int\u00e9rieur du nez pour apporter un soutien suppl\u00e9mentaire.<\/p>\n<p>Bien que la rhinoplastie \u00e0 la clinique turque d&rsquo;Adem &amp; Havva soit fr\u00e9quemment pratiqu\u00e9e en ambulatoire, les patients peuvent parfois n\u00e9cessiter un s\u00e9jour d&rsquo;une nuit.<\/p>\n<p>Apr\u00e8s la proc\u00e9dure<\/p>\n<p>Un jour apr\u00e8s la chirurgie: une petite attelle sera appliqu\u00e9e sur votre nez pour maintenir le support et maintenir la structure en s\u00e9curit\u00e9 pendant au moins 5 jours. Votre visage peut \u00eatre gonfl\u00e9, surtout le premier jour suivant la chirurgie.<br \/>\nUne semaine apr\u00e8s la chirurgie: l&rsquo;attelle sera retir\u00e9e. et la plupart des patients reprennent leurs fonctions normales.<br \/>\nUn mois apr\u00e8s la chirurgie: \u00e9vitez de vous moucher pendant deux \u00e0 trois semaines apr\u00e8s la chirurgie. Il est fortement conseill\u00e9 de ne pas exercer de pression sur votre nez, comme porter du soleil \/ des lunettes \u00e9pais pendant 3 \u00e0 4 semaines. Pour \u00e9viter les cicatrices, vous devez \u00e9viter de fumer. L&rsquo;aspirine et d&rsquo;autres anticoagulants ne doivent pas \u00eatre pris pendant deux semaines apr\u00e8s la chirurgie du nez.<br \/>\nSix mois apr\u00e8s la chirurgie: Apr\u00e8s six mois de chirurgie du nez, l&rsquo;enflure dispara\u00eetra.<br \/>\nRisques g\u00e9n\u00e9raux de la chirurgie du nez<\/p>\n<p>Saignement<br \/>\nBlessure ou trous dans le septum<br \/>\nProbl\u00e8mes de peau<br \/>\nInfection<br \/>\nBlocage nasal<br \/>\nComplications de l&rsquo;anesth\u00e9sie<br \/>\nQuestions fr\u00e9quemment pos\u00e9es<\/p>\n<p>&nbsp;<\/p>\n<p><strong>La chirurgie du nez est-elle douloureuse?<\/strong><br \/>\nLa chirurgie du nez est une proc\u00e9dure simple. Il peut \u00eatre compl\u00e9t\u00e9 par une anesth\u00e9sie locale, o\u00f9 vous serez sous s\u00e9dation et incapable de ressentir la douleur.<\/p>\n<p><strong>Est-ce douloureux de retirer l&rsquo;attelle?<\/strong><br \/>\nVous pouvez ressentir une douleur minimale lors du retrait de l&rsquo;attelle.<\/p>\n<p><strong>Apr\u00e8s la chirurgie du nez, aurai-je des probl\u00e8mes respiratoires?<\/strong><br \/>\nApr\u00e8s la chirurgie du nez, la plupart des patients rapportent une meilleure respiration.<\/p>\n<p><strong>Quand verrai-je les r\u00e9sultats finaux de ma chirurgie du nez?<\/strong><br \/>\nVous verrez les r\u00e9sultats de la chirurgie du nez apr\u00e8s 3 semaines. Les r\u00e9sultats d\u00e9finitifs appara\u00eetront dans un d\u00e9lai de 6 \u00e0 12 mois.<\/p>\n\t\t\t\t\t<\/div>\n\t\t\t\t\t\t<\/div>\n\t\t\t\t<\/div>\n\t\t\t\t\t\t<\/div>\n\t\t\t\t\t<\/div>\n\t\t<\/div>\n\t\t\t\t\t\t\t\t<\/div>\n\t\t\t\t\t<\/div>\n\t\t<\/section>\n\t\t\t\t\t\t<\/div>\n\t\t\t\t\t\t<\/div>\n\t\t\t\t\t<\/div>\n\t\t","protected":false},"excerpt":{"rendered":"<p>Rhinoplastie La rhinoplastie est l&rsquo;une des chirurgies plastiques faciales les plus couramment pratiqu\u00e9es dans nos cliniques. Aussi connu comme un travail de nez; la rhinoplastie est con\u00e7ue pour am\u00e9liorer l&rsquo;apparence et la proportion du nez ou pour corriger un probl\u00e8me respiratoire. Le remodelage du nez peut \u00e9galement \u00eatre effectu\u00e9 comme une proc\u00e9dure de reconstruction pour [&hellip;]<\/p>\n","protected":false},"author":4,"featured_media":0,"parent":0,"menu_order":0,"comment_status":"closed","ping_status":"closed","template":"","meta":{"ngg_post_thumbnail":0},"yst_prominent_words":[],"_links":{"self":[{"href":"https:\/\/www.ademhavva.com.tr\/fr\/wp-json\/wp\/v2\/pages\/13147"}],"collection":[{"href":"https:\/\/www.ademhavva.com.tr\/fr\/wp-json\/wp\/v2\/pages"}],"about":[{"href":"https:\/\/www.ademhavva.com.tr\/fr\/wp-json\/wp\/v2\/types\/page"}],"author":[{"embeddable":true,"href":"https:\/\/www.ademhavva.com.tr\/fr\/wp-json\/wp\/v2\/users\/4"}],"replies":[{"embeddable":true,"href":"https:\/\/www.ademhavva.com.tr\/fr\/wp-json\/wp\/v2\/comments?post=13147"}],"version-history":[{"count":0,"href":"https:\/\/www.ademhavva.com.tr\/fr\/wp-json\/wp\/v2\/pages\/13147\/revisions"}],"wp:attachment":[{"href":"https:\/\/www.ademhavva.com.tr\/fr\/wp-json\/wp\/v2\/media?parent=13147"}],"wp:term":[{"taxonomy":"yst_prominent_words","embeddable":true,"href":"https:\/\/www.ademhavva.com.tr\/fr\/wp-json\/wp\/v2\/yst_prominent_words?post=13147"}],"curies":[{"name":"wp","href":"https:\/\/api.w.org\/{rel}","templated":true}]}}