{"id":13103,"date":"2020-04-20T00:26:29","date_gmt":"2020-04-20T00:26:29","guid":{"rendered":"https:\/\/www.ademhavvaclinic.com\/esthetique-medicale\/"},"modified":"2020-04-20T00:26:29","modified_gmt":"2020-04-20T00:26:29","slug":"esthetique-medicale","status":"publish","type":"page","link":"https:\/\/www.ademhavva.com.tr\/fr\/esthetique-medicale\/","title":{"rendered":"Esth\u00e9tique M\u00e9dicale"},"content":{"rendered":"\t\t<div data-elementor-type=\"wp-post\" data-elementor-id=\"13103\" class=\"elementor elementor-13103 elementor-6948\" data-elementor-settings=\"[]\">\n\t\t\t\t\t\t<div class=\"elementor-inner\">\n\t\t\t\t\t\t\t<div class=\"elementor-section-wrap\">\n\t\t\t\t\t\t\t<section class=\"elementor-section elementor-top-section elementor-element elementor-element-a557d82 elementor-section-boxed elementor-section-height-default elementor-section-height-default default-style\" data-id=\"a557d82\" data-element_type=\"section\" data-settings=\"{&quot;rt_color_sets&quot;:&quot;default-style&quot;}\">\n\t\t\t\t\t\t<div class=\"elementor-container elementor-column-gap-default\">\n\t\t\t\t\t\t\t<div class=\"elementor-row\">\n\t\t\t\t\t<div class=\"elementor-column elementor-col-100 elementor-top-column elementor-element elementor-element-76256ec\" data-id=\"76256ec\" data-element_type=\"column\">\n\t\t\t<div class=\"elementor-column-wrap elementor-element-populated\">\n\t\t\t\t\t\t\t<div class=\"elementor-widget-wrap\">\n\t\t\t\t\t\t<div class=\"elementor-element elementor-element-ea0dd5a elementor-widget-divider--view-line elementor-widget elementor-widget-divider\" data-id=\"ea0dd5a\" data-element_type=\"widget\" data-widget_type=\"divider.default\">\n\t\t\t\t<div class=\"elementor-widget-container\">\n\t\t\t\t\t<div class=\"elementor-divider\">\n\t\t\t<span class=\"elementor-divider-separator\">\n\t\t\t\t\t\t<\/span>\n\t\t<\/div>\n\t\t\t\t<\/div>\n\t\t\t\t<\/div>\n\t\t\t\t\t\t<\/div>\n\t\t\t\t\t<\/div>\n\t\t<\/div>\n\t\t\t\t\t\t\t\t<\/div>\n\t\t\t\t\t<\/div>\n\t\t<\/section>\n\t\t\t\t<section class=\"elementor-section elementor-top-section elementor-element elementor-element-a450fc6 elementor-section-boxed elementor-section-height-default elementor-section-height-default default-style\" data-id=\"a450fc6\" data-element_type=\"section\" data-settings=\"{&quot;rt_color_sets&quot;:&quot;default-style&quot;}\">\n\t\t\t\t\t\t<div class=\"elementor-container elementor-column-gap-default\">\n\t\t\t\t\t\t\t<div class=\"elementor-row\">\n\t\t\t\t\t<div class=\"elementor-column elementor-col-100 elementor-top-column elementor-element elementor-element-0253d9e\" data-id=\"0253d9e\" data-element_type=\"column\">\n\t\t\t<div class=\"elementor-column-wrap elementor-element-populated\">\n\t\t\t\t\t\t\t<div class=\"elementor-widget-wrap\">\n\t\t\t\t\t\t<div class=\"elementor-element elementor-element-b572032 elementor-widget elementor-widget-heading\" data-id=\"b572032\" data-element_type=\"widget\" data-widget_type=\"heading.default\">\n\t\t\t\t<div class=\"elementor-widget-container\">\n\t\t\t<h4 class=\"elementor-heading-title elementor-size-default\">Esth\u00e9tique M\u00e9dicale<\/h4>\t\t<\/div>\n\t\t\t\t<\/div>\n\t\t\t\t\t\t<\/div>\n\t\t\t\t\t<\/div>\n\t\t<\/div>\n\t\t\t\t\t\t\t\t<\/div>\n\t\t\t\t\t<\/div>\n\t\t<\/section>\n\t\t\t\t<section class=\"elementor-section elementor-top-section elementor-element elementor-element-00fd3bb elementor-section-boxed elementor-section-height-default elementor-section-height-default default-style\" data-id=\"00fd3bb\" data-element_type=\"section\" data-settings=\"{&quot;rt_color_sets&quot;:&quot;default-style&quot;}\">\n\t\t\t\t\t\t<div class=\"elementor-container elementor-column-gap-default\">\n\t\t\t\t\t\t\t<div class=\"elementor-row\">\n\t\t\t\t\t<div class=\"elementor-column elementor-col-100 elementor-top-column elementor-element elementor-element-c5529f2\" data-id=\"c5529f2\" data-element_type=\"column\">\n\t\t\t<div class=\"elementor-column-wrap elementor-element-populated\">\n\t\t\t\t\t\t\t<div class=\"elementor-widget-wrap\">\n\t\t\t\t\t\t<div class=\"elementor-element elementor-element-aab3a28 elementor-widget elementor-widget-image\" data-id=\"aab3a28\" data-element_type=\"widget\" data-widget_type=\"image.default\">\n\t\t\t\t<div class=\"elementor-widget-container\">\n\t\t\t\t\t\t\t\t<div class=\"elementor-image\">\n\t\t\t\t\t\t\t\t\t\t\t\t<img width=\"1430\" height=\"510\" src=\"https:\/\/www.ademhavva.com.tr\/wp-content\/uploads\/2018\/10\/medical.jpg\" class=\"attachment-full size-full\" alt=\"\" loading=\"lazy\" srcset=\"https:\/\/www.ademhavva.com.tr\/wp-content\/uploads\/2018\/10\/medical.jpg 1430w, https:\/\/www.ademhavva.com.tr\/wp-content\/uploads\/2018\/10\/medical-300x107.jpg 300w, https:\/\/www.ademhavva.com.tr\/wp-content\/uploads\/2018\/10\/medical-768x274.jpg 768w, https:\/\/www.ademhavva.com.tr\/wp-content\/uploads\/2018\/10\/medical-1024x365.jpg 1024w, https:\/\/www.ademhavva.com.tr\/wp-content\/uploads\/2018\/10\/medical-715x255.jpg 715w, https:\/\/www.ademhavva.com.tr\/wp-content\/uploads\/2018\/10\/medical-1220x435.jpg 1220w, https:\/\/www.ademhavva.com.tr\/wp-content\/uploads\/2018\/10\/medical-915x326.jpg 915w, https:\/\/www.ademhavva.com.tr\/wp-content\/uploads\/2018\/10\/medical-600x214.jpg 600w, https:\/\/www.ademhavva.com.tr\/wp-content\/uploads\/2018\/10\/medical-393x140.jpg 393w, https:\/\/www.ademhavva.com.tr\/wp-content\/uploads\/2018\/10\/medical-290x103.jpg 290w\" sizes=\"(max-width: 1430px) 100vw, 1430px\" \/>\t\t\t\t\t\t\t\t\t\t\t\t\t\t<\/div>\n\t\t\t\t\t\t<\/div>\n\t\t\t\t<\/div>\n\t\t\t\t\t\t<\/div>\n\t\t\t\t\t<\/div>\n\t\t<\/div>\n\t\t\t\t\t\t\t\t<\/div>\n\t\t\t\t\t<\/div>\n\t\t<\/section>\n\t\t\t\t<section class=\"elementor-section elementor-top-section elementor-element elementor-element-94cee12 elementor-section-boxed elementor-section-height-default elementor-section-height-default default-style\" data-id=\"94cee12\" data-element_type=\"section\" data-settings=\"{&quot;rt_color_sets&quot;:&quot;default-style&quot;}\">\n\t\t\t\t\t\t<div class=\"elementor-container elementor-column-gap-default\">\n\t\t\t\t\t\t\t<div class=\"elementor-row\">\n\t\t\t\t\t<div class=\"elementor-column elementor-col-100 elementor-top-column elementor-element elementor-element-80b4a03\" data-id=\"80b4a03\" data-element_type=\"column\">\n\t\t\t<div class=\"elementor-column-wrap elementor-element-populated\">\n\t\t\t\t\t\t\t<div class=\"elementor-widget-wrap\">\n\t\t\t\t\t\t<div class=\"elementor-element elementor-element-31ef008 elementor-widget elementor-widget-text-editor\" data-id=\"31ef008\" data-element_type=\"widget\" data-widget_type=\"text-editor.default\">\n\t\t\t\t<div class=\"elementor-widget-container\">\n\t\t\t\t\t\t\t\t<div class=\"elementor-text-editor elementor-clearfix\">\n\t\t\t\t<p>Ce n\u2019est pas un secret. Les femmes d&rsquo;aujourd&rsquo;hui peuvent r\u00e9duire, pr\u00e9venir ou m\u00eame effacer les signes du vieillissement et les dommages cutan\u00e9s sans recourir \u00e0 une intervention chirurgicale. En fait, il y a de fortes chances que quelqu&rsquo;un connaisse un traitement esth\u00e9tique non chirurgical; comme les injections, les peelings chimiques, la microdermabrasion et les traitements au laser pour les rides, les rides du visage, les poils en exc\u00e8s, les vaisseaux sanguins bris\u00e9s, les pores dilat\u00e9s et les cicatrices d&rsquo;acn\u00e9. \u00c9tant donn\u00e9 l\u2019int\u00e9r\u00eat croissant que suscitent les traitements esth\u00e9tiques, il est important de rappeler qu\u2019il s\u2019agit de traitements m\u00e9dicaux et que tous les actes m\u00e9dicaux, m\u00eame esth\u00e9tiques, n\u00e9cessitent que les consommateurs \/ patients soient conscients des risques potentiels. Pour r\u00e9duire vos risques de complications et vous assurer d&rsquo;obtenir les meilleurs r\u00e9sultats possibles, il est important de choisir la bonne proc\u00e9dure et les bons produits au bon moment. Il est tout aussi important de choisir un professionnel de la sant\u00e9 qualifi\u00e9, form\u00e9 pour prescrire ou administrer des traitements esth\u00e9tiques, et qui peut vous aider \u00e0 prendre une d\u00e9cision \u00e9clair\u00e9e.<\/p>\n<p>Chez Adem &amp; Havva, nous pouvons, comme par magie, remonter le temps et vous transformer anatomiquement de votre vie avec nos incomparables m\u00e9decins professionnels non seulement comp\u00e9tents et exp\u00e9riment\u00e9s, mais \u00e9galement renomm\u00e9s \u00e0 cet \u00e9gard.<\/p>\n<p>Traitements esth\u00e9tiques m\u00e9dicaux;<br \/>\n\u2022 Rajeunissement des mains<br \/>\n\u2022 Lifting du visage non chirurgical<br \/>\n\u2022 Botox<br \/>\n\u2022 Remplissage du visage<br \/>\n\u2022 Remplissage \u00e9claircissant Eye Hollow<br \/>\n\u2022 Nez de remplissage (correction non chirurgicale du nez)<br \/>\n\u2022 Traitement de la croissance du facteur de location<br \/>\n\u2022 PRP pour cheveux<br \/>\n\u2022 PRP pour le visage<br \/>\n\u2022 M\u00e9soth\u00e9rapie pour les cheveux<br \/>\n\u2022 M\u00e9soth\u00e9rapie pour le visage<br \/>\n\u2022 Peeling chimique<br \/>\n\u2022 Contour des l\u00e8vres permanent<br \/>\n\u2022 Maquillage permanent des sourcils<br \/>\n\u2022 Stimulation des cheveux<br \/>\n\u2022 M\u00e9soth\u00e9rapie corporelle<br \/>\n\u2022 Th\u00e9rapie \u00e0 l&rsquo;ozone<br \/>\n\u2022 Queen Therapy<br \/>\n\u2022 Hijama<br \/>\n\u2022 Dermapen<br \/>\n\u2022 Vaccin pour les jeunes<br \/>\n\u2022 Aiguille d&rsquo;or rf<br \/>\n\u2022 Ultrason Fokus<br \/>\n\u2022 Traitement de la migraine au Botox<br \/>\n\u2022 Botox transpiration<br \/>\n\u2022 Lifting complet du Botox<br \/>\n\u2022 Botox<br \/>\n\u2022 Lipolyse<br \/>\n\u2022 Lipolyse \u00e0 l&rsquo;ozone<br \/>\n\u2022 Th\u00e9rapie au glutathion<\/p>\n\t\t\t\t\t<\/div>\n\t\t\t\t\t\t<\/div>\n\t\t\t\t<\/div>\n\t\t\t\t\t\t<\/div>\n\t\t\t\t\t<\/div>\n\t\t<\/div>\n\t\t\t\t\t\t\t\t<\/div>\n\t\t\t\t\t<\/div>\n\t\t<\/section>\n\t\t\t\t\t\t<\/div>\n\t\t\t\t\t\t<\/div>\n\t\t\t\t\t<\/div>\n\t\t","protected":false},"excerpt":{"rendered":"<p>Esth\u00e9tique M\u00e9dicale Ce n\u2019est pas un secret. Les femmes d&rsquo;aujourd&rsquo;hui peuvent r\u00e9duire, pr\u00e9venir ou m\u00eame effacer les signes du vieillissement et les dommages cutan\u00e9s sans recourir \u00e0 une intervention chirurgicale. En fait, il y a de fortes chances que quelqu&rsquo;un connaisse un traitement esth\u00e9tique non chirurgical; comme les injections, les peelings chimiques, la microdermabrasion et [&hellip;]<\/p>\n","protected":false},"author":4,"featured_media":0,"parent":0,"menu_order":0,"comment_status":"closed","ping_status":"closed","template":"","meta":{"ngg_post_thumbnail":0},"yst_prominent_words":[],"_links":{"self":[{"href":"https:\/\/www.ademhavva.com.tr\/fr\/wp-json\/wp\/v2\/pages\/13103"}],"collection":[{"href":"https:\/\/www.ademhavva.com.tr\/fr\/wp-json\/wp\/v2\/pages"}],"about":[{"href":"https:\/\/www.ademhavva.com.tr\/fr\/wp-json\/wp\/v2\/types\/page"}],"author":[{"embeddable":true,"href":"https:\/\/www.ademhavva.com.tr\/fr\/wp-json\/wp\/v2\/users\/4"}],"replies":[{"embeddable":true,"href":"https:\/\/www.ademhavva.com.tr\/fr\/wp-json\/wp\/v2\/comments?post=13103"}],"version-history":[{"count":0,"href":"https:\/\/www.ademhavva.com.tr\/fr\/wp-json\/wp\/v2\/pages\/13103\/revisions"}],"wp:attachment":[{"href":"https:\/\/www.ademhavva.com.tr\/fr\/wp-json\/wp\/v2\/media?parent=13103"}],"wp:term":[{"taxonomy":"yst_prominent_words","embeddable":true,"href":"https:\/\/www.ademhavva.com.tr\/fr\/wp-json\/wp\/v2\/yst_prominent_words?post=13103"}],"curies":[{"name":"wp","href":"https:\/\/api.w.org\/{rel}","templated":true}]}}