{"id":13098,"date":"2020-04-20T00:21:05","date_gmt":"2020-04-20T00:21:05","guid":{"rendered":"https:\/\/www.ademhavvaclinic.com\/sourire-dhollywood\/"},"modified":"2020-04-20T00:21:08","modified_gmt":"2020-04-20T00:21:08","slug":"sourire-dhollywood","status":"publish","type":"page","link":"https:\/\/www.ademhavva.com.tr\/fr\/sourire-dhollywood\/","title":{"rendered":"Sourire d&rsquo;Hollywood"},"content":{"rendered":"\t\t<div data-elementor-type=\"wp-post\" data-elementor-id=\"13098\" class=\"elementor elementor-13098 elementor-329\" data-elementor-settings=\"[]\">\n\t\t\t\t\t\t<div class=\"elementor-inner\">\n\t\t\t\t\t\t\t<div class=\"elementor-section-wrap\">\n\t\t\t\t\t\t\t<section class=\"elementor-section elementor-top-section elementor-element elementor-element-ba3d67c elementor-section-boxed elementor-section-height-default elementor-section-height-default default-style\" data-id=\"ba3d67c\" data-element_type=\"section\" data-settings=\"{&quot;rt_color_sets&quot;:&quot;default-style&quot;}\">\n\t\t\t\t\t\t<div class=\"elementor-container elementor-column-gap-default\">\n\t\t\t\t\t\t\t<div class=\"elementor-row\">\n\t\t\t\t\t<div class=\"elementor-column elementor-col-100 elementor-top-column elementor-element elementor-element-3f518c3\" data-id=\"3f518c3\" data-element_type=\"column\">\n\t\t\t<div class=\"elementor-column-wrap elementor-element-populated\">\n\t\t\t\t\t\t\t<div class=\"elementor-widget-wrap\">\n\t\t\t\t\t\t<div class=\"elementor-element elementor-element-9d74841 elementor-widget-divider--view-line elementor-widget elementor-widget-divider\" data-id=\"9d74841\" data-element_type=\"widget\" data-widget_type=\"divider.default\">\n\t\t\t\t<div class=\"elementor-widget-container\">\n\t\t\t\t\t<div class=\"elementor-divider\">\n\t\t\t<span class=\"elementor-divider-separator\">\n\t\t\t\t\t\t<\/span>\n\t\t<\/div>\n\t\t\t\t<\/div>\n\t\t\t\t<\/div>\n\t\t\t\t\t\t<\/div>\n\t\t\t\t\t<\/div>\n\t\t<\/div>\n\t\t\t\t\t\t\t\t<\/div>\n\t\t\t\t\t<\/div>\n\t\t<\/section>\n\t\t\t\t<section class=\"elementor-section elementor-top-section elementor-element elementor-element-4f3c560 elementor-section-boxed elementor-section-height-default elementor-section-height-default default-style\" data-id=\"4f3c560\" data-element_type=\"section\" data-settings=\"{&quot;rt_color_sets&quot;:&quot;default-style&quot;}\">\n\t\t\t\t\t\t<div class=\"elementor-container elementor-column-gap-default\">\n\t\t\t\t\t\t\t<div class=\"elementor-row\">\n\t\t\t\t\t<div class=\"elementor-column elementor-col-100 elementor-top-column elementor-element elementor-element-ab9d8de\" data-id=\"ab9d8de\" data-element_type=\"column\">\n\t\t\t<div class=\"elementor-column-wrap elementor-element-populated\">\n\t\t\t\t\t\t\t<div class=\"elementor-widget-wrap\">\n\t\t\t\t\t\t<div class=\"elementor-element elementor-element-3a7e81c elementor-widget elementor-widget-heading\" data-id=\"3a7e81c\" data-element_type=\"widget\" data-widget_type=\"heading.default\">\n\t\t\t\t<div class=\"elementor-widget-container\">\n\t\t\t<h5 class=\"elementor-heading-title elementor-size-default\">Sourire d'Hollywood<\/h5>\t\t<\/div>\n\t\t\t\t<\/div>\n\t\t\t\t\t\t<\/div>\n\t\t\t\t\t<\/div>\n\t\t<\/div>\n\t\t\t\t\t\t\t\t<\/div>\n\t\t\t\t\t<\/div>\n\t\t<\/section>\n\t\t\t\t<section class=\"elementor-section elementor-top-section elementor-element elementor-element-8310f29 elementor-section-boxed elementor-section-height-default elementor-section-height-default default-style\" data-id=\"8310f29\" data-element_type=\"section\" data-settings=\"{&quot;rt_color_sets&quot;:&quot;default-style&quot;}\">\n\t\t\t\t\t\t<div class=\"elementor-container elementor-column-gap-default\">\n\t\t\t\t\t\t\t<div class=\"elementor-row\">\n\t\t\t\t\t<div class=\"elementor-column elementor-col-100 elementor-top-column elementor-element elementor-element-565dc42\" data-id=\"565dc42\" data-element_type=\"column\">\n\t\t\t<div class=\"elementor-column-wrap elementor-element-populated\">\n\t\t\t\t\t\t\t<div class=\"elementor-widget-wrap\">\n\t\t\t\t\t\t<div class=\"elementor-element elementor-element-c5a1720 elementor-widget elementor-widget-image\" data-id=\"c5a1720\" data-element_type=\"widget\" data-widget_type=\"image.default\">\n\t\t\t\t<div class=\"elementor-widget-container\">\n\t\t\t\t\t\t\t\t<div class=\"elementor-image\">\n\t\t\t\t\t\t\t\t\t\t\t\t<img width=\"1024\" height=\"470\" src=\"https:\/\/www.ademhavva.com.tr\/wp-content\/uploads\/2018\/10\/holly-1024x470.jpg\" class=\"attachment-large size-large\" alt=\"\" loading=\"lazy\" srcset=\"https:\/\/www.ademhavva.com.tr\/wp-content\/uploads\/2018\/10\/holly-1024x470.jpg 1024w, https:\/\/www.ademhavva.com.tr\/wp-content\/uploads\/2018\/10\/holly-300x138.jpg 300w, https:\/\/www.ademhavva.com.tr\/wp-content\/uploads\/2018\/10\/holly-768x353.jpg 768w, https:\/\/www.ademhavva.com.tr\/wp-content\/uploads\/2018\/10\/holly-715x328.jpg 715w, https:\/\/www.ademhavva.com.tr\/wp-content\/uploads\/2018\/10\/holly-1220x561.jpg 1220w, https:\/\/www.ademhavva.com.tr\/wp-content\/uploads\/2018\/10\/holly-915x420.jpg 915w, https:\/\/www.ademhavva.com.tr\/wp-content\/uploads\/2018\/10\/holly-600x276.jpg 600w, https:\/\/www.ademhavva.com.tr\/wp-content\/uploads\/2018\/10\/holly-393x181.jpg 393w, https:\/\/www.ademhavva.com.tr\/wp-content\/uploads\/2018\/10\/holly-290x133.jpg 290w, https:\/\/www.ademhavva.com.tr\/wp-content\/uploads\/2018\/10\/holly.jpg 1430w\" sizes=\"(max-width: 1024px) 100vw, 1024px\" \/>\t\t\t\t\t\t\t\t\t\t\t\t\t\t<\/div>\n\t\t\t\t\t\t<\/div>\n\t\t\t\t<\/div>\n\t\t\t\t\t\t<\/div>\n\t\t\t\t\t<\/div>\n\t\t<\/div>\n\t\t\t\t\t\t\t\t<\/div>\n\t\t\t\t\t<\/div>\n\t\t<\/section>\n\t\t\t\t<section class=\"elementor-section elementor-top-section elementor-element elementor-element-4c300af elementor-section-boxed elementor-section-height-default elementor-section-height-default default-style\" data-id=\"4c300af\" data-element_type=\"section\" data-settings=\"{&quot;rt_color_sets&quot;:&quot;default-style&quot;}\">\n\t\t\t\t\t\t<div class=\"elementor-container elementor-column-gap-default\">\n\t\t\t\t\t\t\t<div class=\"elementor-row\">\n\t\t\t\t\t<div class=\"elementor-column elementor-col-100 elementor-top-column elementor-element elementor-element-1de0092\" data-id=\"1de0092\" data-element_type=\"column\">\n\t\t\t<div class=\"elementor-column-wrap elementor-element-populated\">\n\t\t\t\t\t\t\t<div class=\"elementor-widget-wrap\">\n\t\t\t\t\t\t<div class=\"elementor-element elementor-element-041f59e elementor-widget elementor-widget-text-editor\" data-id=\"041f59e\" data-element_type=\"widget\" data-widget_type=\"text-editor.default\">\n\t\t\t\t<div class=\"elementor-widget-container\">\n\t\t\t\t\t\t\t\t<div class=\"elementor-text-editor elementor-clearfix\">\n\t\t\t\t<p>Il s\u2019agit d\u2019une proc\u00e9dure dentaire esth\u00e9tique bas\u00e9e sur les facettes dentaires. C\u2019est une fine couche de mat\u00e9riaux color\u00e9s plac\u00e9e sur les dents ant\u00e9rieures. L&rsquo;objectif est de contr\u00f4ler l&rsquo;apparence des dents en termes de forme, de taille et de couleur pour donner un sourire qui simule celui des c\u00e9l\u00e9brit\u00e9s et des artistes. Il donne une apparence compl\u00e8tement naturelle et des r\u00e9sultats \u00e9blouissants.<\/p>\n<p>&nbsp;<\/p>\n<p>&nbsp;<\/p>\n<p><strong>Les facettes<\/strong> sont une fine couche de mat\u00e9riaux color\u00e9s plac\u00e9s sur les dents ant\u00e9rieures. L&rsquo;objectif est de contr\u00f4ler l&rsquo;apparence des dents en termes de forme, de taille et de couleur pour donner un sourire qui simule celui des c\u00e9l\u00e9brit\u00e9s et des artistes. Les avantages des placages sont que c&rsquo;est un choix facile, facile \u00e0 appliquer et qui donne un aspect compl\u00e8tement naturel. Les r\u00e9sultats sont impressionnants.<\/p>\n<p>Il r\u00e9sout les probl\u00e8mes de patients pr\u00e9sentant des fissures, des lacunes, une d\u00e9coloration anormale ou des dents us\u00e9es.<\/p>\n<p>&nbsp;<\/p>\n<p><strong>La porcelaine<\/strong> est la cro\u00fbte la plus r\u00e9sistante, la plus efficace et la plus durable. Il imite \u00e9galement la couleur des dents environnante et poss\u00e8de des propri\u00e9t\u00e9s uniques en mati\u00e8re de capture et d\u2019inversion de la lumi\u00e8re, similaires \u00e0 l\u2019\u00e9mail naturel.<\/p>\n<p>&nbsp;<\/p>\n<p><strong>Lumineers<\/strong> est un type sp\u00e9cial de cro\u00fbte en c\u00e9ramique, plus mince que la porcelaine habituelle. Il ne n\u00e9cessite pas le forage habituel lors de la pr\u00e9paration des dents. Il a tous les avantages<\/p>\n<p>&nbsp;<\/p>\n<p><strong>Le zirconium<\/strong> est id\u00e9al pour les patients avec des dents gravement endommag\u00e9es et peut \u00eatre plus r\u00e9sistant que les cro\u00fbtes en c\u00e9ramique traditionnelles et am\u00e9liorer la structure des dents endommag\u00e9es.<\/p>\n<p>&nbsp;<\/p>\n<p><strong>La couronne E-max<\/strong> offre des sons naturels et un sourire magnifique.<\/p>\n\t\t\t\t\t<\/div>\n\t\t\t\t\t\t<\/div>\n\t\t\t\t<\/div>\n\t\t\t\t\t\t<\/div>\n\t\t\t\t\t<\/div>\n\t\t<\/div>\n\t\t\t\t\t\t\t\t<\/div>\n\t\t\t\t\t<\/div>\n\t\t<\/section>\n\t\t\t\t\t\t<\/div>\n\t\t\t\t\t\t<\/div>\n\t\t\t\t\t<\/div>\n\t\t","protected":false},"excerpt":{"rendered":"<p>Sourire d&rsquo;Hollywood Il s\u2019agit d\u2019une proc\u00e9dure dentaire esth\u00e9tique bas\u00e9e sur les facettes dentaires. C\u2019est une fine couche de mat\u00e9riaux color\u00e9s plac\u00e9e sur les dents ant\u00e9rieures. L&rsquo;objectif est de contr\u00f4ler l&rsquo;apparence des dents en termes de forme, de taille et de couleur pour donner un sourire qui simule celui des c\u00e9l\u00e9brit\u00e9s et des artistes. Il donne [&hellip;]<\/p>\n","protected":false},"author":5,"featured_media":0,"parent":0,"menu_order":0,"comment_status":"closed","ping_status":"closed","template":"","meta":{"ngg_post_thumbnail":0},"yst_prominent_words":[],"_links":{"self":[{"href":"https:\/\/www.ademhavva.com.tr\/fr\/wp-json\/wp\/v2\/pages\/13098"}],"collection":[{"href":"https:\/\/www.ademhavva.com.tr\/fr\/wp-json\/wp\/v2\/pages"}],"about":[{"href":"https:\/\/www.ademhavva.com.tr\/fr\/wp-json\/wp\/v2\/types\/page"}],"author":[{"embeddable":true,"href":"https:\/\/www.ademhavva.com.tr\/fr\/wp-json\/wp\/v2\/users\/5"}],"replies":[{"embeddable":true,"href":"https:\/\/www.ademhavva.com.tr\/fr\/wp-json\/wp\/v2\/comments?post=13098"}],"version-history":[{"count":0,"href":"https:\/\/www.ademhavva.com.tr\/fr\/wp-json\/wp\/v2\/pages\/13098\/revisions"}],"wp:attachment":[{"href":"https:\/\/www.ademhavva.com.tr\/fr\/wp-json\/wp\/v2\/media?parent=13098"}],"wp:term":[{"taxonomy":"yst_prominent_words","embeddable":true,"href":"https:\/\/www.ademhavva.com.tr\/fr\/wp-json\/wp\/v2\/yst_prominent_words?post=13098"}],"curies":[{"name":"wp","href":"https:\/\/api.w.org\/{rel}","templated":true}]}}