{"id":13096,"date":"2020-04-20T00:19:46","date_gmt":"2020-04-20T00:19:46","guid":{"rendered":"https:\/\/www.ademhavvaclinic.com\/la-sante-touristique\/"},"modified":"2020-04-20T00:19:47","modified_gmt":"2020-04-20T00:19:47","slug":"la-sante-touristique","status":"publish","type":"page","link":"https:\/\/www.ademhavva.com.tr\/fr\/la-sante-touristique\/","title":{"rendered":"La Sante Touristique"},"content":{"rendered":"\t\t<div data-elementor-type=\"wp-post\" data-elementor-id=\"13096\" class=\"elementor elementor-13096 elementor-319\" data-elementor-settings=\"[]\">\n\t\t\t\t\t\t<div class=\"elementor-inner\">\n\t\t\t\t\t\t\t<div class=\"elementor-section-wrap\">\n\t\t\t\t\t\t\t<section class=\"elementor-section elementor-top-section elementor-element elementor-element-e57fb3d elementor-section-boxed elementor-section-height-default elementor-section-height-default default-style\" data-id=\"e57fb3d\" data-element_type=\"section\" data-settings=\"{&quot;rt_color_sets&quot;:&quot;default-style&quot;}\">\n\t\t\t\t\t\t<div class=\"elementor-container elementor-column-gap-default\">\n\t\t\t\t\t\t\t<div class=\"elementor-row\">\n\t\t\t\t\t<div class=\"elementor-column elementor-col-100 elementor-top-column elementor-element elementor-element-aff8165\" data-id=\"aff8165\" data-element_type=\"column\">\n\t\t\t<div class=\"elementor-column-wrap elementor-element-populated\">\n\t\t\t\t\t\t\t<div class=\"elementor-widget-wrap\">\n\t\t\t\t\t\t<div class=\"elementor-element elementor-element-bf7fdab elementor-widget-divider--view-line elementor-widget elementor-widget-divider\" data-id=\"bf7fdab\" data-element_type=\"widget\" data-widget_type=\"divider.default\">\n\t\t\t\t<div class=\"elementor-widget-container\">\n\t\t\t\t\t<div class=\"elementor-divider\">\n\t\t\t<span class=\"elementor-divider-separator\">\n\t\t\t\t\t\t<\/span>\n\t\t<\/div>\n\t\t\t\t<\/div>\n\t\t\t\t<\/div>\n\t\t\t\t\t\t<\/div>\n\t\t\t\t\t<\/div>\n\t\t<\/div>\n\t\t\t\t\t\t\t\t<\/div>\n\t\t\t\t\t<\/div>\n\t\t<\/section>\n\t\t\t\t<section class=\"elementor-section elementor-top-section elementor-element elementor-element-8f7b7ac elementor-section-boxed elementor-section-height-default elementor-section-height-default default-style\" data-id=\"8f7b7ac\" data-element_type=\"section\" data-settings=\"{&quot;rt_color_sets&quot;:&quot;default-style&quot;}\">\n\t\t\t\t\t\t<div class=\"elementor-container elementor-column-gap-default\">\n\t\t\t\t\t\t\t<div class=\"elementor-row\">\n\t\t\t\t\t<div class=\"elementor-column elementor-col-100 elementor-top-column elementor-element elementor-element-02c4e03\" data-id=\"02c4e03\" data-element_type=\"column\">\n\t\t\t<div class=\"elementor-column-wrap elementor-element-populated\">\n\t\t\t\t\t\t\t<div class=\"elementor-widget-wrap\">\n\t\t\t\t\t\t<div class=\"elementor-element elementor-element-751c65c elementor-widget elementor-widget-heading\" data-id=\"751c65c\" data-element_type=\"widget\" data-widget_type=\"heading.default\">\n\t\t\t\t<div class=\"elementor-widget-container\">\n\t\t\t<h5 class=\"elementor-heading-title elementor-size-default\">La Sante Touristique <\/h5>\t\t<\/div>\n\t\t\t\t<\/div>\n\t\t\t\t\t\t<\/div>\n\t\t\t\t\t<\/div>\n\t\t<\/div>\n\t\t\t\t\t\t\t\t<\/div>\n\t\t\t\t\t<\/div>\n\t\t<\/section>\n\t\t\t\t<section class=\"elementor-section elementor-top-section elementor-element elementor-element-3c730e0 elementor-section-boxed elementor-section-height-default elementor-section-height-default default-style\" data-id=\"3c730e0\" data-element_type=\"section\" data-settings=\"{&quot;rt_color_sets&quot;:&quot;default-style&quot;}\">\n\t\t\t\t\t\t<div class=\"elementor-container elementor-column-gap-default\">\n\t\t\t\t\t\t\t<div class=\"elementor-row\">\n\t\t\t\t\t<div class=\"elementor-column elementor-col-100 elementor-top-column elementor-element elementor-element-b3f6300\" data-id=\"b3f6300\" data-element_type=\"column\">\n\t\t\t<div class=\"elementor-column-wrap\">\n\t\t\t\t\t\t\t<div class=\"elementor-widget-wrap\">\n\t\t\t\t\t\t\t\t<\/div>\n\t\t\t\t\t<\/div>\n\t\t<\/div>\n\t\t\t\t\t\t\t\t<\/div>\n\t\t\t\t\t<\/div>\n\t\t<\/section>\n\t\t\t\t<section class=\"elementor-section elementor-top-section elementor-element elementor-element-0ad7729 elementor-section-boxed elementor-section-height-default elementor-section-height-default default-style\" data-id=\"0ad7729\" data-element_type=\"section\" data-settings=\"{&quot;rt_color_sets&quot;:&quot;default-style&quot;}\">\n\t\t\t\t\t\t<div class=\"elementor-container elementor-column-gap-default\">\n\t\t\t\t\t\t\t<div class=\"elementor-row\">\n\t\t\t\t\t<div class=\"elementor-column elementor-col-100 elementor-top-column elementor-element elementor-element-4c26628\" data-id=\"4c26628\" data-element_type=\"column\">\n\t\t\t<div class=\"elementor-column-wrap elementor-element-populated\">\n\t\t\t\t\t\t\t<div class=\"elementor-widget-wrap\">\n\t\t\t\t\t\t<div class=\"elementor-element elementor-element-52d9e13 elementor-widget elementor-widget-text-editor\" data-id=\"52d9e13\" data-element_type=\"widget\" data-widget_type=\"text-editor.default\">\n\t\t\t\t<div class=\"elementor-widget-container\">\n\t\t\t\t\t\t\t\t<div class=\"elementor-text-editor elementor-clearfix\">\n\t\t\t\t<p><strong>La Nouvelle Star Du Tourisme De Sant\u00e9; Tuquie<\/strong><\/p>\n<p>&nbsp;<\/p>\n<p>La Turquie avec 39.226.226 visiteurs attire chaque ann\u00e9e le plus grand nombre de touristes au monde. 6. Pays. La Turquie jouit d&rsquo;une r\u00e9putation internationale dans le sens de la gestion de l&rsquo;accueil, qui a men\u00e9 d&rsquo;importantes attaques de tourisme au fil des ans et am\u00e9lior\u00e9 la capacit\u00e9 et la qualit\u00e9 du tourisme chaque ann\u00e9e. Un accueil chaleureux, un service de qualit\u00e9 et des installations de classe mondiale avec le choix de millions de touristes chaque ann\u00e9e dinde, hospitalit\u00e9 et sant\u00e9 en termes d\u2019investissements nationaux et internationaux et de tourisme apr\u00e8s le nouveau favori du tourisme de sant\u00e9 Location.<\/p>\n<p>&nbsp;<\/p>\n<p><strong>Le tourisme de sant\u00e9 en Turquie aujourd&rsquo;hui<\/strong><\/p>\n<p>&nbsp;<\/p>\n<p>Options adapt\u00e9es \u00e0 tous les go\u00fbts et besoins<\/p>\n<p>&nbsp;<\/p>\n<p>En Turquie, offre un choix illimit\u00e9 aux diff\u00e9rentes attentes. Les h\u00f4tels 5 \u00e9toiles de renomm\u00e9e mondiale, les h\u00f4tels-boutiques uniques, les auberges de jeunesse et de nombreux choix s\u2019int\u00e8grent aux merveilles de l\u2019histoire et de la nature, dans le but de donner aux visiteurs des vacances inoubliables. Avec ses installations thermales remplies de sant\u00e9, ses plages immacul\u00e9es et ses plages, ses beaut\u00e9s historiques qui portent le patrimoine des empires, ses m\u00e9tropoles modernes, la Turquie associe avec succ\u00e8s sant\u00e9 et tourisme. Les h\u00f4tels de luxe de renomm\u00e9e mondiale, le service offert par l&rsquo;hospitalit\u00e9 turque, des installations de sant\u00e9 et d&rsquo;h\u00e9bergement conformes aux normes internationales servent les visiteurs dans le but de les utiliser dans les conditions les plus confortables.<\/p>\n<p>&nbsp;<\/p>\n<p><strong>Traitement et vacances ensemble!<\/strong><\/p>\n<p><strong>\u00a0<\/strong><\/p>\n<p>Les clients visitant la Turquie pour le tourisme de sant\u00e9 ont la possibilit\u00e9 d&rsquo;\u00eatre trait\u00e9s avec des dispositifs m\u00e9dicaux, un personnel m\u00e9dical exp\u00e9riment\u00e9 r\u00e9pondant aux normes internationales et disposant d&rsquo;installations d&rsquo;h\u00e9bergement proches des centres de sant\u00e9, ils ont ainsi l&rsquo;opportunit\u00e9 de profiter de sa beaut\u00e9 naturelle et de la vie citadine anim\u00e9e.<\/p>\n<p>&nbsp;<\/p>\n<p>Turquie 51 L\u2019h\u00f4pital certifi\u00e9 JCI est l\u2019un des premiers rangs dans le monde. Plus de 1200 h\u00f4pitaux et patients publics et priv\u00e9s se voient proposer un vaste r\u00e9seau. 300 des organisations fournissant des services de soins de sant\u00e9 priv\u00e9s sont \u00e9troitement li\u00e9es aux centres de sant\u00e9 internationaux. Parmi ces liens puissants; Il existe des centres tels que Harvard Medical International, Johns Hopkins, Mayo Clinic, Memorial Sloan-Kettering et New York Presbyterian.<\/p>\n<p>Transplantation d\u2019organes, tests g\u00e9n\u00e9tiques, neurochirurgie, ophtalmologie (le plus grand r\u00e9seau de cliniques ophtalmologiques au monde est situ\u00e9 \u00e0 Istanbul), cardiologie, orthop\u00e9die, chirurgie plastique et les importants r\u00e9sultats obtenus dans les domaines du tourisme dentaire ont permis \u00e0 la Turquie de se distinguer. Avec ses centres de bien-\u00eatre (bien-\u00eatre), ses stations thermales naturelles et ses bains de boue, la Turquie est un centre d&rsquo;attraction attirant pr\u00e8s d&rsquo;un demi-million de touristes dans le pays.<\/p>\n\t\t\t\t\t<\/div>\n\t\t\t\t\t\t<\/div>\n\t\t\t\t<\/div>\n\t\t\t\t\t\t<\/div>\n\t\t\t\t\t<\/div>\n\t\t<\/div>\n\t\t\t\t\t\t\t\t<\/div>\n\t\t\t\t\t<\/div>\n\t\t<\/section>\n\t\t\t\t\t\t<\/div>\n\t\t\t\t\t\t<\/div>\n\t\t\t\t\t<\/div>\n\t\t","protected":false},"excerpt":{"rendered":"<p>La Sante Touristique La Nouvelle Star Du Tourisme De Sant\u00e9; Tuquie &nbsp; La Turquie avec 39.226.226 visiteurs attire chaque ann\u00e9e le plus grand nombre de touristes au monde. 6. Pays. La Turquie jouit d&rsquo;une r\u00e9putation internationale dans le sens de la gestion de l&rsquo;accueil, qui a men\u00e9 d&rsquo;importantes attaques de tourisme au fil des ans [&hellip;]<\/p>\n","protected":false},"author":5,"featured_media":0,"parent":0,"menu_order":0,"comment_status":"closed","ping_status":"closed","template":"","meta":{"ngg_post_thumbnail":0},"yst_prominent_words":[],"_links":{"self":[{"href":"https:\/\/www.ademhavva.com.tr\/fr\/wp-json\/wp\/v2\/pages\/13096"}],"collection":[{"href":"https:\/\/www.ademhavva.com.tr\/fr\/wp-json\/wp\/v2\/pages"}],"about":[{"href":"https:\/\/www.ademhavva.com.tr\/fr\/wp-json\/wp\/v2\/types\/page"}],"author":[{"embeddable":true,"href":"https:\/\/www.ademhavva.com.tr\/fr\/wp-json\/wp\/v2\/users\/5"}],"replies":[{"embeddable":true,"href":"https:\/\/www.ademhavva.com.tr\/fr\/wp-json\/wp\/v2\/comments?post=13096"}],"version-history":[{"count":0,"href":"https:\/\/www.ademhavva.com.tr\/fr\/wp-json\/wp\/v2\/pages\/13096\/revisions"}],"wp:attachment":[{"href":"https:\/\/www.ademhavva.com.tr\/fr\/wp-json\/wp\/v2\/media?parent=13096"}],"wp:term":[{"taxonomy":"yst_prominent_words","embeddable":true,"href":"https:\/\/www.ademhavva.com.tr\/fr\/wp-json\/wp\/v2\/yst_prominent_words?post=13096"}],"curies":[{"name":"wp","href":"https:\/\/api.w.org\/{rel}","templated":true}]}}