{"id":13084,"date":"2020-04-19T23:56:58","date_gmt":"2020-04-19T23:56:58","guid":{"rendered":"https:\/\/www.ademhavvaclinic.com\/implants-dentaires\/"},"modified":"2020-04-19T23:56:59","modified_gmt":"2020-04-19T23:56:59","slug":"implants-dentaires","status":"publish","type":"page","link":"https:\/\/www.ademhavva.com.tr\/fr\/implants-dentaires\/","title":{"rendered":"Implants Dentaires"},"content":{"rendered":"\t\t<div data-elementor-type=\"wp-post\" data-elementor-id=\"13084\" class=\"elementor elementor-13084 elementor-202 elementor-bc-flex-widget\" data-elementor-settings=\"[]\">\n\t\t\t\t\t\t<div class=\"elementor-inner\">\n\t\t\t\t\t\t\t<div class=\"elementor-section-wrap\">\n\t\t\t\t\t\t\t<section class=\"elementor-section elementor-top-section elementor-element elementor-element-eb8e921 elementor-section-boxed elementor-section-height-default elementor-section-height-default default-style\" data-id=\"eb8e921\" data-element_type=\"section\" data-settings=\"{&quot;rt_color_sets&quot;:&quot;default-style&quot;}\">\n\t\t\t\t\t\t<div class=\"elementor-container elementor-column-gap-default\">\n\t\t\t\t\t\t\t<div class=\"elementor-row\">\n\t\t\t\t\t<div class=\"elementor-column elementor-col-100 elementor-top-column elementor-element elementor-element-11d39f6\" data-id=\"11d39f6\" data-element_type=\"column\">\n\t\t\t<div class=\"elementor-column-wrap elementor-element-populated\">\n\t\t\t\t\t\t\t<div class=\"elementor-widget-wrap\">\n\t\t\t\t\t\t<div class=\"elementor-element elementor-element-3eaf4f9 elementor-widget-divider--view-line elementor-widget elementor-widget-divider\" data-id=\"3eaf4f9\" data-element_type=\"widget\" data-widget_type=\"divider.default\">\n\t\t\t\t<div class=\"elementor-widget-container\">\n\t\t\t\t\t<div class=\"elementor-divider\">\n\t\t\t<span class=\"elementor-divider-separator\">\n\t\t\t\t\t\t<\/span>\n\t\t<\/div>\n\t\t\t\t<\/div>\n\t\t\t\t<\/div>\n\t\t\t\t\t\t<\/div>\n\t\t\t\t\t<\/div>\n\t\t<\/div>\n\t\t\t\t\t\t\t\t<\/div>\n\t\t\t\t\t<\/div>\n\t\t<\/section>\n\t\t\t\t<section class=\"elementor-section elementor-top-section elementor-element elementor-element-978ccb1 elementor-section-boxed elementor-section-height-default elementor-section-height-default default-style\" data-id=\"978ccb1\" data-element_type=\"section\" data-settings=\"{&quot;rt_color_sets&quot;:&quot;default-style&quot;}\">\n\t\t\t\t\t\t<div class=\"elementor-container elementor-column-gap-default\">\n\t\t\t\t\t\t\t<div class=\"elementor-row\">\n\t\t\t\t\t<div class=\"elementor-column elementor-col-100 elementor-top-column elementor-element elementor-element-1927129\" data-id=\"1927129\" data-element_type=\"column\">\n\t\t\t<div class=\"elementor-column-wrap elementor-element-populated\">\n\t\t\t\t\t\t\t<div class=\"elementor-widget-wrap\">\n\t\t\t\t\t\t<div class=\"elementor-element elementor-element-2f66e9e elementor-widget elementor-widget-heading\" data-id=\"2f66e9e\" data-element_type=\"widget\" data-widget_type=\"heading.default\">\n\t\t\t\t<div class=\"elementor-widget-container\">\n\t\t\t<h5 class=\"elementor-heading-title elementor-size-default\">Implants Dentaires<\/h5>\t\t<\/div>\n\t\t\t\t<\/div>\n\t\t\t\t\t\t<\/div>\n\t\t\t\t\t<\/div>\n\t\t<\/div>\n\t\t\t\t\t\t\t\t<\/div>\n\t\t\t\t\t<\/div>\n\t\t<\/section>\n\t\t\t\t<section class=\"elementor-section elementor-top-section elementor-element elementor-element-f12c184 elementor-section-boxed elementor-section-height-default elementor-section-height-default default-style\" data-id=\"f12c184\" data-element_type=\"section\" data-settings=\"{&quot;rt_color_sets&quot;:&quot;default-style&quot;}\">\n\t\t\t\t\t\t<div class=\"elementor-container elementor-column-gap-default\">\n\t\t\t\t\t\t\t<div class=\"elementor-row\">\n\t\t\t\t\t<div class=\"elementor-column elementor-col-100 elementor-top-column elementor-element elementor-element-2ace072\" data-id=\"2ace072\" data-element_type=\"column\">\n\t\t\t<div class=\"elementor-column-wrap elementor-element-populated\">\n\t\t\t\t\t\t\t<div class=\"elementor-widget-wrap\">\n\t\t\t\t\t\t<div class=\"elementor-element elementor-element-da1cf4a elementor-widget elementor-widget-image\" data-id=\"da1cf4a\" data-element_type=\"widget\" data-widget_type=\"image.default\">\n\t\t\t\t<div class=\"elementor-widget-container\">\n\t\t\t\t\t\t\t\t<div class=\"elementor-image\">\n\t\t\t\t\t\t\t\t\t\t\t\t<img width=\"1024\" height=\"470\" src=\"https:\/\/www.ademhavva.com.tr\/wp-content\/uploads\/2018\/10\/impl-1024x470.jpg\" class=\"attachment-large size-large\" alt=\"\" loading=\"lazy\" srcset=\"https:\/\/www.ademhavva.com.tr\/wp-content\/uploads\/2018\/10\/impl-1024x470.jpg 1024w, https:\/\/www.ademhavva.com.tr\/wp-content\/uploads\/2018\/10\/impl-300x138.jpg 300w, https:\/\/www.ademhavva.com.tr\/wp-content\/uploads\/2018\/10\/impl-768x353.jpg 768w, https:\/\/www.ademhavva.com.tr\/wp-content\/uploads\/2018\/10\/impl-715x328.jpg 715w, https:\/\/www.ademhavva.com.tr\/wp-content\/uploads\/2018\/10\/impl-1220x561.jpg 1220w, https:\/\/www.ademhavva.com.tr\/wp-content\/uploads\/2018\/10\/impl-915x420.jpg 915w, https:\/\/www.ademhavva.com.tr\/wp-content\/uploads\/2018\/10\/impl-600x276.jpg 600w, https:\/\/www.ademhavva.com.tr\/wp-content\/uploads\/2018\/10\/impl-393x181.jpg 393w, https:\/\/www.ademhavva.com.tr\/wp-content\/uploads\/2018\/10\/impl-290x133.jpg 290w, https:\/\/www.ademhavva.com.tr\/wp-content\/uploads\/2018\/10\/impl.jpg 1430w\" sizes=\"(max-width: 1024px) 100vw, 1024px\" \/>\t\t\t\t\t\t\t\t\t\t\t\t\t\t<\/div>\n\t\t\t\t\t\t<\/div>\n\t\t\t\t<\/div>\n\t\t\t\t\t\t<\/div>\n\t\t\t\t\t<\/div>\n\t\t<\/div>\n\t\t\t\t\t\t\t\t<\/div>\n\t\t\t\t\t<\/div>\n\t\t<\/section>\n\t\t\t\t<section class=\"elementor-section elementor-top-section elementor-element elementor-element-0abdc5f elementor-section-boxed elementor-section-height-default elementor-section-height-default default-style\" data-id=\"0abdc5f\" data-element_type=\"section\" data-settings=\"{&quot;rt_color_sets&quot;:&quot;default-style&quot;}\">\n\t\t\t\t\t\t<div class=\"elementor-container elementor-column-gap-default\">\n\t\t\t\t\t\t\t<div class=\"elementor-row\">\n\t\t\t\t\t<div class=\"elementor-column elementor-col-100 elementor-top-column elementor-element elementor-element-8d17c52\" data-id=\"8d17c52\" data-element_type=\"column\">\n\t\t\t<div class=\"elementor-column-wrap elementor-element-populated\">\n\t\t\t\t\t\t\t<div class=\"elementor-widget-wrap\">\n\t\t\t\t\t\t<div class=\"elementor-element elementor-element-1b6579b elementor-widget elementor-widget-text-editor\" data-id=\"1b6579b\" data-element_type=\"widget\" data-widget_type=\"text-editor.default\">\n\t\t\t\t<div class=\"elementor-widget-container\">\n\t\t\t\t\t\t\t\t<div class=\"elementor-text-editor elementor-clearfix\">\n\t\t\t\t<p>Les implants dentaires sont implant\u00e9s chirurgicalement sur l&rsquo;os de la m\u00e2choire, sous les gencives, o\u00f9 ils gu\u00e9rissent avec l&rsquo;os de la m\u00e2choire pendant quelques mois, puis permettent l&rsquo;installation de dents artificielles. Cela fonctionne comme une alternative \u00e0 la racine de la dent manquante et est ce qui se rapproche le plus de l&rsquo;imitation des dents naturelles car il soutient les dents artificielles sans affecter les dents proches et est suffisamment stable.<\/p>\n<p>La plupart des implants dentaires sont fabriqu\u00e9s en titane r\u00e9sistant, ce qui leur permet de s\u2019harmoniser avec les os sans aucune r\u00e9sistance de la part du corps.<\/p>\n<p>Les implants dentaires ont consid\u00e9rablement \u00e9volu\u00e9 au cours des derni\u00e8res ann\u00e9es et le taux de r\u00e9ussite des implants dentaires a d\u00e9pass\u00e9 99%.<\/p>\n\t\t\t\t\t<\/div>\n\t\t\t\t\t\t<\/div>\n\t\t\t\t<\/div>\n\t\t\t\t\t\t<\/div>\n\t\t\t\t\t<\/div>\n\t\t<\/div>\n\t\t\t\t\t\t\t\t<\/div>\n\t\t\t\t\t<\/div>\n\t\t<\/section>\n\t\t\t\t\t\t<\/div>\n\t\t\t\t\t\t<\/div>\n\t\t\t\t\t<\/div>\n\t\t","protected":false},"excerpt":{"rendered":"<p>Implants Dentaires Les implants dentaires sont implant\u00e9s chirurgicalement sur l&rsquo;os de la m\u00e2choire, sous les gencives, o\u00f9 ils gu\u00e9rissent avec l&rsquo;os de la m\u00e2choire pendant quelques mois, puis permettent l&rsquo;installation de dents artificielles. Cela fonctionne comme une alternative \u00e0 la racine de la dent manquante et est ce qui se rapproche le plus de l&rsquo;imitation [&hellip;]<\/p>\n","protected":false},"author":5,"featured_media":0,"parent":0,"menu_order":0,"comment_status":"closed","ping_status":"closed","template":"","meta":{"ngg_post_thumbnail":0},"yst_prominent_words":[],"_links":{"self":[{"href":"https:\/\/www.ademhavva.com.tr\/fr\/wp-json\/wp\/v2\/pages\/13084"}],"collection":[{"href":"https:\/\/www.ademhavva.com.tr\/fr\/wp-json\/wp\/v2\/pages"}],"about":[{"href":"https:\/\/www.ademhavva.com.tr\/fr\/wp-json\/wp\/v2\/types\/page"}],"author":[{"embeddable":true,"href":"https:\/\/www.ademhavva.com.tr\/fr\/wp-json\/wp\/v2\/users\/5"}],"replies":[{"embeddable":true,"href":"https:\/\/www.ademhavva.com.tr\/fr\/wp-json\/wp\/v2\/comments?post=13084"}],"version-history":[{"count":0,"href":"https:\/\/www.ademhavva.com.tr\/fr\/wp-json\/wp\/v2\/pages\/13084\/revisions"}],"wp:attachment":[{"href":"https:\/\/www.ademhavva.com.tr\/fr\/wp-json\/wp\/v2\/media?parent=13084"}],"wp:term":[{"taxonomy":"yst_prominent_words","embeddable":true,"href":"https:\/\/www.ademhavva.com.tr\/fr\/wp-json\/wp\/v2\/yst_prominent_words?post=13084"}],"curies":[{"name":"wp","href":"https:\/\/api.w.org\/{rel}","templated":true}]}}