{"id":12284,"date":"2019-10-31T10:08:50","date_gmt":"2019-10-31T10:08:50","guid":{"rendered":"https:\/\/www.ademhavvaclinic.com\/esthetique-dentaire\/"},"modified":"2019-10-31T10:08:52","modified_gmt":"2019-10-31T10:08:52","slug":"esthetique-dentaire","status":"publish","type":"page","link":"https:\/\/www.ademhavva.com.tr\/fr\/esthetique-dentaire\/","title":{"rendered":"Esthetique dentaire"},"content":{"rendered":"\t\t<div data-elementor-type=\"wp-post\" data-elementor-id=\"12284\" class=\"elementor elementor-12284 elementor-150 elementor-bc-flex-widget\" data-elementor-settings=\"[]\">\n\t\t\t\t\t\t<div class=\"elementor-inner\">\n\t\t\t\t\t\t\t<div class=\"elementor-section-wrap\">\n\t\t\t\t\t\t\t<section class=\"elementor-section elementor-top-section elementor-element elementor-element-a8e15f1 elementor-section-boxed elementor-section-height-default elementor-section-height-default default-style\" data-id=\"a8e15f1\" data-element_type=\"section\" data-settings=\"{&quot;rt_color_sets&quot;:&quot;default-style&quot;}\">\n\t\t\t\t\t\t<div class=\"elementor-container elementor-column-gap-default\">\n\t\t\t\t\t\t\t<div class=\"elementor-row\">\n\t\t\t\t\t<div class=\"elementor-column elementor-col-100 elementor-top-column elementor-element elementor-element-8e04afe\" data-id=\"8e04afe\" data-element_type=\"column\">\n\t\t\t<div class=\"elementor-column-wrap elementor-element-populated\">\n\t\t\t\t\t\t\t<div class=\"elementor-widget-wrap\">\n\t\t\t\t\t\t<div class=\"elementor-element elementor-element-3bf9604 elementor-widget-divider--view-line elementor-widget elementor-widget-divider\" data-id=\"3bf9604\" data-element_type=\"widget\" data-widget_type=\"divider.default\">\n\t\t\t\t<div class=\"elementor-widget-container\">\n\t\t\t\t\t<div class=\"elementor-divider\">\n\t\t\t<span class=\"elementor-divider-separator\">\n\t\t\t\t\t\t<\/span>\n\t\t<\/div>\n\t\t\t\t<\/div>\n\t\t\t\t<\/div>\n\t\t\t\t\t\t<\/div>\n\t\t\t\t\t<\/div>\n\t\t<\/div>\n\t\t\t\t\t\t\t\t<\/div>\n\t\t\t\t\t<\/div>\n\t\t<\/section>\n\t\t\t\t<section class=\"elementor-section elementor-top-section elementor-element elementor-element-b8f44f4 elementor-section-boxed elementor-section-height-default elementor-section-height-default default-style\" data-id=\"b8f44f4\" data-element_type=\"section\" data-settings=\"{&quot;rt_color_sets&quot;:&quot;default-style&quot;}\">\n\t\t\t\t\t\t<div class=\"elementor-container elementor-column-gap-default\">\n\t\t\t\t\t\t\t<div class=\"elementor-row\">\n\t\t\t\t\t<div class=\"elementor-column elementor-col-33 elementor-top-column elementor-element elementor-element-e3971c3\" data-id=\"e3971c3\" data-element_type=\"column\">\n\t\t\t<div class=\"elementor-column-wrap elementor-element-populated\">\n\t\t\t\t\t\t\t<div class=\"elementor-widget-wrap\">\n\t\t\t\t\t\t<div class=\"elementor-element elementor-element-5f8ea5f elementor-widget elementor-widget-heading\" data-id=\"5f8ea5f\" data-element_type=\"widget\" data-widget_type=\"heading.default\">\n\t\t\t\t<div class=\"elementor-widget-container\">\n\t\t\t<h5 class=\"elementor-heading-title elementor-size-default\">Sourire d'Hollywood<\/h5>\t\t<\/div>\n\t\t\t\t<\/div>\n\t\t\t\t\t\t<\/div>\n\t\t\t\t\t<\/div>\n\t\t<\/div>\n\t\t\t\t<div class=\"elementor-column elementor-col-33 elementor-top-column elementor-element elementor-element-c749f6b\" data-id=\"c749f6b\" data-element_type=\"column\">\n\t\t\t<div class=\"elementor-column-wrap elementor-element-populated\">\n\t\t\t\t\t\t\t<div class=\"elementor-widget-wrap\">\n\t\t\t\t\t\t<div class=\"elementor-element elementor-element-32353a3 elementor-widget elementor-widget-heading\" data-id=\"32353a3\" data-element_type=\"widget\" data-widget_type=\"heading.default\">\n\t\t\t\t<div class=\"elementor-widget-container\">\n\t\t\t<h5 class=\"elementor-heading-title elementor-size-default\">Conception de sourire<\/h5>\t\t<\/div>\n\t\t\t\t<\/div>\n\t\t\t\t\t\t<\/div>\n\t\t\t\t\t<\/div>\n\t\t<\/div>\n\t\t\t\t<div class=\"elementor-column elementor-col-33 elementor-top-column elementor-element elementor-element-4389145\" data-id=\"4389145\" data-element_type=\"column\">\n\t\t\t<div class=\"elementor-column-wrap elementor-element-populated\">\n\t\t\t\t\t\t\t<div class=\"elementor-widget-wrap\">\n\t\t\t\t\t\t<div class=\"elementor-element elementor-element-d7654cf elementor-widget elementor-widget-heading\" data-id=\"d7654cf\" data-element_type=\"widget\" data-widget_type=\"heading.default\">\n\t\t\t\t<div class=\"elementor-widget-container\">\n\t\t\t<h5 class=\"elementor-heading-title elementor-size-default\">Les Implants Dentaires<\/h5>\t\t<\/div>\n\t\t\t\t<\/div>\n\t\t\t\t\t\t<\/div>\n\t\t\t\t\t<\/div>\n\t\t<\/div>\n\t\t\t\t\t\t\t\t<\/div>\n\t\t\t\t\t<\/div>\n\t\t<\/section>\n\t\t\t\t<section class=\"elementor-section elementor-top-section elementor-element elementor-element-39e8ce1 elementor-section-boxed elementor-section-height-default elementor-section-height-default default-style\" data-id=\"39e8ce1\" data-element_type=\"section\" data-settings=\"{&quot;rt_color_sets&quot;:&quot;default-style&quot;}\">\n\t\t\t\t\t\t<div class=\"elementor-container elementor-column-gap-default\">\n\t\t\t\t\t\t\t<div class=\"elementor-row\">\n\t\t\t\t\t<div class=\"elementor-column elementor-col-33 elementor-top-column elementor-element elementor-element-5963b1c\" data-id=\"5963b1c\" data-element_type=\"column\">\n\t\t\t<div class=\"elementor-column-wrap elementor-element-populated\">\n\t\t\t\t\t\t\t<div class=\"elementor-widget-wrap\">\n\t\t\t\t\t\t<div class=\"elementor-element elementor-element-9e70e4a elementor-widget elementor-widget-image\" data-id=\"9e70e4a\" data-element_type=\"widget\" data-widget_type=\"image.default\">\n\t\t\t\t<div class=\"elementor-widget-container\">\n\t\t\t\t\t\t\t\t<div class=\"elementor-image\">\n\t\t\t\t\t\t\t\t\t\t\t\t<img width=\"1024\" height=\"470\" src=\"https:\/\/www.ademhavva.com.tr\/wp-content\/uploads\/2018\/10\/holly-1024x470.jpg\" class=\"attachment-large size-large\" alt=\"\" loading=\"lazy\" srcset=\"https:\/\/www.ademhavva.com.tr\/wp-content\/uploads\/2018\/10\/holly-1024x470.jpg 1024w, https:\/\/www.ademhavva.com.tr\/wp-content\/uploads\/2018\/10\/holly-300x138.jpg 300w, https:\/\/www.ademhavva.com.tr\/wp-content\/uploads\/2018\/10\/holly-768x353.jpg 768w, https:\/\/www.ademhavva.com.tr\/wp-content\/uploads\/2018\/10\/holly-715x328.jpg 715w, https:\/\/www.ademhavva.com.tr\/wp-content\/uploads\/2018\/10\/holly-1220x561.jpg 1220w, https:\/\/www.ademhavva.com.tr\/wp-content\/uploads\/2018\/10\/holly-915x420.jpg 915w, https:\/\/www.ademhavva.com.tr\/wp-content\/uploads\/2018\/10\/holly-600x276.jpg 600w, https:\/\/www.ademhavva.com.tr\/wp-content\/uploads\/2018\/10\/holly-393x181.jpg 393w, https:\/\/www.ademhavva.com.tr\/wp-content\/uploads\/2018\/10\/holly-290x133.jpg 290w, https:\/\/www.ademhavva.com.tr\/wp-content\/uploads\/2018\/10\/holly.jpg 1430w\" sizes=\"(max-width: 1024px) 100vw, 1024px\" \/>\t\t\t\t\t\t\t\t\t\t\t\t\t\t<\/div>\n\t\t\t\t\t\t<\/div>\n\t\t\t\t<\/div>\n\t\t\t\t\t\t<\/div>\n\t\t\t\t\t<\/div>\n\t\t<\/div>\n\t\t\t\t<div class=\"elementor-column elementor-col-33 elementor-top-column elementor-element elementor-element-3c39e01\" data-id=\"3c39e01\" data-element_type=\"column\">\n\t\t\t<div class=\"elementor-column-wrap elementor-element-populated\">\n\t\t\t\t\t\t\t<div class=\"elementor-widget-wrap\">\n\t\t\t\t\t\t<div class=\"elementor-element elementor-element-10986b3 elementor-widget elementor-widget-image\" data-id=\"10986b3\" data-element_type=\"widget\" data-widget_type=\"image.default\">\n\t\t\t\t<div class=\"elementor-widget-container\">\n\t\t\t\t\t\t\t\t<div class=\"elementor-image\">\n\t\t\t\t\t\t\t\t\t\t\t\t<img width=\"842\" height=\"562\" src=\"https:\/\/www.ademhavva.com.tr\/wp-content\/uploads\/2018\/10\/hhdhgae8.png\" class=\"attachment-large size-large\" alt=\"\" loading=\"lazy\" srcset=\"https:\/\/www.ademhavva.com.tr\/wp-content\/uploads\/2018\/10\/hhdhgae8.png 842w, https:\/\/www.ademhavva.com.tr\/wp-content\/uploads\/2018\/10\/hhdhgae8-300x200.png 300w, https:\/\/www.ademhavva.com.tr\/wp-content\/uploads\/2018\/10\/hhdhgae8-768x513.png 768w, https:\/\/www.ademhavva.com.tr\/wp-content\/uploads\/2018\/10\/hhdhgae8-421x281.png 421w, https:\/\/www.ademhavva.com.tr\/wp-content\/uploads\/2018\/10\/hhdhgae8-600x400.png 600w, https:\/\/www.ademhavva.com.tr\/wp-content\/uploads\/2018\/10\/hhdhgae8-393x262.png 393w, https:\/\/www.ademhavva.com.tr\/wp-content\/uploads\/2018\/10\/hhdhgae8-290x194.png 290w\" sizes=\"(max-width: 842px) 100vw, 842px\" \/>\t\t\t\t\t\t\t\t\t\t\t\t\t\t<\/div>\n\t\t\t\t\t\t<\/div>\n\t\t\t\t<\/div>\n\t\t\t\t\t\t<\/div>\n\t\t\t\t\t<\/div>\n\t\t<\/div>\n\t\t\t\t<div class=\"elementor-column elementor-col-33 elementor-top-column elementor-element elementor-element-7ae068c\" data-id=\"7ae068c\" data-element_type=\"column\">\n\t\t\t<div class=\"elementor-column-wrap elementor-element-populated\">\n\t\t\t\t\t\t\t<div class=\"elementor-widget-wrap\">\n\t\t\t\t\t\t<div class=\"elementor-element elementor-element-b85216b elementor-widget elementor-widget-image\" data-id=\"b85216b\" data-element_type=\"widget\" data-widget_type=\"image.default\">\n\t\t\t\t<div class=\"elementor-widget-container\">\n\t\t\t\t\t\t\t\t<div class=\"elementor-image\">\n\t\t\t\t\t\t\t\t\t\t\t\t<img width=\"1024\" height=\"470\" src=\"https:\/\/www.ademhavva.com.tr\/wp-content\/uploads\/2018\/10\/impl-1024x470.jpg\" class=\"attachment-large size-large\" alt=\"\" loading=\"lazy\" srcset=\"https:\/\/www.ademhavva.com.tr\/wp-content\/uploads\/2018\/10\/impl-1024x470.jpg 1024w, https:\/\/www.ademhavva.com.tr\/wp-content\/uploads\/2018\/10\/impl-300x138.jpg 300w, https:\/\/www.ademhavva.com.tr\/wp-content\/uploads\/2018\/10\/impl-768x353.jpg 768w, https:\/\/www.ademhavva.com.tr\/wp-content\/uploads\/2018\/10\/impl-715x328.jpg 715w, https:\/\/www.ademhavva.com.tr\/wp-content\/uploads\/2018\/10\/impl-1220x561.jpg 1220w, https:\/\/www.ademhavva.com.tr\/wp-content\/uploads\/2018\/10\/impl-915x420.jpg 915w, https:\/\/www.ademhavva.com.tr\/wp-content\/uploads\/2018\/10\/impl-600x276.jpg 600w, https:\/\/www.ademhavva.com.tr\/wp-content\/uploads\/2018\/10\/impl-393x181.jpg 393w, https:\/\/www.ademhavva.com.tr\/wp-content\/uploads\/2018\/10\/impl-290x133.jpg 290w, https:\/\/www.ademhavva.com.tr\/wp-content\/uploads\/2018\/10\/impl.jpg 1430w\" sizes=\"(max-width: 1024px) 100vw, 1024px\" \/>\t\t\t\t\t\t\t\t\t\t\t\t\t\t<\/div>\n\t\t\t\t\t\t<\/div>\n\t\t\t\t<\/div>\n\t\t\t\t\t\t<\/div>\n\t\t\t\t\t<\/div>\n\t\t<\/div>\n\t\t\t\t\t\t\t\t<\/div>\n\t\t\t\t\t<\/div>\n\t\t<\/section>\n\t\t\t\t<section class=\"elementor-section elementor-top-section elementor-element elementor-element-f2d498b elementor-section-boxed elementor-section-height-default elementor-section-height-default default-style\" data-id=\"f2d498b\" data-element_type=\"section\" data-settings=\"{&quot;rt_color_sets&quot;:&quot;default-style&quot;}\">\n\t\t\t\t\t\t<div class=\"elementor-container elementor-column-gap-default\">\n\t\t\t\t\t\t\t<div class=\"elementor-row\">\n\t\t\t\t\t<div class=\"elementor-column elementor-col-33 elementor-top-column elementor-element elementor-element-1c151e6\" data-id=\"1c151e6\" data-element_type=\"column\">\n\t\t\t<div class=\"elementor-column-wrap elementor-element-populated\">\n\t\t\t\t\t\t\t<div class=\"elementor-widget-wrap\">\n\t\t\t\t\t\t<div class=\"elementor-element elementor-element-ba86373 elementor-widget elementor-widget-text-editor\" data-id=\"ba86373\" data-element_type=\"widget\" data-widget_type=\"text-editor.default\">\n\t\t\t\t<div class=\"elementor-widget-container\">\n\t\t\t\t\t\t\t\t<div class=\"elementor-text-editor elementor-clearfix\">\n\t\t\t\t<p>Sourire d&rsquo;Hollywood<\/p>\n<p>Il s\u2019agit d\u2019une proc\u00e9dure dentaire esth\u00e9tique bas\u00e9e sur les facettes dentaires. C\u2019est une fine couche de mat\u00e9riaux color\u00e9s plac\u00e9e sur les dents ant\u00e9rieures. L&rsquo;objectif est de contr\u00f4ler l&rsquo;apparence des dents en termes de forme, de taille et de couleur pour donner un sourire qui simule celui des c\u00e9l\u00e9brit\u00e9s et des artistes. Il donne une apparence compl\u00e8tement naturelle et des r\u00e9sultats \u00e9blouissants.<\/p>\n<p>&nbsp;<\/p>\n<p>&nbsp;<\/p>\n<p><strong>Les facettes<\/strong> sont une fine couche de mat\u00e9riaux color\u00e9s plac\u00e9s sur les dents ant\u00e9rieures. L&rsquo;objectif est de contr\u00f4ler l&rsquo;apparence des dents en termes de forme, de taille et de couleur pour donner un sourire qui simule celui des c\u00e9l\u00e9brit\u00e9s et des artistes. Les avantages des placages sont que c&rsquo;est un choix facile, facile \u00e0 appliquer et qui donne un aspect compl\u00e8tement naturel. Les r\u00e9sultats sont impressionnants.<\/p>\n<p>Il r\u00e9sout les probl\u00e8mes de patients pr\u00e9sentant des fissures, des lacunes, une d\u00e9coloration anormale ou des dents us\u00e9es.<\/p>\n<p>&nbsp;<\/p>\n<p><strong>La porcelaine<\/strong> est la cro\u00fbte la plus r\u00e9sistante, la plus efficace et la plus durable. Il imite \u00e9galement la couleur des dents environnante et poss\u00e8de des propri\u00e9t\u00e9s uniques en mati\u00e8re de capture et d\u2019inversion de la lumi\u00e8re, similaires \u00e0 l\u2019\u00e9mail naturel.<\/p>\n<p>&nbsp;<\/p>\n<p><strong>Lumineers<\/strong> est un type sp\u00e9cial de cro\u00fbte en c\u00e9ramique, plus mince que la porcelaine habituelle. Il ne n\u00e9cessite pas le forage habituel lors de la pr\u00e9paration des dents. Il a tous les avantages<\/p>\n<p>&nbsp;<\/p>\n<p><strong>Le zirconium<\/strong> est id\u00e9al pour les patients avec des dents gravement endommag\u00e9es et peut \u00eatre plus r\u00e9sistant que les cro\u00fbtes en c\u00e9ramique traditionnelles et am\u00e9liorer la structure des dents endommag\u00e9es.<\/p>\n<p>&nbsp;<\/p>\n<p><strong>La couronne E-max<\/strong> offre des sons naturels et un sourire magnifique.<\/p>\n\t\t\t\t\t<\/div>\n\t\t\t\t\t\t<\/div>\n\t\t\t\t<\/div>\n\t\t\t\t\t\t<\/div>\n\t\t\t\t\t<\/div>\n\t\t<\/div>\n\t\t\t\t<div class=\"elementor-column elementor-col-33 elementor-top-column elementor-element elementor-element-0bf8221\" data-id=\"0bf8221\" data-element_type=\"column\">\n\t\t\t<div class=\"elementor-column-wrap elementor-element-populated\">\n\t\t\t\t\t\t\t<div class=\"elementor-widget-wrap\">\n\t\t\t\t\t\t<div class=\"elementor-element elementor-element-669e60a elementor-widget elementor-widget-text-editor\" data-id=\"669e60a\" data-element_type=\"widget\" data-widget_type=\"text-editor.default\">\n\t\t\t\t<div class=\"elementor-widget-container\">\n\t\t\t\t\t\t\t\t<div class=\"elementor-text-editor elementor-clearfix\">\n\t\t\t\t<p>Les plans de conception de rayons X panoramiques et de sourires num\u00e9riques (zirconium &#8211; stratifi\u00e9s &#8211; facettes en porcelaine, E-max, collage, blanchiment, gommages, ponts, ajustement de la taille des dents et techniques de mise en forme des l\u00e8vres) vous procurent le sourire dont vous r\u00eavez votre visage et vos dents.<\/p>\n\t\t\t\t\t<\/div>\n\t\t\t\t\t\t<\/div>\n\t\t\t\t<\/div>\n\t\t\t\t\t\t<\/div>\n\t\t\t\t\t<\/div>\n\t\t<\/div>\n\t\t\t\t<div class=\"elementor-column elementor-col-33 elementor-top-column elementor-element elementor-element-1199223\" data-id=\"1199223\" data-element_type=\"column\">\n\t\t\t<div class=\"elementor-column-wrap elementor-element-populated\">\n\t\t\t\t\t\t\t<div class=\"elementor-widget-wrap\">\n\t\t\t\t\t\t<div class=\"elementor-element elementor-element-4e044e1 elementor-widget elementor-widget-text-editor\" data-id=\"4e044e1\" data-element_type=\"widget\" data-widget_type=\"text-editor.default\">\n\t\t\t\t<div class=\"elementor-widget-container\">\n\t\t\t\t\t\t\t\t<div class=\"elementor-text-editor elementor-clearfix\">\n\t\t\t\t<p>Les implants dentaires sont implant\u00e9s chirurgicalement sur l&rsquo;os de la m\u00e2choire, sous les gencives, o\u00f9 ils gu\u00e9rissent avec l&rsquo;os de la m\u00e2choire pendant quelques mois, puis permettent l&rsquo;installation de dents artificielles. Cela fonctionne comme une alternative \u00e0 la racine de la dent manquante et est ce qui se rapproche le plus de l&rsquo;imitation des dents naturelles car il soutient les dents artificielles sans affecter les dents proches et est suffisamment stable.<\/p>\n<p>La plupart des implants dentaires sont fabriqu\u00e9s en titane r\u00e9sistant, ce qui leur permet de s\u2019harmoniser avec les os sans aucune r\u00e9sistance de la part du corps.<\/p>\n<p>Les implants dentaires ont consid\u00e9rablement \u00e9volu\u00e9 au cours des derni\u00e8res ann\u00e9es et le taux de r\u00e9ussite des implants dentaires a d\u00e9pass\u00e9 99%.<\/p>\n\t\t\t\t\t<\/div>\n\t\t\t\t\t\t<\/div>\n\t\t\t\t<\/div>\n\t\t\t\t\t\t<\/div>\n\t\t\t\t\t<\/div>\n\t\t<\/div>\n\t\t\t\t\t\t\t\t<\/div>\n\t\t\t\t\t<\/div>\n\t\t<\/section>\n\t\t\t\t\t\t<\/div>\n\t\t\t\t\t\t<\/div>\n\t\t\t\t\t<\/div>\n\t\t","protected":false},"excerpt":{"rendered":"<p>Sourire d&rsquo;Hollywood Conception de sourire Les Implants Dentaires Sourire d&rsquo;Hollywood Il s\u2019agit d\u2019une proc\u00e9dure dentaire esth\u00e9tique bas\u00e9e sur les facettes dentaires. C\u2019est une fine couche de mat\u00e9riaux color\u00e9s plac\u00e9e sur les dents ant\u00e9rieures. L&rsquo;objectif est de contr\u00f4ler l&rsquo;apparence des dents en termes de forme, de taille et de couleur pour donner un sourire qui simule [&hellip;]<\/p>\n","protected":false},"author":5,"featured_media":0,"parent":0,"menu_order":0,"comment_status":"closed","ping_status":"closed","template":"","meta":{"ngg_post_thumbnail":0},"yst_prominent_words":[],"_links":{"self":[{"href":"https:\/\/www.ademhavva.com.tr\/fr\/wp-json\/wp\/v2\/pages\/12284"}],"collection":[{"href":"https:\/\/www.ademhavva.com.tr\/fr\/wp-json\/wp\/v2\/pages"}],"about":[{"href":"https:\/\/www.ademhavva.com.tr\/fr\/wp-json\/wp\/v2\/types\/page"}],"author":[{"embeddable":true,"href":"https:\/\/www.ademhavva.com.tr\/fr\/wp-json\/wp\/v2\/users\/5"}],"replies":[{"embeddable":true,"href":"https:\/\/www.ademhavva.com.tr\/fr\/wp-json\/wp\/v2\/comments?post=12284"}],"version-history":[{"count":0,"href":"https:\/\/www.ademhavva.com.tr\/fr\/wp-json\/wp\/v2\/pages\/12284\/revisions"}],"wp:attachment":[{"href":"https:\/\/www.ademhavva.com.tr\/fr\/wp-json\/wp\/v2\/media?parent=12284"}],"wp:term":[{"taxonomy":"yst_prominent_words","embeddable":true,"href":"https:\/\/www.ademhavva.com.tr\/fr\/wp-json\/wp\/v2\/yst_prominent_words?post=12284"}],"curies":[{"name":"wp","href":"https:\/\/api.w.org\/{rel}","templated":true}]}}