{"id":13369,"date":"2020-06-01T12:15:14","date_gmt":"2020-06-01T12:15:14","guid":{"rendered":"http:\/\/www.ademhavvaclinic.com\/medizinische-aesthetik\/"},"modified":"2020-06-01T12:15:15","modified_gmt":"2020-06-01T12:15:15","slug":"medizinische-aesthetik","status":"publish","type":"page","link":"https:\/\/www.ademhavva.com.tr\/de\/medizinische-aesthetik\/","title":{"rendered":"Medizinische \u00c4sthetik"},"content":{"rendered":"\t\t<div data-elementor-type=\"wp-post\" data-elementor-id=\"13369\" class=\"elementor elementor-13369 elementor-6948\" data-elementor-settings=\"[]\">\n\t\t\t\t\t\t<div class=\"elementor-inner\">\n\t\t\t\t\t\t\t<div class=\"elementor-section-wrap\">\n\t\t\t\t\t\t\t<section class=\"elementor-section elementor-top-section elementor-element elementor-element-a557d82 elementor-section-boxed elementor-section-height-default elementor-section-height-default default-style\" data-id=\"a557d82\" data-element_type=\"section\" data-settings=\"{&quot;rt_color_sets&quot;:&quot;default-style&quot;}\">\n\t\t\t\t\t\t<div class=\"elementor-container elementor-column-gap-default\">\n\t\t\t\t\t\t\t<div class=\"elementor-row\">\n\t\t\t\t\t<div class=\"elementor-column elementor-col-100 elementor-top-column elementor-element elementor-element-76256ec\" data-id=\"76256ec\" data-element_type=\"column\">\n\t\t\t<div class=\"elementor-column-wrap elementor-element-populated\">\n\t\t\t\t\t\t\t<div class=\"elementor-widget-wrap\">\n\t\t\t\t\t\t<div class=\"elementor-element elementor-element-ea0dd5a elementor-widget-divider--view-line elementor-widget elementor-widget-divider\" data-id=\"ea0dd5a\" data-element_type=\"widget\" data-widget_type=\"divider.default\">\n\t\t\t\t<div class=\"elementor-widget-container\">\n\t\t\t\t\t<div class=\"elementor-divider\">\n\t\t\t<span class=\"elementor-divider-separator\">\n\t\t\t\t\t\t<\/span>\n\t\t<\/div>\n\t\t\t\t<\/div>\n\t\t\t\t<\/div>\n\t\t\t\t\t\t<\/div>\n\t\t\t\t\t<\/div>\n\t\t<\/div>\n\t\t\t\t\t\t\t\t<\/div>\n\t\t\t\t\t<\/div>\n\t\t<\/section>\n\t\t\t\t<section class=\"elementor-section elementor-top-section elementor-element elementor-element-a450fc6 elementor-section-boxed elementor-section-height-default elementor-section-height-default default-style\" data-id=\"a450fc6\" data-element_type=\"section\" data-settings=\"{&quot;rt_color_sets&quot;:&quot;default-style&quot;}\">\n\t\t\t\t\t\t<div class=\"elementor-container elementor-column-gap-default\">\n\t\t\t\t\t\t\t<div class=\"elementor-row\">\n\t\t\t\t\t<div class=\"elementor-column elementor-col-100 elementor-top-column elementor-element elementor-element-0253d9e\" data-id=\"0253d9e\" data-element_type=\"column\">\n\t\t\t<div class=\"elementor-column-wrap elementor-element-populated\">\n\t\t\t\t\t\t\t<div class=\"elementor-widget-wrap\">\n\t\t\t\t\t\t<div class=\"elementor-element elementor-element-b572032 elementor-widget elementor-widget-heading\" data-id=\"b572032\" data-element_type=\"widget\" data-widget_type=\"heading.default\">\n\t\t\t\t<div class=\"elementor-widget-container\">\n\t\t\t<h4 class=\"elementor-heading-title elementor-size-default\">Medizinische \u00c4sthetik<\/h4>\t\t<\/div>\n\t\t\t\t<\/div>\n\t\t\t\t\t\t<\/div>\n\t\t\t\t\t<\/div>\n\t\t<\/div>\n\t\t\t\t\t\t\t\t<\/div>\n\t\t\t\t\t<\/div>\n\t\t<\/section>\n\t\t\t\t<section class=\"elementor-section elementor-top-section elementor-element elementor-element-00fd3bb elementor-section-boxed elementor-section-height-default elementor-section-height-default default-style\" data-id=\"00fd3bb\" data-element_type=\"section\" data-settings=\"{&quot;rt_color_sets&quot;:&quot;default-style&quot;}\">\n\t\t\t\t\t\t<div class=\"elementor-container elementor-column-gap-default\">\n\t\t\t\t\t\t\t<div class=\"elementor-row\">\n\t\t\t\t\t<div class=\"elementor-column elementor-col-100 elementor-top-column elementor-element elementor-element-c5529f2\" data-id=\"c5529f2\" data-element_type=\"column\">\n\t\t\t<div class=\"elementor-column-wrap elementor-element-populated\">\n\t\t\t\t\t\t\t<div class=\"elementor-widget-wrap\">\n\t\t\t\t\t\t<div class=\"elementor-element elementor-element-aab3a28 elementor-widget elementor-widget-image\" data-id=\"aab3a28\" data-element_type=\"widget\" data-widget_type=\"image.default\">\n\t\t\t\t<div class=\"elementor-widget-container\">\n\t\t\t\t\t\t\t\t<div class=\"elementor-image\">\n\t\t\t\t\t\t\t\t\t\t\t\t<img width=\"1430\" height=\"510\" src=\"https:\/\/www.ademhavva.com.tr\/wp-content\/uploads\/2018\/10\/medical.jpg\" class=\"attachment-full size-full\" alt=\"\" loading=\"lazy\" srcset=\"https:\/\/www.ademhavva.com.tr\/wp-content\/uploads\/2018\/10\/medical.jpg 1430w, https:\/\/www.ademhavva.com.tr\/wp-content\/uploads\/2018\/10\/medical-300x107.jpg 300w, https:\/\/www.ademhavva.com.tr\/wp-content\/uploads\/2018\/10\/medical-768x274.jpg 768w, https:\/\/www.ademhavva.com.tr\/wp-content\/uploads\/2018\/10\/medical-1024x365.jpg 1024w, https:\/\/www.ademhavva.com.tr\/wp-content\/uploads\/2018\/10\/medical-715x255.jpg 715w, https:\/\/www.ademhavva.com.tr\/wp-content\/uploads\/2018\/10\/medical-1220x435.jpg 1220w, https:\/\/www.ademhavva.com.tr\/wp-content\/uploads\/2018\/10\/medical-915x326.jpg 915w, https:\/\/www.ademhavva.com.tr\/wp-content\/uploads\/2018\/10\/medical-600x214.jpg 600w, https:\/\/www.ademhavva.com.tr\/wp-content\/uploads\/2018\/10\/medical-393x140.jpg 393w, https:\/\/www.ademhavva.com.tr\/wp-content\/uploads\/2018\/10\/medical-290x103.jpg 290w\" sizes=\"(max-width: 1430px) 100vw, 1430px\" \/>\t\t\t\t\t\t\t\t\t\t\t\t\t\t<\/div>\n\t\t\t\t\t\t<\/div>\n\t\t\t\t<\/div>\n\t\t\t\t\t\t<\/div>\n\t\t\t\t\t<\/div>\n\t\t<\/div>\n\t\t\t\t\t\t\t\t<\/div>\n\t\t\t\t\t<\/div>\n\t\t<\/section>\n\t\t\t\t<section class=\"elementor-section elementor-top-section elementor-element elementor-element-94cee12 elementor-section-boxed elementor-section-height-default elementor-section-height-default default-style\" data-id=\"94cee12\" data-element_type=\"section\" data-settings=\"{&quot;rt_color_sets&quot;:&quot;default-style&quot;}\">\n\t\t\t\t\t\t<div class=\"elementor-container elementor-column-gap-default\">\n\t\t\t\t\t\t\t<div class=\"elementor-row\">\n\t\t\t\t\t<div class=\"elementor-column elementor-col-100 elementor-top-column elementor-element elementor-element-80b4a03\" data-id=\"80b4a03\" data-element_type=\"column\">\n\t\t\t<div class=\"elementor-column-wrap elementor-element-populated\">\n\t\t\t\t\t\t\t<div class=\"elementor-widget-wrap\">\n\t\t\t\t\t\t<div class=\"elementor-element elementor-element-31ef008 elementor-widget elementor-widget-text-editor\" data-id=\"31ef008\" data-element_type=\"widget\" data-widget_type=\"text-editor.default\">\n\t\t\t\t<div class=\"elementor-widget-container\">\n\t\t\t\t\t\t\t\t<div class=\"elementor-text-editor elementor-clearfix\">\n\t\t\t\t<p>Es ist kein Geheimnis. Frauen k\u00f6nnen heute die Zeichen von Hautalterung und Hautsch\u00e4den reduzieren, verhindern oder sogar beseitigen, ohne auf eine Operation zur\u00fcckgreifen zu m\u00fcssen. Tats\u00e4chlich besteht die M\u00f6glichkeit, jemanden zu kennen, der eine nicht-chirurgische \u00e4sthetische Behandlung erhalten hat. wie Injektionen, chemische Peelings, Mikrodermabrasion und Laserbehandlungen f\u00fcr Falten, Gesichtslinien, \u00fcbersch\u00fcssiges Haar, gebrochene Blutgef\u00e4\u00dfe, gro\u00dfe Poren und Aknenarben. Angesichts des zunehmenden Interesses an \u00e4sthetischen Behandlungen ist es wichtig, sich daran zu erinnern, dass es sich um medizinische Behandlungen handelt, und bei allen medizinischen Verfahren &#8211; auch bei kosmetischen &#8211; m\u00fcssen sich Verbraucher \/ Patienten der potenziellen Risiken bewusst sein. Um das Risiko von Komplikationen zu verringern und sicherzustellen, dass Sie die bestm\u00f6glichen Ergebnisse erzielen, ist es wichtig, das richtige Verfahren und die richtigen Produkte zum richtigen Zeitpunkt auszuw\u00e4hlen. Ebenso wichtig ist die Auswahl eines qualifizierten medizinischen Fachpersonals, das f\u00fcr die Verschreibung oder Verabreichung kosmetischer Behandlungen geschult ist und Ihnen helfen kann, eine fundierte Entscheidung zu treffen.<br \/>\nWir bei Adem &amp; Havva k\u00f6nnen die Zeit auf magische Weise zur\u00fcckdrehen und Ihnen mit unseren unvergleichlichen professionellen \u00c4rzten, die nicht nur kompetent und erfahren sind, sondern auch in dieser Hinsicht gro\u00dfen Ruhm erlangt haben, Ihr Leben anatomisch neu gestalten.<br \/>\nMedizinische \u00e4sthetische Behandlungen;<br \/>\n\u2022 Handverj\u00fcngung<br \/>\n\u2022 Nicht chirurgisches Facelifting<br \/>\n\u2022 Botox<br \/>\n\u2022 F\u00fcllstoffe Gesichtsbehandlung<br \/>\n\u2022 F\u00fcllstoffe, die die Augenh\u00f6hle aufhellen<br \/>\n\u2022 F\u00fcllernase (nicht-chirurgische Nasenkorrektur)<br \/>\n\u2022 Grow Factor Hire-Behandlung<br \/>\n\u2022 PRP f\u00fcr Haare<br \/>\n\u2022 PRP f\u00fcr Gesicht<br \/>\n\u2022 Mesotherapie f\u00fcr Haare<br \/>\n\u2022 Mesotherapie f\u00fcr das Gesicht<br \/>\n\u2022 Chemisches Peeling<br \/>\n\u2022 Permanente Lippenkonturierung<br \/>\n\u2022 Permanent Make-up f\u00fcr Augenbrauen<br \/>\n\u2022 Haarstimulation<br \/>\n\u2022 K\u00f6rpermesotherapie<br \/>\n\u2022 Ozontherapie<br \/>\n\u2022 K\u00f6nigin-Therapie<br \/>\n\u2022 Hijama<br \/>\n\u2022 Dermapen<br \/>\n\u2022 Jugendimpfstoff<br \/>\n\u2022 Goldnadel rf<br \/>\n\u2022 Fokus Ultrason<br \/>\n\u2022 Behandlung mit Botox-Migr\u00e4ne<br \/>\n\u2022 Botox-Schwitzen<br \/>\n\u2022 Botox Face Lift voll<br \/>\n\u2022 Botox<br \/>\n\u2022 Lipolyse<br \/>\n\u2022 Ozonlipolyse<br \/>\n\u2022 Glutathiontherapie<br \/>\n\u2022 Lachs-DNA<\/p>\n\t\t\t\t\t<\/div>\n\t\t\t\t\t\t<\/div>\n\t\t\t\t<\/div>\n\t\t\t\t\t\t<\/div>\n\t\t\t\t\t<\/div>\n\t\t<\/div>\n\t\t\t\t\t\t\t\t<\/div>\n\t\t\t\t\t<\/div>\n\t\t<\/section>\n\t\t\t\t\t\t<\/div>\n\t\t\t\t\t\t<\/div>\n\t\t\t\t\t<\/div>\n\t\t","protected":false},"excerpt":{"rendered":"<p>Medizinische \u00c4sthetik Es ist kein Geheimnis. Frauen k\u00f6nnen heute die Zeichen von Hautalterung und Hautsch\u00e4den reduzieren, verhindern oder sogar beseitigen, ohne auf eine Operation zur\u00fcckgreifen zu m\u00fcssen. Tats\u00e4chlich besteht die M\u00f6glichkeit, jemanden zu kennen, der eine nicht-chirurgische \u00e4sthetische Behandlung erhalten hat. wie Injektionen, chemische Peelings, Mikrodermabrasion und Laserbehandlungen f\u00fcr Falten, Gesichtslinien, \u00fcbersch\u00fcssiges Haar, gebrochene Blutgef\u00e4\u00dfe, [&hellip;]<\/p>\n","protected":false},"author":4,"featured_media":0,"parent":0,"menu_order":0,"comment_status":"closed","ping_status":"closed","template":"","meta":{"ngg_post_thumbnail":0},"yst_prominent_words":[],"_links":{"self":[{"href":"https:\/\/www.ademhavva.com.tr\/de\/wp-json\/wp\/v2\/pages\/13369"}],"collection":[{"href":"https:\/\/www.ademhavva.com.tr\/de\/wp-json\/wp\/v2\/pages"}],"about":[{"href":"https:\/\/www.ademhavva.com.tr\/de\/wp-json\/wp\/v2\/types\/page"}],"author":[{"embeddable":true,"href":"https:\/\/www.ademhavva.com.tr\/de\/wp-json\/wp\/v2\/users\/4"}],"replies":[{"embeddable":true,"href":"https:\/\/www.ademhavva.com.tr\/de\/wp-json\/wp\/v2\/comments?post=13369"}],"version-history":[{"count":0,"href":"https:\/\/www.ademhavva.com.tr\/de\/wp-json\/wp\/v2\/pages\/13369\/revisions"}],"wp:attachment":[{"href":"https:\/\/www.ademhavva.com.tr\/de\/wp-json\/wp\/v2\/media?parent=13369"}],"wp:term":[{"taxonomy":"yst_prominent_words","embeddable":true,"href":"https:\/\/www.ademhavva.com.tr\/de\/wp-json\/wp\/v2\/yst_prominent_words?post=13369"}],"curies":[{"name":"wp","href":"https:\/\/api.w.org\/{rel}","templated":true}]}}