{"id":13056,"date":"2020-04-07T22:59:52","date_gmt":"2020-04-07T22:59:52","guid":{"rendered":"https:\/\/www.ademhavvaclinic.com\/die-techniken-der-haartransplantation\/"},"modified":"2020-04-07T22:59:54","modified_gmt":"2020-04-07T22:59:54","slug":"die-techniken-der-haartransplantation","status":"publish","type":"page","link":"https:\/\/www.ademhavva.com.tr\/de\/die-techniken-der-haartransplantation\/","title":{"rendered":"Die Techniken der Haartransplantation"},"content":{"rendered":"\t\t<div data-elementor-type=\"wp-post\" data-elementor-id=\"13056\" class=\"elementor elementor-13056 elementor-12722\" data-elementor-settings=\"[]\">\n\t\t\t\t\t\t<div class=\"elementor-inner\">\n\t\t\t\t\t\t\t<div class=\"elementor-section-wrap\">\n\t\t\t\t\t\t\t<section class=\"elementor-section elementor-top-section elementor-element elementor-element-8044494 elementor-section-boxed elementor-section-height-default elementor-section-height-default default-style\" data-id=\"8044494\" data-element_type=\"section\" data-settings=\"{&quot;rt_color_sets&quot;:&quot;default-style&quot;}\">\n\t\t\t\t\t\t<div class=\"elementor-container elementor-column-gap-default\">\n\t\t\t\t\t\t\t<div class=\"elementor-row\">\n\t\t\t\t\t<div class=\"elementor-column elementor-col-100 elementor-top-column elementor-element elementor-element-2dac506\" data-id=\"2dac506\" data-element_type=\"column\">\n\t\t\t<div class=\"elementor-column-wrap elementor-element-populated\">\n\t\t\t\t\t\t\t<div class=\"elementor-widget-wrap\">\n\t\t\t\t\t\t<div class=\"elementor-element elementor-element-825c785 elementor-widget elementor-widget-heading\" data-id=\"825c785\" data-element_type=\"widget\" data-widget_type=\"heading.default\">\n\t\t\t\t<div class=\"elementor-widget-container\">\n\t\t\t<h2 class=\"elementor-heading-title elementor-size-default\">Die Techniken der Haartransplantation<\/h2>\t\t<\/div>\n\t\t\t\t<\/div>\n\t\t\t\t\t\t<\/div>\n\t\t\t\t\t<\/div>\n\t\t<\/div>\n\t\t\t\t\t\t\t\t<\/div>\n\t\t\t\t\t<\/div>\n\t\t<\/section>\n\t\t\t\t<section class=\"elementor-section elementor-top-section elementor-element elementor-element-2d9d40d elementor-section-boxed elementor-section-height-default elementor-section-height-default default-style\" data-id=\"2d9d40d\" data-element_type=\"section\" data-settings=\"{&quot;rt_color_sets&quot;:&quot;default-style&quot;}\">\n\t\t\t\t\t\t<div class=\"elementor-container elementor-column-gap-default\">\n\t\t\t\t\t\t\t<div class=\"elementor-row\">\n\t\t\t\t\t<div class=\"elementor-column elementor-col-100 elementor-top-column elementor-element elementor-element-9ea6dcb\" data-id=\"9ea6dcb\" data-element_type=\"column\">\n\t\t\t<div class=\"elementor-column-wrap elementor-element-populated\">\n\t\t\t\t\t\t\t<div class=\"elementor-widget-wrap\">\n\t\t\t\t\t\t<div class=\"elementor-element elementor-element-55362af elementor-widget elementor-widget-text-editor\" data-id=\"55362af\" data-element_type=\"widget\" data-widget_type=\"text-editor.default\">\n\t\t\t\t<div class=\"elementor-widget-container\">\n\t\t\t\t\t\t\t\t<div class=\"elementor-text-editor elementor-clearfix\">\n\t\t\t\t<p class=\"Standard\">DIE TECHNIKEN DER HAARTRANSPLANTATION<\/p>\n<p><center><img loading=\"lazy\" src=\"https:\/\/i.imgyukle.com\/2019\/12\/17\/Rl4yTo.jpg\" width=\"300\" height=\"300\" \/><\/center><br \/>\n<strong>\u00a0<\/strong><\/p>\n<ol>\n<li>\n<ol>\n<li>a) FUE Follicular Unit Extraction)<\/li>\n<li>Vorbereitung der Haartransplantation<\/li>\n<\/ol>\n<p>Diese Phase f\u00e4ngt damit an,die Stellen an dem Spenderbereich zu desinfizieren und die stellen zu bet\u00e4uben.Auch wenn dies eine Phase vor der Haartransplantation ist,entscheidet es den Komfort der Operation. Die Lokale An\u00e4sthesie wird mit speziellen Nadeln oder mit hilfe von Apparaten durchgef\u00fchrt.<\/p>\n<p>&nbsp;<\/p>\n<ol start=\"2\">\n<li>Sammeln der Haarfollikeln und sie aus der Kopfhaut trennen<\/li>\n<\/ol>\n<p>&nbsp;<\/p>\n<p>Nach der Bet\u00e4ubung der Haar oder Barttransplantationen ,wird mit einem Mikromotor der eine Zylindrische Nadel hat, die\u00a0 Haarfollikeln einzeln aus der Kopfhaut entnommen. Um ein Gesundes Ergebnis zu erzielen ist es wichtig, dass man bei dieser Prozedur die Harrwurzeln gleichm\u00e4\u00dfig entnimmt und verteilt, damit man auch die Nat\u00fcrlichkeit nicht verliert.<\/p>\n<p>&nbsp;<\/p>\n<p>&nbsp;<\/p>\n<p>3.\u00d6ffnen der Kan\u00e4le<\/p>\n<p>&nbsp;<\/p>\n<p>Das \u00d6ffnen der Kan\u00e4le ist der wichtigste Schritt. Der f\u00fcr ein nat\u00fcrliches Erscheinungsbild in seiner Struktur sorgt. Neben der H\u00e4ufigkeit der implantierten Wurzeln ist es auch wichtig, in welcher Richtung und in welchem Winkel die Haare entnommen wurden, damit die Nat\u00fcrlichkeit beibehalten werden kann.Der Winkel hei\u00dft in diesem Falle,die Vertikale Richtung zur Haut und die betr\u00e4gt 40-45 grad. Was erkl\u00e4rt werden m\u00f6chte ist die Haarwuchs Richtung der Haare. Die nat\u00fcrlichsten Ergebnisse werden erzielt,in dem man diese zwei Punkte beachtet.<\/p>\n<p>&nbsp;<\/p>\n<ol start=\"4\">\n<li>Haarwurzeln Implantieren<\/li>\n<\/ol>\n<p>Die Haarwurzeln die in der oben genannten Methode entnommen wurden ,werden danach eingepflanzt und die Operation wird beendet.In dieser Folge ist es sehr wichtig so wenig wie m\u00f6glich Kontakt zu den Haarwurzeln zu haben, damit sie unbesch\u00e4digt eingepflanzt werden k\u00f6nnen.Die Wurzeln m\u00fcssen nach Typ und Aussehen,an die entsprechende Stellen eingepflanzt werden.<\/p>\n<p>&nbsp;<\/p>\n<ol>\n<li>b) DHI (Direct Hair Implantation)<\/li>\n<\/ol>\n<p>&nbsp;<\/p>\n<p>Der Unterschied zwischen der FUE Methode ist,dass bei der DHI Technik die Haarwurzeln aus dem Spendebereich entnommen werden und an die notwendige stelle mit einem Speziellen Stift (Implanter oder Choi Nadel) ohne Kan\u00e4le zu \u00f6ffnen implantieren. Das bedeutet ,dass zwei Verfahren mit einer absolviert werden.Die Choi Nadel ist d\u00fcnn,zylindrisch und sehr scharf.Die Choi Nadel ist Kanalf\u00f6rmig und somit kann man die Wurzel in die Nadel reinsetzen. Die DHI Methode nennt man auch Choi Methode, es wurde nach den Spezifikationen der Nadel genannt.<\/p>\n<p>&nbsp;<\/p>\n<p>Es ist sehr wichtig,bei disem vorgehen die Wurzeln vorsichtig und mit sorgfalt einzupflanzen.<\/p>\n<p>Die Techniker die den Prozess durchf\u00fchren,geben dem Arzt nach jeder eigepflanzten Wurzel die Nadel mit der neuen Wurzel an.<\/p>\n<p>&nbsp;<\/p>\n<ol start=\"2\">\n<li>Der Arzt implantiert die Wurzeln Optimal mit 40-45 grad, so dass es der nat\u00fcrlichen Haarrwuchsrichtung entspricht.Die richtung der Haare vor der Haartransplantation, ist die nat\u00fcrliche Richtung der Haare<\/li>\n<\/ol>\n<p>&nbsp;<\/p>\n<ol start=\"3\">\n<li>Mit dem Druck des Choi Stiftes und der eingesetzen Wurzel darin ,wird die richtung ermittelt und die Transplantation wird ausgef\u00fchrt.<\/li>\n<\/ol>\n<p>&nbsp;<\/p>\n<p>W\u00e4hrend des Prozesses ,werden 2-6 Choi Stifte und durchschnittlich 15-16 Choi Nadeln verwendet. Je nach Typ und Dicke der Haarwurzeln, k\u00f6nnen die Nadelspitzen unterschiedlich gro\u00df sein.<\/p>\n<p>&nbsp;<\/p>\n<p>&nbsp;<\/p>\n<p>c)Saphir Spitze FUE<\/p>\n<p>&nbsp;<\/p>\n<p>Hergestellt werden die Saphir spitzen aus einem sehr Wertvollen Mineral ,womit die FUE durchgef\u00fchrt wird.\u00a0 Bei der Kanal\u00f6ffnung der Haartransplantation setzt man anstatt eine Metallspitze die Saphirspitze ein. Eigentlich ist die Saphirspitze nicht eine neue Methode, sondern eine Weiterentwicklung der FUE Methode. An die Stellen,an denen die Wurzeln eingepflanzt werden , \u00f6ffnet man mit der Saphirspitze Mikrokan\u00e4le damit die Verkrustung und die Heilung sich beschleunigt. Bei der Saphir FUE Methode wird man unter Lokalan\u00e4sthesie mit einem Mikromotor der einen Durchmesser von 0,6-0,7-0,8 mm hat ,werden die Wurzeln aus dem Spendebereich gesammelt.Die gesammelten Wurzeln werden in die Kan\u00e4le eingepflanzt die mit der Saphirspitze ge\u00f6ffnet wurden. Der Winkel ,die Richtung und die Dichtheit ist entscheidend beim \u00f6ffnen der Kan\u00e4le.Das \u00f6ffnen der Kan\u00e4le ,ist die wichtigste Phase,um eine Erfolgreiche Operation zu absolvieren<\/p>\n<p>&nbsp;<\/p>\n<p>Vorsicht!!!<\/p>\n<p>&nbsp;<\/p>\n<p>Einige Kliniken die Haartransplatationen machen, meinen dass sie vorne an der Haarlinie mit cm\u00b2 angaben 65-75 Wurzeln einpflanzen k\u00f6nnen und behaupten,so eine Nat\u00fcrliche form erzielen zu k\u00f6nnen. So eine Dichtheit der Wurzeln ist weder bei der normalen FUE technik noch mit der Saphirsptize m\u00f6glich. Der Grund daf\u00fcr ist,dass der Winkel und die Richtung der Haare nat\u00fcrlich aussehen m\u00fcssen. Bei dieser Menge von wird es unm\u00f6glich ,die Haare mit nat\u00fcrlichem Winkel und Richtung einzupflanzen.<\/p>\n<p>&nbsp;<\/p>\n<p>&nbsp;<\/p>\n<p>&nbsp;<\/li>\n<\/ol>\n\t\t\t\t\t<\/div>\n\t\t\t\t\t\t<\/div>\n\t\t\t\t<\/div>\n\t\t\t\t\t\t<\/div>\n\t\t\t\t\t<\/div>\n\t\t<\/div>\n\t\t\t\t\t\t\t\t<\/div>\n\t\t\t\t\t<\/div>\n\t\t<\/section>\n\t\t\t\t\t\t<\/div>\n\t\t\t\t\t\t<\/div>\n\t\t\t\t\t<\/div>\n\t\t","protected":false},"excerpt":{"rendered":"<p>Die Techniken der Haartransplantation DIE TECHNIKEN DER HAARTRANSPLANTATION \u00a0 a) FUE Follicular Unit Extraction) Vorbereitung der Haartransplantation Diese Phase f\u00e4ngt damit an,die Stellen an dem Spenderbereich zu desinfizieren und die stellen zu bet\u00e4uben.Auch wenn dies eine Phase vor der Haartransplantation ist,entscheidet es den Komfort der Operation. Die Lokale An\u00e4sthesie wird mit speziellen Nadeln oder mit [&hellip;]<\/p>\n","protected":false},"author":5,"featured_media":0,"parent":0,"menu_order":0,"comment_status":"closed","ping_status":"closed","template":"","meta":{"ngg_post_thumbnail":0},"yst_prominent_words":[],"_links":{"self":[{"href":"https:\/\/www.ademhavva.com.tr\/de\/wp-json\/wp\/v2\/pages\/13056"}],"collection":[{"href":"https:\/\/www.ademhavva.com.tr\/de\/wp-json\/wp\/v2\/pages"}],"about":[{"href":"https:\/\/www.ademhavva.com.tr\/de\/wp-json\/wp\/v2\/types\/page"}],"author":[{"embeddable":true,"href":"https:\/\/www.ademhavva.com.tr\/de\/wp-json\/wp\/v2\/users\/5"}],"replies":[{"embeddable":true,"href":"https:\/\/www.ademhavva.com.tr\/de\/wp-json\/wp\/v2\/comments?post=13056"}],"version-history":[{"count":0,"href":"https:\/\/www.ademhavva.com.tr\/de\/wp-json\/wp\/v2\/pages\/13056\/revisions"}],"wp:attachment":[{"href":"https:\/\/www.ademhavva.com.tr\/de\/wp-json\/wp\/v2\/media?parent=13056"}],"wp:term":[{"taxonomy":"yst_prominent_words","embeddable":true,"href":"https:\/\/www.ademhavva.com.tr\/de\/wp-json\/wp\/v2\/yst_prominent_words?post=13056"}],"curies":[{"name":"wp","href":"https:\/\/api.w.org\/{rel}","templated":true}]}}