{"id":12983,"date":"2020-04-07T22:22:21","date_gmt":"2020-04-07T22:22:21","guid":{"rendered":"https:\/\/www.ademhavvaclinic.com\/zahnaesthetik\/"},"modified":"2020-04-07T22:33:52","modified_gmt":"2020-04-07T22:33:52","slug":"zahnaesthetik","status":"publish","type":"page","link":"https:\/\/www.ademhavva.com.tr\/de\/zahnaesthetik\/","title":{"rendered":"Zahn\u00e4sthetik"},"content":{"rendered":"\t\t<div data-elementor-type=\"wp-post\" data-elementor-id=\"12983\" class=\"elementor elementor-12983 elementor-150 elementor-bc-flex-widget\" data-elementor-settings=\"[]\">\n\t\t\t\t\t\t<div class=\"elementor-inner\">\n\t\t\t\t\t\t\t<div class=\"elementor-section-wrap\">\n\t\t\t\t\t\t\t<section class=\"elementor-section elementor-top-section elementor-element elementor-element-a8e15f1 elementor-section-boxed elementor-section-height-default elementor-section-height-default default-style\" data-id=\"a8e15f1\" data-element_type=\"section\" data-settings=\"{&quot;rt_color_sets&quot;:&quot;default-style&quot;}\">\n\t\t\t\t\t\t<div class=\"elementor-container elementor-column-gap-default\">\n\t\t\t\t\t\t\t<div class=\"elementor-row\">\n\t\t\t\t\t<div class=\"elementor-column elementor-col-100 elementor-top-column elementor-element elementor-element-8e04afe\" data-id=\"8e04afe\" data-element_type=\"column\">\n\t\t\t<div class=\"elementor-column-wrap elementor-element-populated\">\n\t\t\t\t\t\t\t<div class=\"elementor-widget-wrap\">\n\t\t\t\t\t\t<div class=\"elementor-element elementor-element-3bf9604 elementor-widget-divider--view-line elementor-widget elementor-widget-divider\" data-id=\"3bf9604\" data-element_type=\"widget\" data-widget_type=\"divider.default\">\n\t\t\t\t<div class=\"elementor-widget-container\">\n\t\t\t\t\t<div class=\"elementor-divider\">\n\t\t\t<span class=\"elementor-divider-separator\">\n\t\t\t\t\t\t<\/span>\n\t\t<\/div>\n\t\t\t\t<\/div>\n\t\t\t\t<\/div>\n\t\t\t\t\t\t<\/div>\n\t\t\t\t\t<\/div>\n\t\t<\/div>\n\t\t\t\t\t\t\t\t<\/div>\n\t\t\t\t\t<\/div>\n\t\t<\/section>\n\t\t\t\t<section class=\"elementor-section elementor-top-section elementor-element elementor-element-b8f44f4 elementor-section-boxed elementor-section-height-default elementor-section-height-default default-style\" data-id=\"b8f44f4\" data-element_type=\"section\" data-settings=\"{&quot;rt_color_sets&quot;:&quot;default-style&quot;}\">\n\t\t\t\t\t\t<div class=\"elementor-container elementor-column-gap-default\">\n\t\t\t\t\t\t\t<div class=\"elementor-row\">\n\t\t\t\t\t<div class=\"elementor-column elementor-col-33 elementor-top-column elementor-element elementor-element-e3971c3\" data-id=\"e3971c3\" data-element_type=\"column\">\n\t\t\t<div class=\"elementor-column-wrap elementor-element-populated\">\n\t\t\t\t\t\t\t<div class=\"elementor-widget-wrap\">\n\t\t\t\t\t\t<div class=\"elementor-element elementor-element-5f8ea5f elementor-widget elementor-widget-heading\" data-id=\"5f8ea5f\" data-element_type=\"widget\" data-widget_type=\"heading.default\">\n\t\t\t\t<div class=\"elementor-widget-container\">\n\t\t\t<h5 class=\"elementor-heading-title elementor-size-default\">Hollywood L\u00e4cheln<\/h5>\t\t<\/div>\n\t\t\t\t<\/div>\n\t\t\t\t\t\t<\/div>\n\t\t\t\t\t<\/div>\n\t\t<\/div>\n\t\t\t\t<div class=\"elementor-column elementor-col-33 elementor-top-column elementor-element elementor-element-c749f6b\" data-id=\"c749f6b\" data-element_type=\"column\">\n\t\t\t<div class=\"elementor-column-wrap elementor-element-populated\">\n\t\t\t\t\t\t\t<div class=\"elementor-widget-wrap\">\n\t\t\t\t\t\t<div class=\"elementor-element elementor-element-32353a3 elementor-widget elementor-widget-heading\" data-id=\"32353a3\" data-element_type=\"widget\" data-widget_type=\"heading.default\">\n\t\t\t\t<div class=\"elementor-widget-container\">\n\t\t\t<h5 class=\"elementor-heading-title elementor-size-default\">L\u00e4cheln Design<\/h5>\t\t<\/div>\n\t\t\t\t<\/div>\n\t\t\t\t\t\t<\/div>\n\t\t\t\t\t<\/div>\n\t\t<\/div>\n\t\t\t\t<div class=\"elementor-column elementor-col-33 elementor-top-column elementor-element elementor-element-4389145\" data-id=\"4389145\" data-element_type=\"column\">\n\t\t\t<div class=\"elementor-column-wrap elementor-element-populated\">\n\t\t\t\t\t\t\t<div class=\"elementor-widget-wrap\">\n\t\t\t\t\t\t<div class=\"elementor-element elementor-element-d7654cf elementor-widget elementor-widget-heading\" data-id=\"d7654cf\" data-element_type=\"widget\" data-widget_type=\"heading.default\">\n\t\t\t\t<div class=\"elementor-widget-container\">\n\t\t\t<h5 class=\"elementor-heading-title elementor-size-default\">Zahnimplantate<\/h5>\t\t<\/div>\n\t\t\t\t<\/div>\n\t\t\t\t\t\t<\/div>\n\t\t\t\t\t<\/div>\n\t\t<\/div>\n\t\t\t\t\t\t\t\t<\/div>\n\t\t\t\t\t<\/div>\n\t\t<\/section>\n\t\t\t\t<section class=\"elementor-section elementor-top-section elementor-element elementor-element-39e8ce1 elementor-section-boxed elementor-section-height-default elementor-section-height-default default-style\" data-id=\"39e8ce1\" data-element_type=\"section\" data-settings=\"{&quot;rt_color_sets&quot;:&quot;default-style&quot;}\">\n\t\t\t\t\t\t<div class=\"elementor-container elementor-column-gap-default\">\n\t\t\t\t\t\t\t<div class=\"elementor-row\">\n\t\t\t\t\t<div class=\"elementor-column elementor-col-33 elementor-top-column elementor-element elementor-element-5963b1c\" data-id=\"5963b1c\" data-element_type=\"column\">\n\t\t\t<div class=\"elementor-column-wrap elementor-element-populated\">\n\t\t\t\t\t\t\t<div class=\"elementor-widget-wrap\">\n\t\t\t\t\t\t<div class=\"elementor-element elementor-element-9e70e4a elementor-widget elementor-widget-image\" data-id=\"9e70e4a\" data-element_type=\"widget\" data-widget_type=\"image.default\">\n\t\t\t\t<div class=\"elementor-widget-container\">\n\t\t\t\t\t\t\t\t<div class=\"elementor-image\">\n\t\t\t\t\t\t\t\t\t\t\t\t<img width=\"1024\" height=\"470\" src=\"https:\/\/www.ademhavva.com.tr\/wp-content\/uploads\/2018\/10\/holly-1024x470.jpg\" class=\"attachment-large size-large\" alt=\"\" loading=\"lazy\" srcset=\"https:\/\/www.ademhavva.com.tr\/wp-content\/uploads\/2018\/10\/holly-1024x470.jpg 1024w, https:\/\/www.ademhavva.com.tr\/wp-content\/uploads\/2018\/10\/holly-300x138.jpg 300w, https:\/\/www.ademhavva.com.tr\/wp-content\/uploads\/2018\/10\/holly-768x353.jpg 768w, https:\/\/www.ademhavva.com.tr\/wp-content\/uploads\/2018\/10\/holly-715x328.jpg 715w, https:\/\/www.ademhavva.com.tr\/wp-content\/uploads\/2018\/10\/holly-1220x561.jpg 1220w, https:\/\/www.ademhavva.com.tr\/wp-content\/uploads\/2018\/10\/holly-915x420.jpg 915w, https:\/\/www.ademhavva.com.tr\/wp-content\/uploads\/2018\/10\/holly-600x276.jpg 600w, https:\/\/www.ademhavva.com.tr\/wp-content\/uploads\/2018\/10\/holly-393x181.jpg 393w, https:\/\/www.ademhavva.com.tr\/wp-content\/uploads\/2018\/10\/holly-290x133.jpg 290w, https:\/\/www.ademhavva.com.tr\/wp-content\/uploads\/2018\/10\/holly.jpg 1430w\" sizes=\"(max-width: 1024px) 100vw, 1024px\" \/>\t\t\t\t\t\t\t\t\t\t\t\t\t\t<\/div>\n\t\t\t\t\t\t<\/div>\n\t\t\t\t<\/div>\n\t\t\t\t\t\t<\/div>\n\t\t\t\t\t<\/div>\n\t\t<\/div>\n\t\t\t\t<div class=\"elementor-column elementor-col-33 elementor-top-column elementor-element elementor-element-3c39e01\" data-id=\"3c39e01\" data-element_type=\"column\">\n\t\t\t<div class=\"elementor-column-wrap elementor-element-populated\">\n\t\t\t\t\t\t\t<div class=\"elementor-widget-wrap\">\n\t\t\t\t\t\t<div class=\"elementor-element elementor-element-10986b3 elementor-widget elementor-widget-image\" data-id=\"10986b3\" data-element_type=\"widget\" data-widget_type=\"image.default\">\n\t\t\t\t<div class=\"elementor-widget-container\">\n\t\t\t\t\t\t\t\t<div class=\"elementor-image\">\n\t\t\t\t\t\t\t\t\t\t\t\t<img width=\"842\" height=\"562\" src=\"https:\/\/www.ademhavva.com.tr\/wp-content\/uploads\/2018\/10\/hhdhgae8.png\" class=\"attachment-large size-large\" alt=\"\" loading=\"lazy\" srcset=\"https:\/\/www.ademhavva.com.tr\/wp-content\/uploads\/2018\/10\/hhdhgae8.png 842w, https:\/\/www.ademhavva.com.tr\/wp-content\/uploads\/2018\/10\/hhdhgae8-300x200.png 300w, https:\/\/www.ademhavva.com.tr\/wp-content\/uploads\/2018\/10\/hhdhgae8-768x513.png 768w, https:\/\/www.ademhavva.com.tr\/wp-content\/uploads\/2018\/10\/hhdhgae8-421x281.png 421w, https:\/\/www.ademhavva.com.tr\/wp-content\/uploads\/2018\/10\/hhdhgae8-600x400.png 600w, https:\/\/www.ademhavva.com.tr\/wp-content\/uploads\/2018\/10\/hhdhgae8-393x262.png 393w, https:\/\/www.ademhavva.com.tr\/wp-content\/uploads\/2018\/10\/hhdhgae8-290x194.png 290w\" sizes=\"(max-width: 842px) 100vw, 842px\" \/>\t\t\t\t\t\t\t\t\t\t\t\t\t\t<\/div>\n\t\t\t\t\t\t<\/div>\n\t\t\t\t<\/div>\n\t\t\t\t\t\t<\/div>\n\t\t\t\t\t<\/div>\n\t\t<\/div>\n\t\t\t\t<div class=\"elementor-column elementor-col-33 elementor-top-column elementor-element elementor-element-7ae068c\" data-id=\"7ae068c\" data-element_type=\"column\">\n\t\t\t<div class=\"elementor-column-wrap elementor-element-populated\">\n\t\t\t\t\t\t\t<div class=\"elementor-widget-wrap\">\n\t\t\t\t\t\t<div class=\"elementor-element elementor-element-b85216b elementor-widget elementor-widget-image\" data-id=\"b85216b\" data-element_type=\"widget\" data-widget_type=\"image.default\">\n\t\t\t\t<div class=\"elementor-widget-container\">\n\t\t\t\t\t\t\t\t<div class=\"elementor-image\">\n\t\t\t\t\t\t\t\t\t\t\t\t<img width=\"1024\" height=\"470\" src=\"https:\/\/www.ademhavva.com.tr\/wp-content\/uploads\/2018\/10\/impl-1024x470.jpg\" class=\"attachment-large size-large\" alt=\"\" loading=\"lazy\" srcset=\"https:\/\/www.ademhavva.com.tr\/wp-content\/uploads\/2018\/10\/impl-1024x470.jpg 1024w, https:\/\/www.ademhavva.com.tr\/wp-content\/uploads\/2018\/10\/impl-300x138.jpg 300w, https:\/\/www.ademhavva.com.tr\/wp-content\/uploads\/2018\/10\/impl-768x353.jpg 768w, https:\/\/www.ademhavva.com.tr\/wp-content\/uploads\/2018\/10\/impl-715x328.jpg 715w, https:\/\/www.ademhavva.com.tr\/wp-content\/uploads\/2018\/10\/impl-1220x561.jpg 1220w, https:\/\/www.ademhavva.com.tr\/wp-content\/uploads\/2018\/10\/impl-915x420.jpg 915w, https:\/\/www.ademhavva.com.tr\/wp-content\/uploads\/2018\/10\/impl-600x276.jpg 600w, https:\/\/www.ademhavva.com.tr\/wp-content\/uploads\/2018\/10\/impl-393x181.jpg 393w, https:\/\/www.ademhavva.com.tr\/wp-content\/uploads\/2018\/10\/impl-290x133.jpg 290w, https:\/\/www.ademhavva.com.tr\/wp-content\/uploads\/2018\/10\/impl.jpg 1430w\" sizes=\"(max-width: 1024px) 100vw, 1024px\" \/>\t\t\t\t\t\t\t\t\t\t\t\t\t\t<\/div>\n\t\t\t\t\t\t<\/div>\n\t\t\t\t<\/div>\n\t\t\t\t\t\t<\/div>\n\t\t\t\t\t<\/div>\n\t\t<\/div>\n\t\t\t\t\t\t\t\t<\/div>\n\t\t\t\t\t<\/div>\n\t\t<\/section>\n\t\t\t\t<section class=\"elementor-section elementor-top-section elementor-element elementor-element-f2d498b elementor-section-boxed elementor-section-height-default elementor-section-height-default default-style\" data-id=\"f2d498b\" data-element_type=\"section\" data-settings=\"{&quot;rt_color_sets&quot;:&quot;default-style&quot;}\">\n\t\t\t\t\t\t<div class=\"elementor-container elementor-column-gap-default\">\n\t\t\t\t\t\t\t<div class=\"elementor-row\">\n\t\t\t\t\t<div class=\"elementor-column elementor-col-33 elementor-top-column elementor-element elementor-element-1c151e6\" data-id=\"1c151e6\" data-element_type=\"column\">\n\t\t\t<div class=\"elementor-column-wrap elementor-element-populated\">\n\t\t\t\t\t\t\t<div class=\"elementor-widget-wrap\">\n\t\t\t\t\t\t<div class=\"elementor-element elementor-element-ba86373 elementor-widget elementor-widget-text-editor\" data-id=\"ba86373\" data-element_type=\"widget\" data-widget_type=\"text-editor.default\">\n\t\t\t\t<div class=\"elementor-widget-container\">\n\t\t\t\t\t\t\t\t<div class=\"elementor-text-editor elementor-clearfix\">\n\t\t\t\t<p>Zahnbeschichtung ist das Aufbringen von \u00e4sthetischen Z\u00e4hnen mit einer d\u00fcnnen und farbigen Materialschicht auf den Vorderz\u00e4hnen. Ziel ist es, die Form, Gr\u00f6\u00dfe und Farbe der Z\u00e4hne zu kontrollieren, um ein L\u00e4cheln zu erzeugen, das das L\u00e4cheln von Prominenten und K\u00fcnstlern simuliert, und um ein v\u00f6llig nat\u00fcrliches Aussehen und schillernde Ergebnisse zu erzielen. Die Vorteile der Beschichtung sind, dass sie leicht zu w\u00e4hlen ist, einfach aufzutragen ist und ein voll nat\u00fcrliches Aussehen verleiht. Die Ergebnisse sind beeindruckend.<\/p>\n<p>&nbsp;<\/p>\n<p>Diese Methode behebt normalerweise Probleme bei Patienten mit Rissen, Hohlr\u00e4umen, abnormalen Verf\u00e4rbungen oder abgenutzten Z\u00e4hnen. Porzellan ist die haltbarste, effektivste und langlebigste L\u00f6sung, die die Farbe der umgebenden Z\u00e4hne imitiert. Das Porzellan hat einzigartige Eigenschaften beim Einfangen und Umkehren des Lichts, \u00e4hnlich wie nat\u00fcrlicher Zahnschmelz.<\/p>\n<p>&nbsp;<\/p>\n<p>&nbsp;<\/p>\n<p>&nbsp;<\/p>\n<p>Lumineers ist eine spezielle Art von Keramik, die d\u00fcnner als normales Porzellan ist. Bei der Vorbereitung der Z\u00e4hne f\u00fcr die Operation ist kein Piercing erforderlich. Porzellan hat alle M\u00f6glichkeiten und ist bekannt f\u00fcr seine hervorragenden Ergebnisse. Es hat eine hohe Haltbarkeit.<\/p>\n<p>&nbsp;<\/p>\n<p>&nbsp;<\/p>\n<p>Zirkonium ist ideal f\u00fcr Patienten mit stark besch\u00e4digten Z\u00e4hnen und st\u00e4rker als herk\u00f6mmliche Keramikl\u00f6sungen. Es kann verwendet werden, um die Struktur besch\u00e4digter Z\u00e4hne zu ver\u00e4ndern. Die E-Max Zahnbeschichtung ist ein Material, mit dem Ihre Kronenz\u00e4hne nat\u00fcrlich aussehen und Ihnen ein wunderbares L\u00e4cheln verleihen.<\/p>\n<p>&nbsp;<\/p>\n\t\t\t\t\t<\/div>\n\t\t\t\t\t\t<\/div>\n\t\t\t\t<\/div>\n\t\t\t\t\t\t<\/div>\n\t\t\t\t\t<\/div>\n\t\t<\/div>\n\t\t\t\t<div class=\"elementor-column elementor-col-33 elementor-top-column elementor-element elementor-element-0bf8221\" data-id=\"0bf8221\" data-element_type=\"column\">\n\t\t\t<div class=\"elementor-column-wrap elementor-element-populated\">\n\t\t\t\t\t\t\t<div class=\"elementor-widget-wrap\">\n\t\t\t\t\t\t<div class=\"elementor-element elementor-element-669e60a elementor-widget elementor-widget-text-editor\" data-id=\"669e60a\" data-element_type=\"widget\" data-widget_type=\"text-editor.default\">\n\t\t\t\t<div class=\"elementor-widget-container\">\n\t\t\t\t\t\t\t\t<div class=\"elementor-text-editor elementor-clearfix\">\n\t\t\t\t<p>Es ist der Prozess, eine L\u00e4chelnform bereitzustellen, die Sie im Traum auf Ihrem Gesicht haben m\u00f6chten, und indem Sie eine Designplanung mit Panorama-R\u00f6ntgen- und digitaler L\u00e4chelnmethode durchf\u00fchren. Zirkonium-Laminat-Porzellan-Beschichtungen, E-Max, Kleben, Bleichen, Zahnfleischanwendungen, Br\u00fccken, Zahngr\u00f6\u00dfenanpassung und Lippenformungstechniken sind die Hauptfunktionen des L\u00e4cheln-Designs.<\/p>\n<p>&nbsp;<\/p>\n\t\t\t\t\t<\/div>\n\t\t\t\t\t\t<\/div>\n\t\t\t\t<\/div>\n\t\t\t\t\t\t<\/div>\n\t\t\t\t\t<\/div>\n\t\t<\/div>\n\t\t\t\t<div class=\"elementor-column elementor-col-33 elementor-top-column elementor-element elementor-element-1199223\" data-id=\"1199223\" data-element_type=\"column\">\n\t\t\t<div class=\"elementor-column-wrap elementor-element-populated\">\n\t\t\t\t\t\t\t<div class=\"elementor-widget-wrap\">\n\t\t\t\t\t\t<div class=\"elementor-element elementor-element-4e044e1 elementor-widget elementor-widget-text-editor\" data-id=\"4e044e1\" data-element_type=\"widget\" data-widget_type=\"text-editor.default\">\n\t\t\t\t<div class=\"elementor-widget-container\">\n\t\t\t\t\t\t\t\t<div class=\"elementor-text-editor elementor-clearfix\">\n\t\t\t\t<p>Zahnimplantate werden chirurgisch in den Kieferknochen unter dem Zahnfleisch implantiert, wo sie in wenigen Monaten mit dem Kieferknochen verschmelzen und dann die Herstellung k\u00fcnstlicher Z\u00e4hne erm\u00f6glichen. Es wird als Alternative zur fehlenden Zahnwurzel hergestellt und ist die Methode, die der Nachahmung nat\u00fcrlicher Z\u00e4hne am n\u00e4chsten kommt. Der Grund daf\u00fcr ist, dass die k\u00fcnstlichen Z\u00e4hne stabil hinzugef\u00fcgt werden k\u00f6nnen, ohne dass sich dies negativ auf die Z\u00e4hne in der N\u00e4he auswirkt.<br \/>\nViele Zahnimplantate bestehen aus starkem Titan, sodass sie ohne Widerstand im K\u00f6rper mit Knochen kompatibel sind. Zahnimplantate haben sich in den letzten Jahren erheblich verbessert und die Erfolgsrate dieser Implantate hat 99% \u00fcberschritten.<\/p>\n\t\t\t\t\t<\/div>\n\t\t\t\t\t\t<\/div>\n\t\t\t\t<\/div>\n\t\t\t\t\t\t<\/div>\n\t\t\t\t\t<\/div>\n\t\t<\/div>\n\t\t\t\t\t\t\t\t<\/div>\n\t\t\t\t\t<\/div>\n\t\t<\/section>\n\t\t\t\t\t\t<\/div>\n\t\t\t\t\t\t<\/div>\n\t\t\t\t\t<\/div>\n\t\t","protected":false},"excerpt":{"rendered":"<p>Hollywood L\u00e4cheln L\u00e4cheln Design Zahnimplantate Zahnbeschichtung ist das Aufbringen von \u00e4sthetischen Z\u00e4hnen mit einer d\u00fcnnen und farbigen Materialschicht auf den Vorderz\u00e4hnen. Ziel ist es, die Form, Gr\u00f6\u00dfe und Farbe der Z\u00e4hne zu kontrollieren, um ein L\u00e4cheln zu erzeugen, das das L\u00e4cheln von Prominenten und K\u00fcnstlern simuliert, und um ein v\u00f6llig nat\u00fcrliches Aussehen und schillernde Ergebnisse [&hellip;]<\/p>\n","protected":false},"author":5,"featured_media":0,"parent":0,"menu_order":0,"comment_status":"closed","ping_status":"closed","template":"","meta":{"ngg_post_thumbnail":0},"yst_prominent_words":[],"_links":{"self":[{"href":"https:\/\/www.ademhavva.com.tr\/de\/wp-json\/wp\/v2\/pages\/12983"}],"collection":[{"href":"https:\/\/www.ademhavva.com.tr\/de\/wp-json\/wp\/v2\/pages"}],"about":[{"href":"https:\/\/www.ademhavva.com.tr\/de\/wp-json\/wp\/v2\/types\/page"}],"author":[{"embeddable":true,"href":"https:\/\/www.ademhavva.com.tr\/de\/wp-json\/wp\/v2\/users\/5"}],"replies":[{"embeddable":true,"href":"https:\/\/www.ademhavva.com.tr\/de\/wp-json\/wp\/v2\/comments?post=12983"}],"version-history":[{"count":0,"href":"https:\/\/www.ademhavva.com.tr\/de\/wp-json\/wp\/v2\/pages\/12983\/revisions"}],"wp:attachment":[{"href":"https:\/\/www.ademhavva.com.tr\/de\/wp-json\/wp\/v2\/media?parent=12983"}],"wp:term":[{"taxonomy":"yst_prominent_words","embeddable":true,"href":"https:\/\/www.ademhavva.com.tr\/de\/wp-json\/wp\/v2\/yst_prominent_words?post=12983"}],"curies":[{"name":"wp","href":"https:\/\/api.w.org\/{rel}","templated":true}]}}